{"id":306370,"date":"2024-09-16T10:09:08","date_gmt":"2024-09-16T09:09:08","guid":{"rendered":"https:\/\/pth.2fcom.me\/produkte\/kunststoffprofile\/zubehoerteile-fuer-beleuchtungsprofile\/"},"modified":"2025-10-14T14:25:16","modified_gmt":"2025-10-14T13:25:16","slug":"zubehoerteile-fuer-beleuchtungsprofile","status":"publish","type":"page","link":"https:\/\/www.pth-group.com\/de\/produkte\/kunststoffprofile\/zubehoerteile-fuer-beleuchtungsprofile\/","title":{"rendered":"Zubeh\u00f6rteile f\u00fcr Beleuchtungsprofile"},"content":{"rendered":"<p>[et_pb_section fb_built=&#8220;1&#8243; _builder_version=&#8220;4.27.0&#8243; _module_preset=&#8220;default&#8220; background_enable_color=&#8220;off&#8220; width=&#8220;100%&#8220; custom_padding=&#8220;||||false|false&#8220; collapsed=&#8220;off&#8220; global_colors_info=&#8220;{}&#8220;][et_pb_row column_structure=&#8220;1_2,1_2&#8243; make_equal=&#8220;on&#8220; _builder_version=&#8220;4.27.0&#8243; _module_preset=&#8220;default&#8220; width=&#8220;100%&#8220; custom_padding=&#8220;0px||||false|false&#8220; custom_css_main_element=&#8220;align-items: center;&#8220; global_colors_info=&#8220;{}&#8220;][et_pb_column type=&#8220;1_2&#8243; _builder_version=&#8220;4.25.1&#8243; _module_preset=&#8220;default&#8220; global_colors_info=&#8220;{}&#8220;][et_pb_text _builder_version=&#8220;4.27.0&#8243; _module_preset=&#8220;default&#8220; global_colors_info=&#8220;{}&#8220;]<\/p>\n<p><iframe title=\"YouTube video player\" src=\"https:\/\/www.youtube.com\/embed\/8HX2LKg2WGQ?rel=0\" width=\"560\" height=\"315\" frameborder=\"0\" allowfullscreen=\"allowfullscreen\"><\/iframe><\/p>\n<p>[\/et_pb_text][\/et_pb_column][et_pb_column type=&#8220;1_2&#8243; _builder_version=&#8220;4.27.0&#8243; _module_preset=&#8220;default&#8220; global_colors_info=&#8220;{}&#8220;][et_pb_text _builder_version=&#8220;4.27.0&#8243; _module_preset=&#8220;default&#8220; global_colors_info=&#8220;{}&#8220;]<\/p>\n<p>PTH Group bietet eine breite Palette an Zubeh\u00f6r f\u00fcr <a href=\"https:\/\/www.pth-group.com\/de\/produkte\/kunststoffprofile\/aluminiumprofile-fuer-led\/\" target=\"_blank\" rel=\"noopener\"><br \/>\n  <strong>Aluminiumprofile<\/strong><br \/>\n<\/a>, die entwickelt wurden, um Ihre Beleuchtungsprojekte zu vervollst\u00e4ndigen und zu optimieren. Unsere Auswahl umfasst Befestigungswinkel und Abdeckkappen, unverzichtbare Elemente, die maximale Funktionalit\u00e4t und ein makelloses Finish Ihrer extrudierten Profile gew\u00e4hrleisten. <\/p>\n<p>[\/et_pb_text][\/et_pb_column][\/et_pb_row][\/et_pb_section][et_pb_section fb_built=&#8220;1&#8243; _builder_version=&#8220;4.27.0&#8243; _module_preset=&#8220;default&#8220; custom_padding=&#8220;0px||0px||false|false&#8220; collapsed=&#8220;off&#8220; global_colors_info=&#8220;{}&#8220;][et_pb_row _builder_version=&#8220;4.25.1&#8243; _module_preset=&#8220;default&#8220; width=&#8220;100%&#8220; custom_padding=&#8220;0px||||false|false&#8220; global_colors_info=&#8220;{}&#8220;][et_pb_column type=&#8220;4_4&#8243; _builder_version=&#8220;4.25.1&#8243; _module_preset=&#8220;default&#8220; global_colors_info=&#8220;{}&#8220;][et_pb_heading title=&#8220;Verf\u00fcgbare Muster&#8220; _builder_version=&#8220;4.27.0&#8243; _module_preset=&#8220;default&#8220; title_level=&#8220;h3&#8243; title_font=&#8220;|700|||||||&#8220; global_colors_info=&#8220;{}&#8220;][\/et_pb_heading][et_pb_text _builder_version=&#8220;4.25.2&#8243; _module_preset=&#8220;default&#8220; global_colors_info=&#8220;{}&#8220;]<\/p>\n<p>Um Ihnen bei der Auswahl der besten L\u00f6sung f\u00fcr Ihre Bed\u00fcrfnisse zu helfen, bieten wir auf Anfrage Muster unserer Profile an. So k\u00f6nnen Sie die verf\u00fcgbaren Eigenschaften und Oberfl\u00e4chen direkt bewerten und sicherstellen, dass Sie das perfekte Profil f\u00fcr Ihr Projekt ausw\u00e4hlen. <\/p>\n<p>[\/et_pb_text][et_pb_heading title=&#8220;Befestigungswinkel&#8220; _builder_version=&#8220;4.27.0&#8243; _module_preset=&#8220;default&#8220; title_level=&#8220;h3&#8243; title_font=&#8220;|700|||||||&#8220; custom_margin=&#8220;||||false|false&#8220; global_colors_info=&#8220;{}&#8220;][\/et_pb_heading][et_pb_text _builder_version=&#8220;4.27.0&#8243; _module_preset=&#8220;default&#8220; global_colors_info=&#8220;{}&#8220;]<\/p>\n<p>Unsere Befestigungswinkel sind so konzipiert, dass sie Stabilit\u00e4t und Sicherheit bei der Installation von Aluminiumprofilen bieten. Hergestellt aus hochwertigen Materialien, gew\u00e4hrleisten sie eine solide und langlebige Montage und passen sich perfekt an verschiedene Profiltypen an. <\/p>\n<p>[\/et_pb_text][et_pb_heading title=&#8220;Abdeckkappen&#8220; _builder_version=&#8220;4.27.0&#8243; _module_preset=&#8220;default&#8220; title_level=&#8220;h3&#8243; title_font=&#8220;|700|||||||&#8220; global_colors_info=&#8220;{}&#8220;][\/et_pb_heading][et_pb_text _builder_version=&#8220;4.27.0&#8243; _module_preset=&#8220;default&#8220; global_colors_info=&#8220;{}&#8220;]<\/p>\n<p>Die von PTH Group angebotenen Abdeckkappen sind ideal, um Profile elegant und professionell abzuschlie\u00dfen. Diese Zubeh\u00f6rteile tragen nicht nur zur Verbesserung der \u00c4sthetik des Endprodukts bei, sondern sch\u00fctzen auch die Profile vor \u00e4u\u00dferen Einfl\u00fcssen, wodurch eine l\u00e4ngere Haltbarkeit gew\u00e4hrleistet wird. <\/p>\n<p>[\/et_pb_text][et_pb_heading title=&#8220;Qualit\u00e4t und Anpassung&#8220; _builder_version=&#8220;4.27.0&#8243; _module_preset=&#8220;default&#8220; title_level=&#8220;h3&#8243; title_font=&#8220;|700|||||||&#8220; global_colors_info=&#8220;{}&#8220;][\/et_pb_heading][et_pb_text _builder_version=&#8220;4.27.0&#8243; _module_preset=&#8220;default&#8220; global_colors_info=&#8220;{}&#8220;]<\/p>\n<p>Alle unsere Zubeh\u00f6rteile sind aus strapazierf\u00e4higen Materialien gefertigt und f\u00fcr eine lange Lebensdauer ausgelegt, um Qualit\u00e4t und Zuverl\u00e4ssigkeit zu gew\u00e4hrleisten. Muster sind auf Anfrage erh\u00e4ltlich, damit Sie deren Eignung f\u00fcr Ihre spezifischen Projekte beurteilen k\u00f6nnen. <\/p>\n<p>[\/et_pb_text][et_pb_button button_url=&#8220;#catalogo&#8220; button_text=&#8220;Schauen Sie den Katalog an&#8220; button_alignment=&#8220;left&#8220; _builder_version=&#8220;4.25.2&#8243; _module_preset=&#8220;default&#8220; custom_button=&#8220;on&#8220; button_text_size=&#8220;14px&#8220; button_text_color=&#8220;#000000&#8243; button_bg_color=&#8220;#EBECED&#8220; button_border_width=&#8220;2px&#8220; button_border_color=&#8220;rgba(0,0,0,0.52)&#8220; button_border_radius=&#8220;20px&#8220; button_font=&#8220;|300||on|||||&#8220; button_icon=&#8220;&#x22;||divi||400&#8243; button_icon_color=&#8220;#000000&#8243; button_icon_placement=&#8220;left&#8220; button_on_hover=&#8220;off&#8220; position_origin_a=&#8220;bottom_center&#8220; vertical_offset=&#8220;20px&#8220; global_module=&#8220;284728&#8243; saved_tabs=&#8220;all&#8220; global_colors_info=&#8220;{}&#8220;][\/et_pb_button][\/et_pb_column][\/et_pb_row][\/et_pb_section][et_pb_section fb_built=&#8220;1&#8243; module_id=&#8220;catalogo&#8220; _builder_version=&#8220;4.25.1&#8243; _module_preset=&#8220;default&#8220; custom_padding=&#8220;0px||0px||false|false&#8220; saved_tabs=&#8220;all&#8220; global_colors_info=&#8220;{}&#8220;][et_pb_row _builder_version=&#8220;4.25.1&#8243; _module_preset=&#8220;default&#8220; width=&#8220;100%&#8220; global_colors_info=&#8220;{}&#8220;][et_pb_column type=&#8220;4_4&#8243; _builder_version=&#8220;4.25.1&#8243; _module_preset=&#8220;default&#8220; global_colors_info=&#8220;{}&#8220;][et_pb_heading title=&#8220;@ET-DC@eyJkeW5hbWljIjp0cnVlLCJjb250ZW50IjoiY3VzdG9tX21ldGFfdGl0b2xvX2NhdGFsb2dvX3BhZ2luYV9zaW5nb2xpX3Byb2ZpbGkiLCJzZXR0aW5ncyI6eyJiZWZvcmUiOiIiLCJhZnRlciI6IiIsImVuYWJsZV9odG1sIjoib2ZmIn19@&#8220; _builder_version=&#8220;4.25.1&#8243; _dynamic_attributes=&#8220;title&#8220; _module_preset=&#8220;default&#8220; title_level=&#8220;h2&#8243; title_font=&#8220;|700|||||||&#8220; title_text_align=&#8220;center&#8220; global_colors_info=&#8220;{}&#8220;][\/et_pb_heading][\/et_pb_column][\/et_pb_row][et_pb_row _builder_version=&#8220;4.25.1&#8243; _module_preset=&#8220;default&#8220; width=&#8220;100%&#8220; global_colors_info=&#8220;{}&#8220;][et_pb_column type=&#8220;4_4&#8243; _builder_version=&#8220;4.25.1&#8243; _module_preset=&#8220;default&#8220; global_colors_info=&#8220;{}&#8220;][et_pb_portfolio fullwidth=&#8220;off&#8220; posts_number=&#8220;100&#8243; include_categories=&#8220;45&#8243; _builder_version=&#8220;4.27.0&#8243; _module_preset=&#8220;default&#8220; box_shadow_style_image=&#8220;preset3&#8243; box_shadow_vertical_image=&#8220;5px&#8220; box_shadow_blur_image=&#8220;10px&#8220; global_colors_info=&#8220;{}&#8220;][\/et_pb_portfolio][\/et_pb_column][\/et_pb_row][\/et_pb_section]<\/p>\n","protected":false},"excerpt":{"rendered":"<p>PTH Group bietet eine breite Palette an Zubeh\u00f6r f\u00fcr Aluminiumprofile , die entwickelt wurden, um Ihre Beleuchtungsprojekte zu vervollst\u00e4ndigen und zu optimieren. Unsere Auswahl umfasst Befestigungswinkel und Abdeckkappen, unverzichtbare Elemente, die maximale Funktionalit\u00e4t und ein makelloses Finish Ihrer extrudierten Profile gew\u00e4hrleisten. Um Ihnen bei der Auswahl der besten L\u00f6sung f\u00fcr Ihre Bed\u00fcrfnisse zu helfen, bieten wir auf Anfrage Muster unserer Profile an. So k\u00f6nnen Sie die verf\u00fcgbaren Eigenschaften und Oberfl\u00e4chen direkt bewerten und sicherstellen, dass Sie das perfekte Profil f\u00fcr Ihr Projekt ausw\u00e4hlen. Unsere Befestigungswinkel sind so konzipiert, dass sie Stabilit\u00e4t und Sicherheit bei der Installation von Aluminiumprofilen bieten. Hergestellt aus hochwertigen Materialien, gew\u00e4hrleisten sie eine solide und langlebige Montage und passen sich perfekt an verschiedene Profiltypen an. Die von PTH Group angebotenen Abdeckkappen sind ideal, um Profile elegant und professionell abzuschlie\u00dfen. Diese Zubeh\u00f6rteile tragen nicht nur zur Verbesserung der \u00c4sthetik des Endprodukts bei, sondern sch\u00fctzen auch die Profile vor \u00e4u\u00dferen Einfl\u00fcssen, wodurch eine l\u00e4ngere Haltbarkeit gew\u00e4hrleistet wird. Alle unsere Zubeh\u00f6rteile sind aus strapazierf\u00e4higen Materialien gefertigt und f\u00fcr eine lange Lebensdauer ausgelegt, um Qualit\u00e4t und Zuverl\u00e4ssigkeit zu gew\u00e4hrleisten. Muster sind auf Anfrage erh\u00e4ltlich, damit Sie deren Eignung f\u00fcr Ihre spezifischen Projekte beurteilen k\u00f6nnen.<\/p>\n","protected":false},"author":1,"featured_media":0,"parent":306028,"menu_order":0,"comment_status":"closed","ping_status":"closed","template":"","meta":{"_acf_changed":false,"_et_pb_use_builder":"on","_et_pb_old_content":"","_et_gb_content_width":"","footnotes":""},"class_list":["post-306370","page","type-page","status-publish","hentry"],"acf":[],"_links":{"self":[{"href":"https:\/\/www.pth-group.com\/de\/wp-json\/wp\/v2\/pages\/306370","targetHints":{"allow":["GET"]}}],"collection":[{"href":"https:\/\/www.pth-group.com\/de\/wp-json\/wp\/v2\/pages"}],"about":[{"href":"https:\/\/www.pth-group.com\/de\/wp-json\/wp\/v2\/types\/page"}],"author":[{"embeddable":true,"href":"https:\/\/www.pth-group.com\/de\/wp-json\/wp\/v2\/users\/1"}],"replies":[{"embeddable":true,"href":"https:\/\/www.pth-group.com\/de\/wp-json\/wp\/v2\/comments?post=306370"}],"version-history":[{"count":0,"href":"https:\/\/www.pth-group.com\/de\/wp-json\/wp\/v2\/pages\/306370\/revisions"}],"up":[{"embeddable":true,"href":"https:\/\/www.pth-group.com\/de\/wp-json\/wp\/v2\/pages\/306028"}],"wp:attachment":[{"href":"https:\/\/www.pth-group.com\/de\/wp-json\/wp\/v2\/media?parent=306370"}],"curies":[{"name":"wp","href":"https:\/\/api.w.org\/{rel}","templated":true}]}}