{"id":309473,"date":"2024-05-21T08:33:21","date_gmt":"2024-05-21T07:33:21","guid":{"rendered":"https:\/\/pth.2fcom.me\/produkte\/kunststoffprofile\/aluminiumprofile-fuer-led\/"},"modified":"2026-01-22T18:41:23","modified_gmt":"2026-01-22T17:41:23","slug":"aluminiumprofile-fuer-led","status":"publish","type":"page","link":"https:\/\/www.pth-group.com\/de\/produkte\/kunststoffprofile\/aluminiumprofile-fuer-led\/","title":{"rendered":"Aluminiumprofile f\u00fcr LED"},"content":{"rendered":"<p>[et_pb_section fb_built=&#8220;1&#8243; _builder_version=&#8220;4.27.0&#8243; _module_preset=&#8220;default&#8220; background_enable_color=&#8220;off&#8220; width=&#8220;100%&#8220; custom_padding=&#8220;||||false|false&#8220; collapsed=&#8220;off&#8220; global_colors_info=&#8220;{}&#8220;][et_pb_row column_structure=&#8220;1_2,1_2&#8243; make_equal=&#8220;on&#8220; _builder_version=&#8220;4.27.0&#8243; _module_preset=&#8220;default&#8220; width=&#8220;100%&#8220; custom_padding=&#8220;0px||||false|false&#8220; custom_css_main_element=&#8220;align-items: center;&#8220; global_colors_info=&#8220;{}&#8220;][et_pb_column type=&#8220;1_2&#8243; _builder_version=&#8220;4.25.1&#8243; _module_preset=&#8220;default&#8220; global_colors_info=&#8220;{}&#8220;][et_pb_code _builder_version=&#8220;4.27.5&#8243; _module_preset=&#8220;default&#8220; hover_enabled=&#8220;0&#8243; global_colors_info=&#8220;{}&#8220; sticky_enabled=&#8220;0&#8243;]<iframe width=\"560\" height=\"315\" src=\"https:\/\/www.youtube.com\/embed\/zKVqyEBBmac?si=lOwXuE9LcwBKzrRK&amp;rel=0\" title=\"YouTube video player\" frameborder=\"0\" allow=\"accelerometer; autoplay; clipboard-write; encrypted-media; gyroscope; picture-in-picture; web-share\" referrerpolicy=\"strict-origin-when-cross-origin\" allowfullscreen=\"\"><\/iframe>[\/et_pb_code][\/et_pb_column][et_pb_column type=&#8220;1_2&#8243; _builder_version=&#8220;4.27.0&#8243; _module_preset=&#8220;default&#8220; global_colors_info=&#8220;{}&#8220;][et_pb_text _builder_version=&#8220;4.27.0&#8243; _module_preset=&#8220;default&#8220; global_colors_info=&#8220;{}&#8220;]<\/p>\n<p>PTH Group bietet ein komplettes Sortiment an Aluminiumprofilen f\u00fcr LED-Beleuchtung, <strong>die f\u00fcr die Kombination mit extrudierten Profilen aus Polycarbonat (PC) und Polymethylmethacrylat (PMMA) von PTH Group konzipiert sind<\/strong>. Diese Aluminiumprofile werden mit erg\u00e4nzendem Zubeh\u00f6r wie Halterungen und Endkappen geliefert, die eine sichere Installation und ein sauberes \u00e4sthetisches Erscheinungsbild gew\u00e4hrleisten. Muster sind auf Anfrage erh\u00e4ltlich, um die verschiedenen verf\u00fcgbaren Optionen zu bewerten. <\/p>\n<p>[\/et_pb_text][\/et_pb_column][\/et_pb_row][\/et_pb_section][et_pb_section fb_built=&#8220;1&#8243; _builder_version=&#8220;4.25.2&#8243; _module_preset=&#8220;default&#8220; custom_padding=&#8220;0px||0px||false|false&#8220; collapsed=&#8220;off&#8220; global_colors_info=&#8220;{}&#8220;][et_pb_row _builder_version=&#8220;4.25.1&#8243; _module_preset=&#8220;default&#8220; width=&#8220;100%&#8220; custom_padding=&#8220;0px||||false|false&#8220; global_colors_info=&#8220;{}&#8220;][et_pb_column type=&#8220;4_4&#8243; _builder_version=&#8220;4.25.1&#8243; _module_preset=&#8220;default&#8220; global_colors_info=&#8220;{}&#8220;][et_pb_heading title=&#8220;Verf\u00fcgbare Muster&#8220; _builder_version=&#8220;4.25.2&#8243; _module_preset=&#8220;default&#8220; title_level=&#8220;h3&#8243; title_font=&#8220;|700|||||||&#8220; global_colors_info=&#8220;{}&#8220;][\/et_pb_heading][et_pb_text _builder_version=&#8220;4.25.2&#8243; _module_preset=&#8220;default&#8220; global_colors_info=&#8220;{}&#8220;]<\/p>\n<p>Um Ihnen bei der Auswahl der besten L\u00f6sung f\u00fcr Ihre Bed\u00fcrfnisse zu helfen, bieten wir auf Anfrage Muster unserer Profile an. So k\u00f6nnen Sie die verf\u00fcgbaren Eigenschaften und Oberfl\u00e4chen direkt bewerten und sicherstellen, dass Sie das perfekte Profil f\u00fcr Ihr Projekt ausw\u00e4hlen. <\/p>\n<p>[\/et_pb_text][et_pb_heading title=&#8220;Merkmale der Aluminiumprofile f\u00fcr LED&#8220; _builder_version=&#8220;4.27.0&#8243; _module_preset=&#8220;default&#8220; title_level=&#8220;h3&#8243; title_font=&#8220;|700|||||||&#8220; custom_margin=&#8220;||||false|false&#8220; global_colors_info=&#8220;{}&#8220;][\/et_pb_heading][et_pb_text _builder_version=&#8220;4.25.2&#8243; _module_preset=&#8220;default&#8220; global_colors_info=&#8220;{}&#8220;]<\/p>\n<ul>\n<li><strong>Hochwertiges Material <\/strong> Hergestellt aus Aluminium, bieten sie eine hervorragende W\u00e4rmeableitung, wodurch die Lebensdauer der LED-Streifen verl\u00e4ngert wird.<\/li>\n<li><strong>Vielseitiges Design<\/strong> In verschiedenen Formaten und Gr\u00f6\u00dfen erh\u00e4ltlich, um unterschiedlichen Installations- und Designanforderungen gerecht zu werden.<\/li>\n<li><strong>Inklusive Zubeh\u00f6r <\/strong> Geliefert mit Halterungen und Endkappen f\u00fcr eine einfache Montage und ein professionelles Erscheinungsbild.<\/li>\n<li><strong>Einfache Installation<\/strong> Entwickelt, um leicht in verschiedene Beleuchtungsanwendungen integriert zu werden.<\/li>\n<\/ul>\n<p>[\/et_pb_text][et_pb_heading title=&#8220;Typische Anwendungen&#8220; _builder_version=&#8220;4.25.2&#8243; _module_preset=&#8220;default&#8220; title_level=&#8220;h3&#8243; title_font=&#8220;|700|||||||&#8220; global_colors_info=&#8220;{}&#8220;][\/et_pb_heading][et_pb_text _builder_version=&#8220;4.25.2&#8243; _module_preset=&#8220;default&#8220; global_colors_info=&#8220;{}&#8220;]<\/p>\n<p>Die Aluminiumprofile f\u00fcr LED von PTH Group finden in einer Vielzahl von Bereichen Anwendung, darunter:<\/p>\n<div class=\"elementor-element elementor-element-f9a0f2d elementor-widget elementor-widget-heading\" data-id=\"f9a0f2d\" data-element_type=\"widget\" data-widget_type=\"heading.default\">\n<div class=\"elementor-widget-container\"><\/div>\n<\/div>\n<p><strong>Wohnbeleuchtung<\/strong><\/p>\n<ul>\n<li>Unterbauleuchten: Ideal f\u00fcr Installationen unter K\u00fcchenschr\u00e4nken, die gleichm\u00e4\u00dfiges und funktionales Licht bieten.<\/li>\n<li>Akzentbeleuchtung: Wird verwendet, um dekorative Lichteffekte in Wohnzimmern, Schlafzimmern und anderen Wohnbereichen zu schaffen.<\/li>\n<\/ul>\n<p><strong>Kommerzielle Beleuchtung<\/strong><\/p>\n<ul>\n<li>L\u00e4den und Showrooms: Verbessern die Produktpr\u00e4sentation mit effektiver und ansprechender Beleuchtung.<\/li>\n<li>B\u00fcros: Schaffen effiziente und komfortable Beleuchtung in Arbeitsumgebungen.<\/li>\n<\/ul>\n<p><strong>Architektonische Beleuchtung<\/strong><\/p>\n<ul>\n<li>\n<p><strong><\/strong>Fassaden von Geb\u00e4uden: Werden verwendet, um architektonische Elemente im Au\u00dfenbereich zu beleuchten und zu betonen.<\/p>\n<\/li>\n<li>Treppen und Flure: Bieten sichere und funktionale Beleuchtung in Durchgangsbereichen.<\/li>\n<\/ul>\n<p><strong>Industrielle Beleuchtung<\/strong><\/p>\n<ul>\n<li>Lager und Industriehallen: Werden f\u00fcr energieeffiziente Beleuchtungsinstallationen in industriellen Umgebungen eingesetzt.<\/li>\n<\/ul>\n<p>[\/et_pb_text][et_pb_heading title=&#8220;Verf\u00fcgbare Zubeh\u00f6rteile&#8220; _builder_version=&#8220;4.27.0&#8243; _module_preset=&#8220;default&#8220; title_level=&#8220;h3&#8243; title_font=&#8220;|700|||||||&#8220; global_colors_info=&#8220;{}&#8220;][\/et_pb_heading][et_pb_text _builder_version=&#8220;4.27.0&#8243; _module_preset=&#8220;default&#8220; global_colors_info=&#8220;{}&#8220;]<\/p>\n<ul>\n<li><strong>Montagehalterungen<\/strong> Entwickelt, um eine sichere Befestigung der Aluminiumprofile an Montagefl\u00e4chen zu gew\u00e4hrleisten und die Installation zu erleichtern.<\/li>\n<li><strong>Endkappen Bieten <\/strong> ein \u00e4sthetisch ansprechendes Finish und sch\u00fctzen die offenen Enden der Profile vor Staub und Schmutz.<\/li>\n<\/ul>\n<p>[\/et_pb_text][et_pb_button button_url=&#8220;@ET-DC@eyJkeW5hbWljIjp0cnVlLCJjb250ZW50IjoicG9zdF9saW5rX3VybF9wYWdlIiwic2V0dGluZ3MiOnsicG9zdF9pZCI6IjI4NTEyMyIsImVuYWJsZV9odG1sIjoib2ZmIn19@&#8220; url_new_window=&#8220;on&#8220; button_text=&#8220;Zu den Zubeh\u00f6rteilen&#8220; button_alignment=&#8220;left&#8220; _builder_version=&#8220;4.27.0&#8243; _dynamic_attributes=&#8220;button_url&#8220; _module_preset=&#8220;default&#8220; custom_button=&#8220;on&#8220; button_text_size=&#8220;14px&#8220; button_text_color=&#8220;#000000&#8243; button_bg_color=&#8220;#EBECED&#8220; button_border_width=&#8220;2px&#8220; button_border_color=&#8220;rgba(0,0,0,0.52)&#8220; button_border_radius=&#8220;20px&#8220; button_font=&#8220;|300||on|||||&#8220; button_icon=&#8220;&#x26;||divi||400&#8243; button_icon_color=&#8220;#000000&#8243; button_icon_placement=&#8220;left&#8220; button_on_hover=&#8220;off&#8220; position_origin_a=&#8220;bottom_center&#8220; vertical_offset=&#8220;20px&#8220; saved_tabs=&#8220;all&#8220; global_colors_info=&#8220;{}&#8220;][\/et_pb_button][et_pb_heading title=&#8220;Vorteile der Aluminiumprofile f\u00fcr LED&#8220; _builder_version=&#8220;4.27.0&#8243; _module_preset=&#8220;default&#8220; title_level=&#8220;h3&#8243; title_font=&#8220;|700|||||||&#8220; global_colors_info=&#8220;{}&#8220;][\/et_pb_heading][et_pb_text _builder_version=&#8220;4.27.0&#8243; _module_preset=&#8220;default&#8220; global_colors_info=&#8220;{}&#8220;]<\/p>\n<ul>\n<li><strong>W\u00e4rmeableitung Aluminium<\/strong> bietet hervorragende W\u00e4rmeableitungseigenschaften, wodurch die Lebensdauer der LED-Streifen verl\u00e4ngert wird.<\/li>\n<li><strong>Sauberes Erscheinungsbild<\/strong> Aluminiumprofile verleihen Beleuchtungsinstallationen ein professionelles und sauberes Erscheinungsbild.<\/li>\n<li><strong>Vielseitigkeit <\/strong> Erh\u00e4ltlich in verschiedenen Formen und Gr\u00f6\u00dfen, passen sie sich einer Vielzahl von Wohn- und Gewerbeanwendungen an.<\/li>\n<li><strong>Festigkeit und Haltbarkeit <\/strong> Aluminium ist widerstandsf\u00e4hig und langlebig, ideal f\u00fcr langfristige Anwendungen.<\/li>\n<\/ul>\n<p>[\/et_pb_text][et_pb_button button_url=&#8220;#catalogo&#8220; button_text=&#8220;Schauen Sie den Katalog an&#8220; button_alignment=&#8220;left&#8220; _builder_version=&#8220;4.25.2&#8243; _module_preset=&#8220;default&#8220; custom_button=&#8220;on&#8220; button_text_size=&#8220;14px&#8220; button_text_color=&#8220;#000000&#8243; button_bg_color=&#8220;#EBECED&#8220; button_border_width=&#8220;2px&#8220; button_border_color=&#8220;rgba(0,0,0,0.52)&#8220; button_border_radius=&#8220;20px&#8220; button_font=&#8220;|300||on|||||&#8220; button_icon=&#8220;&#x22;||divi||400&#8243; button_icon_color=&#8220;#000000&#8243; button_icon_placement=&#8220;left&#8220; button_on_hover=&#8220;off&#8220; position_origin_a=&#8220;bottom_center&#8220; vertical_offset=&#8220;20px&#8220; global_module=&#8220;284728&#8243; saved_tabs=&#8220;all&#8220; global_colors_info=&#8220;{}&#8220;][\/et_pb_button][\/et_pb_column][\/et_pb_row][\/et_pb_section][et_pb_section fb_built=&#8220;1&#8243; module_id=&#8220;catalogo&#8220; _builder_version=&#8220;4.25.1&#8243; _module_preset=&#8220;default&#8220; custom_padding=&#8220;0px||0px||false|false&#8220; saved_tabs=&#8220;all&#8220; collapsed=&#8220;on&#8220; global_colors_info=&#8220;{}&#8220;][et_pb_row _builder_version=&#8220;4.25.1&#8243; _module_preset=&#8220;default&#8220; width=&#8220;100%&#8220; global_colors_info=&#8220;{}&#8220;][et_pb_column type=&#8220;4_4&#8243; _builder_version=&#8220;4.25.1&#8243; _module_preset=&#8220;default&#8220; global_colors_info=&#8220;{}&#8220;][et_pb_heading title=&#8220;@ET-DC@eyJkeW5hbWljIjp0cnVlLCJjb250ZW50IjoiY3VzdG9tX21ldGFfdGl0b2xvX2NhdGFsb2dvX3BhZ2luYV9zaW5nb2xpX3Byb2ZpbGkiLCJzZXR0aW5ncyI6eyJiZWZvcmUiOiIiLCJhZnRlciI6IiIsImVuYWJsZV9odG1sIjoib2ZmIn19@&#8220; _builder_version=&#8220;4.25.1&#8243; _dynamic_attributes=&#8220;title&#8220; _module_preset=&#8220;default&#8220; title_level=&#8220;h2&#8243; title_font=&#8220;|700|||||||&#8220; title_text_align=&#8220;center&#8220; global_colors_info=&#8220;{}&#8220;][\/et_pb_heading][\/et_pb_column][\/et_pb_row][et_pb_row _builder_version=&#8220;4.25.1&#8243; _module_preset=&#8220;default&#8220; width=&#8220;100%&#8220; global_colors_info=&#8220;{}&#8220;][et_pb_column type=&#8220;4_4&#8243; _builder_version=&#8220;4.25.1&#8243; _module_preset=&#8220;default&#8220; global_colors_info=&#8220;{}&#8220;][et_pb_portfolio fullwidth=&#8220;off&#8220; posts_number=&#8220;100&#8243; include_categories=&#8220;44&#8243; _builder_version=&#8220;4.27.0&#8243; _module_preset=&#8220;default&#8220; box_shadow_style_image=&#8220;preset3&#8243; box_shadow_vertical_image=&#8220;5px&#8220; box_shadow_blur_image=&#8220;10px&#8220; global_colors_info=&#8220;{}&#8220;][\/et_pb_portfolio][\/et_pb_column][\/et_pb_row][\/et_pb_section]<\/p>\n","protected":false},"excerpt":{"rendered":"<p>PTH Group bietet ein komplettes Sortiment an Aluminiumprofilen f\u00fcr LED-Beleuchtung, die f\u00fcr die Kombination mit extrudierten Profilen aus Polycarbonat (PC) und Polymethylmethacrylat (PMMA) von PTH Group konzipiert sind. Diese Aluminiumprofile werden mit erg\u00e4nzendem Zubeh\u00f6r wie Halterungen und Endkappen geliefert, die eine sichere Installation und ein sauberes \u00e4sthetisches Erscheinungsbild gew\u00e4hrleisten. Muster sind auf Anfrage erh\u00e4ltlich, um die verschiedenen verf\u00fcgbaren Optionen zu bewerten. Um Ihnen bei der Auswahl der besten L\u00f6sung f\u00fcr Ihre Bed\u00fcrfnisse zu helfen, bieten wir auf Anfrage Muster unserer Profile an. So k\u00f6nnen Sie die verf\u00fcgbaren Eigenschaften und Oberfl\u00e4chen direkt bewerten und sicherstellen, dass Sie das perfekte Profil f\u00fcr Ihr Projekt ausw\u00e4hlen. Hochwertiges Material Hergestellt aus Aluminium, bieten sie eine hervorragende W\u00e4rmeableitung, wodurch die Lebensdauer der LED-Streifen verl\u00e4ngert wird. Vielseitiges Design In verschiedenen Formaten und Gr\u00f6\u00dfen erh\u00e4ltlich, um unterschiedlichen Installations- und Designanforderungen gerecht zu werden. Inklusive Zubeh\u00f6r Geliefert mit Halterungen und Endkappen f\u00fcr eine einfache Montage und ein professionelles Erscheinungsbild. Einfache Installation Entwickelt, um leicht in verschiedene Beleuchtungsanwendungen integriert zu werden. Die Aluminiumprofile f\u00fcr LED von PTH Group finden in einer Vielzahl von Bereichen Anwendung, darunter: Wohnbeleuchtung Unterbauleuchten: Ideal f\u00fcr Installationen unter K\u00fcchenschr\u00e4nken, die gleichm\u00e4\u00dfiges und funktionales Licht bieten. Akzentbeleuchtung: Wird verwendet, um dekorative Lichteffekte in Wohnzimmern, Schlafzimmern und [&hellip;]<\/p>\n","protected":false},"author":1,"featured_media":0,"parent":306028,"menu_order":0,"comment_status":"closed","ping_status":"closed","template":"","meta":{"_acf_changed":false,"_et_pb_use_builder":"on","_et_pb_old_content":"","_et_gb_content_width":"","footnotes":""},"class_list":["post-309473","page","type-page","status-publish","hentry"],"acf":[],"_links":{"self":[{"href":"https:\/\/www.pth-group.com\/de\/wp-json\/wp\/v2\/pages\/309473","targetHints":{"allow":["GET"]}}],"collection":[{"href":"https:\/\/www.pth-group.com\/de\/wp-json\/wp\/v2\/pages"}],"about":[{"href":"https:\/\/www.pth-group.com\/de\/wp-json\/wp\/v2\/types\/page"}],"author":[{"embeddable":true,"href":"https:\/\/www.pth-group.com\/de\/wp-json\/wp\/v2\/users\/1"}],"replies":[{"embeddable":true,"href":"https:\/\/www.pth-group.com\/de\/wp-json\/wp\/v2\/comments?post=309473"}],"version-history":[{"count":0,"href":"https:\/\/www.pth-group.com\/de\/wp-json\/wp\/v2\/pages\/309473\/revisions"}],"up":[{"embeddable":true,"href":"https:\/\/www.pth-group.com\/de\/wp-json\/wp\/v2\/pages\/306028"}],"wp:attachment":[{"href":"https:\/\/www.pth-group.com\/de\/wp-json\/wp\/v2\/media?parent=309473"}],"curies":[{"name":"wp","href":"https:\/\/api.w.org\/{rel}","templated":true}]}}