{"id":314371,"date":"2025-10-13T16:11:25","date_gmt":"2025-10-13T15:11:25","guid":{"rendered":"https:\/\/www.pth-group.com\/?page_id=314371"},"modified":"2026-01-07T11:52:28","modified_gmt":"2026-01-07T10:52:28","slug":"pmma-und-polycarbonatprofile","status":"publish","type":"page","link":"https:\/\/www.pth-group.com\/de\/produkte\/kunststoffprofile\/pmma-und-polycarbonatprofile\/","title":{"rendered":"PMMA- und Polycarbonatprofile"},"content":{"rendered":"<p>[et_pb_section fb_built=&#8220;1&#8243; _builder_version=&#8220;4.25.1&#8243; _module_preset=&#8220;default&#8220; custom_padding=&#8220;0px||0px||false|false&#8220; global_module=&#8220;314260&#8243; collapsed=&#8220;off&#8220; global_colors_info=&#8220;{}&#8220;][et_pb_row _builder_version=&#8220;4.25.1&#8243; _module_preset=&#8220;default&#8220; width=&#8220;100%&#8220; custom_padding=&#8220;0px||||false|false&#8220; global_colors_info=&#8220;{}&#8220;][et_pb_column type=&#8220;4_4&#8243; _builder_version=&#8220;4.25.1&#8243; _module_preset=&#8220;default&#8220; global_colors_info=&#8220;{}&#8220;][et_pb_text _builder_version=&#8220;4.27.0&#8243; _module_preset=&#8220;default&#8220; global_colors_info=&#8220;{}&#8220;]PTH GROUP extrudiert Profile aus POLYCARBONAT und PMMA (Polymethylmethacrylat) und bietet eine Vielzahl von Oberfl\u00e4chen an, die die unterschiedlichen \u00e4sthetischen und funktionalen Anforderungen des Weltmarktes erf\u00fcllen. Dank unserer fortschrittlichen Technologie und Anpassungsf\u00e4higkeit k\u00f6nnen wir Profile mit spezifischen Oberfl\u00e4chen liefern und so hohe Qualit\u00e4t und hervorragende Leistung f\u00fcr jede Anwendung gew\u00e4hrleisten.[\/et_pb_text][et_pb_heading title=&#8220;Verf\u00fcgbare Muster&#8220; _builder_version=&#8220;4.25.2&#8243; _module_preset=&#8220;default&#8220; title_level=&#8220;h3&#8243; title_font=&#8220;|700|||||||&#8220; global_colors_info=&#8220;{}&#8220;][\/et_pb_heading][et_pb_text _builder_version=&#8220;4.25.2&#8243; _module_preset=&#8220;default&#8220; global_colors_info=&#8220;{}&#8220;]Um Ihnen bei der Auswahl der besten L\u00f6sung f\u00fcr Ihre Bed\u00fcrfnisse zu helfen, bieten wir auf Anfrage Muster unserer Profile an. So k\u00f6nnen Sie die verf\u00fcgbaren Eigenschaften und Oberfl\u00e4chen direkt bewerten und sicherstellen, dass Sie das perfekte Profil f\u00fcr Ihr Projekt ausw\u00e4hlen.[\/et_pb_text][et_pb_heading title=&#8220;Typische Anwendungen&#8220; _builder_version=&#8220;4.25.2&#8243; _module_preset=&#8220;default&#8220; title_level=&#8220;h3&#8243; title_font=&#8220;|700|||||||&#8220; global_colors_info=&#8220;{}&#8220;][\/et_pb_heading][et_pb_text _builder_version=&#8220;4.27.0&#8243; _module_preset=&#8220;default&#8220; global_colors_info=&#8220;{}&#8220;]Die PMMA- und Polycarbonat-Profile der PTH Group werden in einer Vielzahl von Branchen eingesetzt, darunter:<\/p>\n<ul>\n<li><strong>Beleuchtung <\/strong> Abdeckungen f\u00fcr Lampen, Lichtdiffusoren und Komponenten f\u00fcr Leuchten.<\/li>\n<li><strong> Industriedesign <\/strong> Strukturelle und dekorative Elemente f\u00fcr M\u00f6bel, Ausstellungsst\u00e4nde und Messepr\u00e4sentationen.<\/li>\n<li><strong> Architektur <\/strong> Fassaden, Trennw\u00e4nde und Designl\u00f6sungen f\u00fcr Innen- und Au\u00dfenanwendungen.<\/li>\n<\/ul>\n<p>[\/et_pb_text][et_pb_button button_url=&#8220;#catalogo&#8220; button_text=&#8220;Schauen Sie den Katalog an&#8220; button_alignment=&#8220;left&#8220; _builder_version=&#8220;4.25.1&#8243; _module_preset=&#8220;default&#8220; custom_button=&#8220;on&#8220; button_text_size=&#8220;14px&#8220; button_text_color=&#8220;#000000&#8243; button_bg_color=&#8220;#EBECED&#8220; button_border_width=&#8220;2px&#8220; button_border_color=&#8220;rgba(0,0,0,0.52)&#8220; button_border_radius=&#8220;20px&#8220; button_font=&#8220;|300||on|||||&#8220; button_icon_color=&#8220;#000000&#8243; button_icon_placement=&#8220;left&#8220; button_on_hover=&#8220;off&#8220; position_origin_a=&#8220;bottom_center&#8220; vertical_offset=&#8220;20px&#8220; global_colors_info=&#8220;{}&#8220;][\/et_pb_button][\/et_pb_column][\/et_pb_row][\/et_pb_section][et_pb_section fb_built=&#8220;1&#8243; _builder_version=&#8220;4.25.1&#8243; _module_preset=&#8220;default&#8220; global_module=&#8220;314261&#8243; collapsed=&#8220;off&#8220; global_colors_info=&#8220;{}&#8220;][et_pb_row _builder_version=&#8220;4.25.1&#8243; _module_preset=&#8220;default&#8220; width=&#8220;100%&#8220; global_colors_info=&#8220;{}&#8220;][et_pb_column type=&#8220;4_4&#8243; _builder_version=&#8220;4.25.1&#8243; _module_preset=&#8220;default&#8220; global_colors_info=&#8220;{}&#8220;][et_pb_heading title=&#8220;Verf\u00fcgbare Oberfl\u00e4chen f\u00fcr PMMA- und Polycarbonat-Profile&#8220; _builder_version=&#8220;4.25.1&#8243; _module_preset=&#8220;default&#8220; title_level=&#8220;h2&#8243; title_font=&#8220;|700|||||||&#8220; title_text_align=&#8220;center&#8220; global_colors_info=&#8220;{}&#8220;][\/et_pb_heading][difl_iconlist list_view_type=&#8220;inline&#8220; list_item_content_max_width=&#8220;100%&#8220; list_item_per_column_tablet=&#8220;1&#8243; list_item_per_column_phone=&#8220;1&#8243; list_item_per_column_last_edited=&#8220;on|phone&#8220; _builder_version=&#8220;4.27.0&#8243; _module_preset=&#8220;default&#8220; global_colors_info=&#8220;{}&#8220;][difl_iconlistitem list_item_title=&#8220;Transparent&#8220; _builder_version=&#8220;4.27.0&#8243; global_colors_info=&#8220;{}&#8220;]Perfekt f\u00fcr Anwendungen, die maximale Transparenz und Sichtbarkeit erfordern.[\/difl_iconlistitem][difl_iconlistitem list_item_title=&#8220;Opal&#8220; _builder_version=&#8220;4.25.1&#8243; global_colors_info=&#8220;{}&#8220;]Ideal, um Licht gleichm\u00e4\u00dfig zu streuen, Blendungen zu reduzieren und eine weiche, angenehme Beleuchtung zu schaffen.[\/difl_iconlistitem][difl_iconlistitem list_item_title=&#8220;Satin&#8220; _builder_version=&#8220;4.25.1&#8243; global_colors_info=&#8220;{}&#8220;]Bietet ein elegantes und modernes Finish, das Transparenz und Opazit\u00e4t f\u00fcr einen einzigartigen visuellen Effekt kombiniert.[\/difl_iconlistitem][difl_iconlistitem list_item_title=&#8220;Farbig&#8220; admin_label=&#8220;List item&#8220; _builder_version=&#8220;4.25.1&#8243; _module_preset=&#8220;default&#8220; global_colors_info=&#8220;{}&#8220;]Erh\u00e4ltlich in einer breiten Farbpalette, um den spezifischen \u00e4sthetischen Anforderungen Ihrer Projekte gerecht zu werden.[\/difl_iconlistitem][difl_iconlistitem list_item_title=&#8220;Koextrudiert&#8220; admin_label=&#8220;List item&#8220; _builder_version=&#8220;4.25.1&#8243; _module_preset=&#8220;default&#8220; global_colors_info=&#8220;{}&#8220;]Bietet eine Kombination verschiedener Materialien in einem Profil und verleiht einzigartige Eigenschaften wie zus\u00e4tzliche Festigkeit oder spezielle \u00e4sthetische Effekte.[\/difl_iconlistitem][difl_iconlistitem list_item_title=&#8220;Black &amp; White&#8220; admin_label=&#8220;List item&#8220; _builder_version=&#8220;4.25.1&#8243; _module_preset=&#8220;default&#8220; global_colors_info=&#8220;{}&#8220;]Ideal f\u00fcr zeitgen\u00f6ssische Designanwendungen, bei denen starke und scharfe Kontraste erforderlich sind.[\/difl_iconlistitem][\/difl_iconlist][\/et_pb_column][\/et_pb_row][\/et_pb_section][et_pb_section fb_built=&#8220;1&#8243; disabled_on=&#8220;off|off|off&#8220; module_id=&#8220;catalogo&#8220; _builder_version=&#8220;4.27.4&#8243; _module_preset=&#8220;default&#8220; custom_padding=&#8220;0px||0px||false|false&#8220; saved_tabs=&#8220;all&#8220; collapsed=&#8220;off&#8220; global_colors_info=&#8220;{}&#8220;][et_pb_row _builder_version=&#8220;4.25.1&#8243; _module_preset=&#8220;default&#8220; width=&#8220;100%&#8220; global_colors_info=&#8220;{}&#8220;][et_pb_column type=&#8220;4_4&#8243; _builder_version=&#8220;4.25.1&#8243; _module_preset=&#8220;default&#8220; global_colors_info=&#8220;{}&#8220;][et_pb_heading title=&#8220;@ET-DC@eyJkeW5hbWljIjp0cnVlLCJjb250ZW50IjoiY3VzdG9tX21ldGFfdGl0b2xvX2NhdGFsb2dvX3BhZ2luYV9zaW5nb2xpX3Byb2ZpbGkiLCJzZXR0aW5ncyI6eyJiZWZvcmUiOiIiLCJhZnRlciI6IiIsImVuYWJsZV9odG1sIjoib2ZmIn19@&#8220; _builder_version=&#8220;4.25.1&#8243; _dynamic_attributes=&#8220;title&#8220; _module_preset=&#8220;default&#8220; title_level=&#8220;h2&#8243; title_font=&#8220;|700|||||||&#8220; title_text_align=&#8220;center&#8220; global_colors_info=&#8220;{}&#8220;][\/et_pb_heading][\/et_pb_column][\/et_pb_row][et_pb_row _builder_version=&#8220;4.25.1&#8243; _module_preset=&#8220;default&#8220; width=&#8220;100%&#8220; global_colors_info=&#8220;{}&#8220;][et_pb_column type=&#8220;4_4&#8243; _builder_version=&#8220;4.25.1&#8243; _module_preset=&#8220;default&#8220; global_colors_info=&#8220;{}&#8220;][difl_cptfilter post_type=&#8220;project&#8220; posts_number=&#8220;8&#8243; tax_for_project=&#8220;project_category&#8220; project_terms_project_category=&#8220;22,24,25,26,27,28,29,35,30,31,32,33&#8243; use_load_more=&#8220;on&#8220; use_load_more_text=&#8220;Mehr laden&#8220; entire_item_clickable=&#8220;on&#8220; column=&#8220;4&#8243; equal_height=&#8220;on&#8220; load_more_align=&#8220;center&#8220; load_more_background_bgcolor=&#8220;#37BF3C&#8220; load_more_padding=&#8220;10px|20px|10px|20px|true|true&#8220; column_tablet=&#8220;2&#8243; column_phone=&#8220;1&#8243; column_last_edited=&#8220;on|phone&#8220; _builder_version=&#8220;4.27.5&#8243; _module_preset=&#8220;default&#8220; load_more_font=&#8220;|800||on|||||&#8220; load_more_text_color=&#8220;#FFFFFF&#8220; load_more_font_size=&#8220;20px&#8220; hover_enabled=&#8220;0&#8243; border_width_all_filter_buttons=&#8220;1px&#8220; border_color_all_filter_buttons=&#8220;#e2e2e2&#8243; global_colors_info=&#8220;{}&#8220; equal_height__hover=&#8220;1px||||false|false&#8220; equal_height__hover_enabled=&#8220;on|hover&#8220; filter_button_active_text_color=&#8220;#37BF3C&#8220; sticky_enabled=&#8220;0&#8243;][difl_cptitem type=&#8220;image&#8220; _builder_version=&#8220;4.27.4&#8243; _module_preset=&#8220;default&#8220; box_shadow_style=&#8220;preset3&#8243; box_shadow_vertical=&#8220;5px&#8220; box_shadow_blur=&#8220;10px&#8220; global_colors_info=&#8220;{}&#8220;][\/difl_cptitem][difl_cptitem type=&#8220;title&#8220; _builder_version=&#8220;4.27.4&#8243; _module_preset=&#8220;default&#8220; body_font=&#8220;|800|||||||&#8220; body_font_size=&#8220;26px&#8220; text_orientation=&#8220;center&#8220; global_colors_info=&#8220;{}&#8220;][\/difl_cptitem][difl_cptitem type=&#8220;taxonomy&#8220; post_type=&#8220;project&#8220; tax_for_project=&#8220;project_category&#8220; _builder_version=&#8220;4.27.4&#8243; _module_preset=&#8220;default&#8220; body_text_color=&#8220;#666666&#8243; text_orientation=&#8220;left&#8220; global_colors_info=&#8220;{}&#8220;][\/difl_cptitem][\/difl_cptfilter][\/et_pb_column][\/et_pb_row][\/et_pb_section]<\/p>\n","protected":false},"excerpt":{"rendered":"<p>PTH GROUP extrudiert Profile aus POLYCARBONAT und PMMA (Polymethylmethacrylat) und bietet eine Vielzahl von Oberfl\u00e4chen an, die die unterschiedlichen \u00e4sthetischen und funktionalen Anforderungen des Weltmarktes erf\u00fcllen. Dank unserer fortschrittlichen Technologie und Anpassungsf\u00e4higkeit k\u00f6nnen wir Profile mit spezifischen Oberfl\u00e4chen liefern und so hohe Qualit\u00e4t und hervorragende Leistung f\u00fcr jede Anwendung gew\u00e4hrleisten.Um Ihnen bei der Auswahl der besten L\u00f6sung f\u00fcr Ihre Bed\u00fcrfnisse zu helfen, bieten wir auf Anfrage Muster unserer Profile an. So k\u00f6nnen Sie die verf\u00fcgbaren Eigenschaften und Oberfl\u00e4chen direkt bewerten und sicherstellen, dass Sie das perfekte Profil f\u00fcr Ihr Projekt ausw\u00e4hlen.Die PMMA- und Polycarbonat-Profile der PTH Group werden in einer Vielzahl von Branchen eingesetzt, darunter: Beleuchtung Abdeckungen f\u00fcr Lampen, Lichtdiffusoren und Komponenten f\u00fcr Leuchten. Industriedesign Strukturelle und dekorative Elemente f\u00fcr M\u00f6bel, Ausstellungsst\u00e4nde und Messepr\u00e4sentationen. Architektur Fassaden, Trennw\u00e4nde und Designl\u00f6sungen f\u00fcr Innen- und Au\u00dfenanwendungen. <div class=\"et_pb_module difl_iconlist difl_iconlist_0\">\n\t\t\t\t\n\t\t\t\t\n\t\t\t\t\n\t\t\t\t\n\t\t\t\t\n\t\t\t\t\n\t\t\t\t<div class=\"et_pb_module_inner\">\n\t\t\t\t\t<div class=\"difl_iconlist_notice\">Add one or more list items.<\/div>\n\t\t\t\t<\/div>\n\t\t\t<\/div><li class=\"et_pb_module difl_iconlistitem difl_iconlistitem_0\">\n\t\t\t\t\n\t\t\t\t\n\t\t\t\t\n\t\t\t\t\n\t\t\t\t\n\t\t\t\t\n\t\t\t\t<div class=\"et_pb_module_inner\">\n\t\t\t\t\t<span class=\"item-elements et_pb_with_background\">\n                    <span class=\"item-elements-group\"><span class=\"difl_icon_item_container\"><span class=\"difl_icon_item_icon_wrapper\"><span class=\"icon-element\"><span class=\"et-pb-icon difl_list_icon\">N<\/span><\/span><\/span> <span class=\"difl_icon_item_content_wrapper\"><h4 class=\"difl_icon_item_header et_pb_with_background\"><span>Transparent<\/span><\/h4><span class=\"difl_icon_item_body et_pb_with_background\">Perfekt f\u00fcr Anwendungen, die maximale Transparenz und Sichtbarkeit erfordern.<\/span><\/span><\/span><\/span>\n                    <span class=\"item-tooltip-data\" style=\"display:none\"><\/span>\n                <\/span>\n\t\t\t\t<\/div>\n\t\t\t<\/li><li class=\"et_pb_module difl_iconlistitem difl_iconlistitem_1\">\n\t\t\t\t\n\t\t\t\t\n\t\t\t\t\n\t\t\t\t\n\t\t\t\t\n\t\t\t\t\n\t\t\t\t<div class=\"et_pb_module_inner\">\n\t\t\t\t\t<span class=\"item-elements et_pb_with_background\">\n                    <span class=\"item-elements-group\"><span class=\"difl_icon_item_container\"><span class=\"difl_icon_item_icon_wrapper\"><span class=\"icon-element\"><span class=\"et-pb-icon difl_list_icon\">N<\/span><\/span><\/span> <span class=\"difl_icon_item_content_wrapper\"><h4 class=\"difl_icon_item_header et_pb_with_background\"><span>Opal<\/span><\/h4><span class=\"difl_icon_item_body et_pb_with_background\">Ideal, um Licht gleichm\u00e4\u00dfig zu streuen, Blendungen zu reduzieren und eine weiche, angenehme Beleuchtung zu schaffen.<\/span><\/span><\/span><\/span>\n                    <span class=\"item-tooltip-data\" style=\"display:none\"><\/span>\n                <\/span>\n\t\t\t\t<\/div>\n\t\t\t<\/li><li class=\"et_pb_module difl_iconlistitem difl_iconlistitem_2\">\n\t\t\t\t\n\t\t\t\t\n\t\t\t\t\n\t\t\t\t\n\t\t\t\t\n\t\t\t\t\n\t\t\t\t<div class=\"et_pb_module_inner\">\n\t\t\t\t\t<span class=\"item-elements et_pb_with_background\">\n                    <span class=\"item-elements-group\"><span class=\"difl_icon_item_container\"><span class=\"difl_icon_item_icon_wrapper\"><span class=\"icon-element\"><span class=\"et-pb-icon difl_list_icon\">N<\/span><\/span><\/span> <span class=\"difl_icon_item_content_wrapper\"><h4 class=\"difl_icon_item_header et_pb_with_background\"><span>Satin<\/span><\/h4><span class=\"difl_icon_item_body et_pb_with_background\">Bietet ein elegantes und modernes Finish, das Transparenz und Opazit\u00e4t f\u00fcr einen einzigartigen visuellen Effekt kombiniert.<\/span><\/span><\/span><\/span>\n                    <span class=\"item-tooltip-data\" style=\"display:none\"><\/span>\n                <\/span>\n\t\t\t\t<\/div>\n\t\t\t<\/li><li class=\"et_pb_module difl_iconlistitem difl_iconlistitem_3\">\n\t\t\t\t\n\t\t\t\t\n\t\t\t\t\n\t\t\t\t\n\t\t\t\t\n\t\t\t\t\n\t\t\t\t<div class=\"et_pb_module_inner\">\n\t\t\t\t\t<span class=\"item-elements et_pb_with_background\">\n                    <span class=\"item-elements-group\"><span class=\"difl_icon_item_container\"><span class=\"difl_icon_item_icon_wrapper\"><span class=\"icon-element\"><span class=\"et-pb-icon difl_list_icon\">N<\/span><\/span><\/span> <span class=\"difl_icon_item_content_wrapper\"><h4 class=\"difl_icon_item_header et_pb_with_background\"><span>Farbig<\/span><\/h4><\/span><\/span><\/span>\n                    <span class=\"item-tooltip-data\" style=\"display:none\"><\/span>\n                <\/span>\n\t\t\t\t<\/div>\n\t\t\t<\/li>Erh\u00e4ltlich in einer breiten Farbpalette, um [&hellip;]<\/p>\n","protected":false},"author":1,"featured_media":0,"parent":306028,"menu_order":0,"comment_status":"closed","ping_status":"closed","template":"","meta":{"_acf_changed":false,"_et_pb_use_builder":"on","_et_pb_old_content":"","_et_gb_content_width":"","footnotes":""},"class_list":["post-314371","page","type-page","status-publish","hentry"],"acf":[],"_links":{"self":[{"href":"https:\/\/www.pth-group.com\/de\/wp-json\/wp\/v2\/pages\/314371","targetHints":{"allow":["GET"]}}],"collection":[{"href":"https:\/\/www.pth-group.com\/de\/wp-json\/wp\/v2\/pages"}],"about":[{"href":"https:\/\/www.pth-group.com\/de\/wp-json\/wp\/v2\/types\/page"}],"author":[{"embeddable":true,"href":"https:\/\/www.pth-group.com\/de\/wp-json\/wp\/v2\/users\/1"}],"replies":[{"embeddable":true,"href":"https:\/\/www.pth-group.com\/de\/wp-json\/wp\/v2\/comments?post=314371"}],"version-history":[{"count":0,"href":"https:\/\/www.pth-group.com\/de\/wp-json\/wp\/v2\/pages\/314371\/revisions"}],"up":[{"embeddable":true,"href":"https:\/\/www.pth-group.com\/de\/wp-json\/wp\/v2\/pages\/306028"}],"wp:attachment":[{"href":"https:\/\/www.pth-group.com\/de\/wp-json\/wp\/v2\/media?parent=314371"}],"curies":[{"name":"wp","href":"https:\/\/api.w.org\/{rel}","templated":true}]}}