{"id":306165,"date":"2024-05-29T10:03:19","date_gmt":"2024-05-29T09:03:19","guid":{"rendered":"https:\/\/pth.2fcom.me\/typ\/"},"modified":"2025-08-01T09:54:54","modified_gmt":"2025-08-01T08:54:54","slug":"typ","status":"publish","type":"page","link":"https:\/\/www.pth-group.com\/fr\/typ\/","title":{"rendered":"TYP FR"},"content":{"rendered":"<p>[et_pb_section fb_built=\u00a0\u00bb1&Prime; admin_label=\u00a0\u00bbsection\u00a0\u00bb _builder_version=\u00a0\u00bb4.16&Prime; global_colors_info=\u00a0\u00bb{}\u00a0\u00bb][et_pb_row admin_label=\u00a0\u00bbrow\u00a0\u00bb _builder_version=\u00a0\u00bb4.25.1&Prime; background_size=\u00a0\u00bbinitial\u00a0\u00bb background_position=\u00a0\u00bbtop_left\u00a0\u00bb background_repeat=\u00a0\u00bbrepeat\u00a0\u00bb width_tablet=\u00a0\u00bb80%\u00a0\u00bb width_phone=\u00a0\u00bb90%\u00a0\u00bb width_last_edited=\u00a0\u00bbon|desktop\u00a0\u00bb hover_enabled=\u00a0\u00bb0&Prime; global_colors_info=\u00a0\u00bb{}\u00a0\u00bb sticky_enabled=\u00a0\u00bb0&Prime;][et_pb_column type=\u00a0\u00bb4_4&Prime; _builder_version=\u00a0\u00bb4.16&Prime; custom_padding=\u00a0\u00bb|||\u00a0\u00bb global_colors_info=\u00a0\u00bb{}\u00a0\u00bb custom_padding__hover=\u00a0\u00bb|||\u00a0\u00bb][et_pb_heading title=\u00a0\u00bbMerci de nous avoir contact\u00e9s !\u00a0\u00bb _builder_version=\u00a0\u00bb4.25.1&Prime; _module_preset=\u00a0\u00bbdefault\u00a0\u00bb title_level=\u00a0\u00bbh2&Prime; title_font=\u00a0\u00bb|700|||||||\u00a0\u00bb title_text_align=\u00a0\u00bbleft\u00a0\u00bb hover_enabled=\u00a0\u00bb0&Prime; global_colors_info=\u00a0\u00bb{}\u00a0\u00bb sticky_enabled=\u00a0\u00bb0&Prime;][\/et_pb_heading][et_pb_text _builder_version=\u00a0\u00bb4.25.1&Prime; _module_preset=\u00a0\u00bbdefault\u00a0\u00bb text_font=\u00a0\u00bb|300|||||||\u00a0\u00bb hover_enabled=\u00a0\u00bb0&Prime; global_colors_info=\u00a0\u00bb{}\u00a0\u00bb sticky_enabled=\u00a0\u00bb0&Prime;]<\/p>\n<p>Nous avons bien re\u00e7u votre demande de devis, et notre \u00e9quipe est d\u00e9j\u00e0 en train de travailler pour vous fournir toutes les informations dont vous avez besoin. Vous recevrez une r\u00e9ponse d\u00e9taill\u00e9e sous 24-48 heures.<\/p>\n<p>[\/et_pb_text][et_pb_text _builder_version=\u00a0\u00bb4.25.1&Prime; _module_preset=\u00a0\u00bbdefault\u00a0\u00bb text_font=\u00a0\u00bb|300|||||||\u00a0\u00bb global_colors_info=\u00a0\u00bb{}\u00a0\u00bb]<\/p>\n<p><strong>Que se passe-t-il ensuite ?<\/strong><\/p>\n<p><strong> <\/strong><\/p>\n<p><strong><\/strong><\/p>\n<ol>\n<li><strong>V\u00e9rification des Donn\u00e9es <\/strong> Nous v\u00e9rifions les informations que vous nous avez fournies pour nous assurer de bien comprendre vos besoins.<\/li>\n<li><strong>Pr\u00e9paration du Devis <\/strong> En fonction des d\u00e9tails fournis, notre \u00e9quipe \u00e9laborera un devis personnalis\u00e9 pour vous.<\/li>\n<li><strong>Envoi du Devis Vous<\/strong> recevrez le devis par email \u00e0 l&rsquo;adresse que vous nous avez fournie.<\/li>\n<\/ol>\n<p>[\/et_pb_text][et_pb_text _builder_version=\u00a0\u00bb4.25.1&Prime; _module_preset=\u00a0\u00bbdefault\u00a0\u00bb text_font=\u00a0\u00bb|300|||||||\u00a0\u00bb global_colors_info=\u00a0\u00bb{}\u00a0\u00bb]<\/p>\n<p><span>Si vous avez besoin d&rsquo;une <strong>assistance imm\u00e9diate<\/strong> ou si vous souhaitez obtenir des informations suppl\u00e9mentaires, n&rsquo;h\u00e9sitez pas \u00e0 nous <strong>contacter<\/strong> directement au +<strong><a href=\"tel:+390331858378\"><span class=\"dsm_icon_list_text\">39 0331 858378<\/span><\/a><\/strong> ou par email \u00e0 <strong><a href=\"mailto:info@pth-group.com\"><span class=\"dsm_icon_list_text\">info@pth-group.com<\/span><\/a><\/strong>.<\/span><\/p>\n<p>[\/et_pb_text][et_pb_text _builder_version=\u00a0\u00bb4.25.1&Prime; _module_preset=\u00a0\u00bbdefault\u00a0\u00bb text_font=\u00a0\u00bb|300|||||||\u00a0\u00bb global_colors_info=\u00a0\u00bb{}\u00a0\u00bb]<\/p>\n<p><span>En attendant, nous vous invitons \u00e0 t\u00e9l\u00e9charger <strong>notre catalogue <\/strong> pour en savoir plus sur nos services et produits.<\/span><\/p>\n<p>[\/et_pb_text][et_pb_button button_url=\u00a0\u00bb\/wp-content\/uploads\/2024\/05\/PTH.catalogo.2024.pdf\u00a0\u00bb url_new_window=\u00a0\u00bbon\u00a0\u00bb button_text=\u00a0\u00bbT\u00e9l\u00e9charger le catalogue\u00a0\u00bb _builder_version=\u00a0\u00bb4.25.1&Prime; _module_preset=\u00a0\u00bbdefault\u00a0\u00bb button_icon=\u00a0\u00bb&#x3f;||divi||400&Prime; button_icon_color=\u00a0\u00bb#FFFFFF\u00a0\u00bb button_on_hover=\u00a0\u00bboff\u00a0\u00bb global_colors_info=\u00a0\u00bb{}\u00a0\u00bb global_module=\u00a0\u00bb279857&Prime; theme_builder_area=\u00a0\u00bbpost_content\u00a0\u00bb][\/et_pb_button][\/et_pb_column][\/et_pb_row][\/et_pb_section]<\/p>\n","protected":false},"excerpt":{"rendered":"<p>Nous avons bien re\u00e7u votre demande de devis, et notre \u00e9quipe est d\u00e9j\u00e0 en train de travailler pour vous fournir toutes les informations dont vous avez besoin. Vous recevrez une r\u00e9ponse d\u00e9taill\u00e9e sous 24-48 heures.Que se passe-t-il ensuite ? V\u00e9rification des Donn\u00e9es Nous v\u00e9rifions les informations que vous nous avez fournies pour nous assurer de bien comprendre vos besoins. Pr\u00e9paration du Devis En fonction des d\u00e9tails fournis, notre \u00e9quipe \u00e9laborera un devis personnalis\u00e9 pour vous. Envoi du Devis Vous recevrez le devis par email \u00e0 l&rsquo;adresse que vous nous avez fournie. Si vous avez besoin d&rsquo;une assistance imm\u00e9diate ou si vous souhaitez obtenir des informations suppl\u00e9mentaires, n&rsquo;h\u00e9sitez pas \u00e0 nous contacter directement au +39 0331 858378 ou par email \u00e0 info@pth-group.com.En attendant, nous vous invitons \u00e0 t\u00e9l\u00e9charger notre catalogue pour en savoir plus sur nos services et produits.<\/p>\n","protected":false},"author":1,"featured_media":0,"parent":0,"menu_order":0,"comment_status":"closed","ping_status":"closed","template":"","meta":{"_acf_changed":false,"_et_pb_use_builder":"on","_et_pb_old_content":"","_et_gb_content_width":"","footnotes":""},"class_list":["post-306165","page","type-page","status-publish","hentry"],"acf":[],"_links":{"self":[{"href":"https:\/\/www.pth-group.com\/fr\/wp-json\/wp\/v2\/pages\/306165","targetHints":{"allow":["GET"]}}],"collection":[{"href":"https:\/\/www.pth-group.com\/fr\/wp-json\/wp\/v2\/pages"}],"about":[{"href":"https:\/\/www.pth-group.com\/fr\/wp-json\/wp\/v2\/types\/page"}],"author":[{"embeddable":true,"href":"https:\/\/www.pth-group.com\/fr\/wp-json\/wp\/v2\/users\/1"}],"replies":[{"embeddable":true,"href":"https:\/\/www.pth-group.com\/fr\/wp-json\/wp\/v2\/comments?post=306165"}],"version-history":[{"count":0,"href":"https:\/\/www.pth-group.com\/fr\/wp-json\/wp\/v2\/pages\/306165\/revisions"}],"wp:attachment":[{"href":"https:\/\/www.pth-group.com\/fr\/wp-json\/wp\/v2\/media?parent=306165"}],"curies":[{"name":"wp","href":"https:\/\/api.w.org\/{rel}","templated":true}]}}