{"id":306367,"date":"2024-09-16T10:09:08","date_gmt":"2024-09-16T09:09:08","guid":{"rendered":"https:\/\/pth.2fcom.me\/produits\/profiles-en-plastique\/accessoires-de-profiles-pour-leclairage\/"},"modified":"2025-10-14T14:23:41","modified_gmt":"2025-10-14T13:23:41","slug":"accessoires-de-profiles-pour-leclairage","status":"publish","type":"page","link":"https:\/\/www.pth-group.com\/fr\/produits\/profiles-en-plastique\/accessoires-de-profiles-pour-leclairage\/","title":{"rendered":"Accessoires de Profil\u00e9s pour l&rsquo;\u00c9clairage"},"content":{"rendered":"<p>[et_pb_section fb_built=\u00a0\u00bb1&Prime; _builder_version=\u00a0\u00bb4.27.0&Prime; _module_preset=\u00a0\u00bbdefault\u00a0\u00bb background_enable_color=\u00a0\u00bboff\u00a0\u00bb width=\u00a0\u00bb100%\u00a0\u00bb custom_padding=\u00a0\u00bb||||false|false\u00a0\u00bb collapsed=\u00a0\u00bboff\u00a0\u00bb global_colors_info=\u00a0\u00bb{}\u00a0\u00bb][et_pb_row column_structure=\u00a0\u00bb1_2,1_2&Prime; make_equal=\u00a0\u00bbon\u00a0\u00bb _builder_version=\u00a0\u00bb4.27.0&Prime; _module_preset=\u00a0\u00bbdefault\u00a0\u00bb width=\u00a0\u00bb100%\u00a0\u00bb custom_padding=\u00a0\u00bb0px||||false|false\u00a0\u00bb custom_css_main_element=\u00a0\u00bbalign-items: center;\u00a0\u00bb global_colors_info=\u00a0\u00bb{}\u00a0\u00bb][et_pb_column type=\u00a0\u00bb1_2&Prime; _builder_version=\u00a0\u00bb4.25.1&Prime; _module_preset=\u00a0\u00bbdefault\u00a0\u00bb global_colors_info=\u00a0\u00bb{}\u00a0\u00bb][et_pb_text _builder_version=\u00a0\u00bb4.27.0&Prime; _module_preset=\u00a0\u00bbdefault\u00a0\u00bb global_colors_info=\u00a0\u00bb{}\u00a0\u00bb]<\/p>\n<p><iframe title=\"YouTube video player\" src=\"https:\/\/www.youtube.com\/embed\/8HX2LKg2WGQ?rel=0\" width=\"560\" height=\"315\" frameborder=\"0\" allowfullscreen=\"allowfullscreen\"><\/iframe><\/p>\n<p>[\/et_pb_text][\/et_pb_column][et_pb_column type=\u00a0\u00bb1_2&Prime; _builder_version=\u00a0\u00bb4.27.0&Prime; _module_preset=\u00a0\u00bbdefault\u00a0\u00bb global_colors_info=\u00a0\u00bb{}\u00a0\u00bb][et_pb_text _builder_version=\u00a0\u00bb4.27.0&Prime; _module_preset=\u00a0\u00bbdefault\u00a0\u00bb global_colors_info=\u00a0\u00bb{}\u00a0\u00bb]<\/p>\n<p>PTH Group offre une large gamme d&rsquo;accessoires pour <a href=\"https:\/\/www.pth-group.com\/fr\/produits\/profiles-en-plastique\/profiles-en-aluminium-pour-led\/\" target=\"_blank\" rel=\"noopener\"><strong>profil\u00e9s en aluminium<\/strong><\/a>, con\u00e7us pour compl\u00e9ter et optimiser vos projets d&rsquo;\u00e9clairage. Notre s\u00e9lection comprend des supports et des bouchons de fermeture, des \u00e9l\u00e9ments essentiels pour garantir une fonctionnalit\u00e9 maximale et une finition impeccable de vos profil\u00e9s extrud\u00e9s. <\/p>\n<p>[\/et_pb_text][\/et_pb_column][\/et_pb_row][\/et_pb_section][et_pb_section fb_built=\u00a0\u00bb1&Prime; _builder_version=\u00a0\u00bb4.27.0&Prime; _module_preset=\u00a0\u00bbdefault\u00a0\u00bb custom_padding=\u00a0\u00bb0px||0px||false|false\u00a0\u00bb collapsed=\u00a0\u00bboff\u00a0\u00bb global_colors_info=\u00a0\u00bb{}\u00a0\u00bb][et_pb_row _builder_version=\u00a0\u00bb4.25.1&Prime; _module_preset=\u00a0\u00bbdefault\u00a0\u00bb width=\u00a0\u00bb100%\u00a0\u00bb custom_padding=\u00a0\u00bb0px||||false|false\u00a0\u00bb global_colors_info=\u00a0\u00bb{}\u00a0\u00bb][et_pb_column type=\u00a0\u00bb4_4&Prime; _builder_version=\u00a0\u00bb4.25.1&Prime; _module_preset=\u00a0\u00bbdefault\u00a0\u00bb global_colors_info=\u00a0\u00bb{}\u00a0\u00bb][et_pb_heading title=\u00a0\u00bb\u00c9chantillons Disponibles\u00a0\u00bb _builder_version=\u00a0\u00bb4.27.0&Prime; _module_preset=\u00a0\u00bbdefault\u00a0\u00bb title_level=\u00a0\u00bbh3&Prime; title_font=\u00a0\u00bb|700|||||||\u00a0\u00bb global_colors_info=\u00a0\u00bb{}\u00a0\u00bb][\/et_pb_heading][et_pb_text _builder_version=\u00a0\u00bb4.25.2&Prime; _module_preset=\u00a0\u00bbdefault\u00a0\u00bb global_colors_info=\u00a0\u00bb{}\u00a0\u00bb]<\/p>\n<p>Pour vous aider \u00e0 choisir la solution la plus adapt\u00e9e \u00e0 vos besoins, nous vous proposons des \u00e9chantillons de nos profil\u00e9s sur demande. Vous pourrez ainsi \u00e9valuer directement les caract\u00e9ristiques et les finitions disponibles, ce qui vous permettra de s\u00e9lectionner le profil\u00e9 id\u00e9al pour votre projet. <\/p>\n<p>[\/et_pb_text][et_pb_heading title=\u00a0\u00bbSupports de Fixation\u00a0\u00bb _builder_version=\u00a0\u00bb4.27.0&Prime; _module_preset=\u00a0\u00bbdefault\u00a0\u00bb title_level=\u00a0\u00bbh3&Prime; title_font=\u00a0\u00bb|700|||||||\u00a0\u00bb custom_margin=\u00a0\u00bb||||false|false\u00a0\u00bb global_colors_info=\u00a0\u00bb{}\u00a0\u00bb][\/et_pb_heading][et_pb_text _builder_version=\u00a0\u00bb4.27.0&Prime; _module_preset=\u00a0\u00bbdefault\u00a0\u00bb global_colors_info=\u00a0\u00bb{}\u00a0\u00bb]<\/p>\n<p>Nos supports de fixation sont con\u00e7us pour offrir stabilit\u00e9 et s\u00e9curit\u00e9 lors de l&rsquo;installation des profil\u00e9s en aluminium. Fabriqu\u00e9s avec des mat\u00e9riaux de haute qualit\u00e9, ils garantissent un montage solide et durable, s&rsquo;adaptant parfaitement \u00e0 diff\u00e9rents types de profil\u00e9s. <\/p>\n<p>[\/et_pb_text][et_pb_heading title=\u00a0\u00bbBouchons de Fermeture\u00a0\u00bb _builder_version=\u00a0\u00bb4.27.0&Prime; _module_preset=\u00a0\u00bbdefault\u00a0\u00bb title_level=\u00a0\u00bbh3&Prime; title_font=\u00a0\u00bb|700|||||||\u00a0\u00bb global_colors_info=\u00a0\u00bb{}\u00a0\u00bb][\/et_pb_heading][et_pb_text _builder_version=\u00a0\u00bb4.27.0&Prime; _module_preset=\u00a0\u00bbdefault\u00a0\u00bb global_colors_info=\u00a0\u00bb{}\u00a0\u00bb]<\/p>\n<p>Les bouchons de fermeture propos\u00e9s par PTH Group sont id\u00e9aux pour une finition \u00e9l\u00e9gante et professionnelle des profil\u00e9s. Ces accessoires contribuent non seulement \u00e0 am\u00e9liorer l&rsquo;esth\u00e9tique du produit final, mais aussi \u00e0 prot\u00e9ger les profil\u00e9s des \u00e9l\u00e9ments ext\u00e9rieurs, garantissant ainsi une plus grande durabilit\u00e9. <\/p>\n<p>[\/et_pb_text][et_pb_heading title=\u00a0\u00bbQualit\u00e9 et Personnalisation\u00a0\u00bb _builder_version=\u00a0\u00bb4.27.0&Prime; _module_preset=\u00a0\u00bbdefault\u00a0\u00bb title_level=\u00a0\u00bbh3&Prime; title_font=\u00a0\u00bb|700|||||||\u00a0\u00bb global_colors_info=\u00a0\u00bb{}\u00a0\u00bb][\/et_pb_heading][et_pb_text _builder_version=\u00a0\u00bb4.27.0&Prime; _module_preset=\u00a0\u00bbdefault\u00a0\u00bb global_colors_info=\u00a0\u00bb{}\u00a0\u00bb]<\/p>\n<p>Tous nos accessoires sont fabriqu\u00e9s avec des mat\u00e9riaux r\u00e9sistants et con\u00e7us pour durer dans le temps, assurant qualit\u00e9 et fiabilit\u00e9. Des \u00e9chantillons sont disponibles sur demande pour vous permettre d&rsquo;\u00e9valuer leur adaptabilit\u00e9 \u00e0 vos projets sp\u00e9cifiques. <\/p>\n<p>[\/et_pb_text][et_pb_button button_url=\u00a0\u00bb#catalogo\u00a0\u00bb button_text=\u00a0\u00bbVoir le catalogue\u00a0\u00bb button_alignment=\u00a0\u00bbleft\u00a0\u00bb _builder_version=\u00a0\u00bb4.25.2&Prime; _module_preset=\u00a0\u00bbdefault\u00a0\u00bb custom_button=\u00a0\u00bbon\u00a0\u00bb button_text_size=\u00a0\u00bb14px\u00a0\u00bb button_text_color=\u00a0\u00bb#000000&Prime; button_bg_color=\u00a0\u00bb#EBECED\u00a0\u00bb button_border_width=\u00a0\u00bb2px\u00a0\u00bb button_border_color=\u00a0\u00bbrgba(0,0,0,0.52)\u00a0\u00bb button_border_radius=\u00a0\u00bb20px\u00a0\u00bb button_font=\u00a0\u00bb|300||on|||||\u00a0\u00bb button_icon=\u00a0\u00bb&#x22;||divi||400&Prime; button_icon_color=\u00a0\u00bb#000000&Prime; button_icon_placement=\u00a0\u00bbleft\u00a0\u00bb button_on_hover=\u00a0\u00bboff\u00a0\u00bb position_origin_a=\u00a0\u00bbbottom_center\u00a0\u00bb vertical_offset=\u00a0\u00bb20px\u00a0\u00bb global_module=\u00a0\u00bb284728&Prime; saved_tabs=\u00a0\u00bball\u00a0\u00bb global_colors_info=\u00a0\u00bb{}\u00a0\u00bb][\/et_pb_button][\/et_pb_column][\/et_pb_row][\/et_pb_section][et_pb_section fb_built=\u00a0\u00bb1&Prime; module_id=\u00a0\u00bbcatalogo\u00a0\u00bb _builder_version=\u00a0\u00bb4.25.1&Prime; _module_preset=\u00a0\u00bbdefault\u00a0\u00bb custom_padding=\u00a0\u00bb0px||0px||false|false\u00a0\u00bb saved_tabs=\u00a0\u00bball\u00a0\u00bb global_colors_info=\u00a0\u00bb{}\u00a0\u00bb][et_pb_row _builder_version=\u00a0\u00bb4.25.1&Prime; _module_preset=\u00a0\u00bbdefault\u00a0\u00bb width=\u00a0\u00bb100%\u00a0\u00bb global_colors_info=\u00a0\u00bb{}\u00a0\u00bb][et_pb_column type=\u00a0\u00bb4_4&Prime; _builder_version=\u00a0\u00bb4.25.1&Prime; _module_preset=\u00a0\u00bbdefault\u00a0\u00bb global_colors_info=\u00a0\u00bb{}\u00a0\u00bb][et_pb_heading title=\u00a0\u00bb@ET-DC@eyJkeW5hbWljIjp0cnVlLCJjb250ZW50IjoiY3VzdG9tX21ldGFfdGl0b2xvX2NhdGFsb2dvX3BhZ2luYV9zaW5nb2xpX3Byb2ZpbGkiLCJzZXR0aW5ncyI6eyJiZWZvcmUiOiIiLCJhZnRlciI6IiIsImVuYWJsZV9odG1sIjoib2ZmIn19@\u00a0\u00bb _builder_version=\u00a0\u00bb4.25.1&Prime; _dynamic_attributes=\u00a0\u00bbtitle\u00a0\u00bb _module_preset=\u00a0\u00bbdefault\u00a0\u00bb title_level=\u00a0\u00bbh2&Prime; title_font=\u00a0\u00bb|700|||||||\u00a0\u00bb title_text_align=\u00a0\u00bbcenter\u00a0\u00bb global_colors_info=\u00a0\u00bb{}\u00a0\u00bb][\/et_pb_heading][\/et_pb_column][\/et_pb_row][et_pb_row _builder_version=\u00a0\u00bb4.25.1&Prime; _module_preset=\u00a0\u00bbdefault\u00a0\u00bb width=\u00a0\u00bb100%\u00a0\u00bb global_colors_info=\u00a0\u00bb{}\u00a0\u00bb][et_pb_column type=\u00a0\u00bb4_4&Prime; _builder_version=\u00a0\u00bb4.25.1&Prime; _module_preset=\u00a0\u00bbdefault\u00a0\u00bb global_colors_info=\u00a0\u00bb{}\u00a0\u00bb][et_pb_portfolio fullwidth=\u00a0\u00bboff\u00a0\u00bb posts_number=\u00a0\u00bb100&Prime; include_categories=\u00a0\u00bb45&Prime; _builder_version=\u00a0\u00bb4.27.0&Prime; _module_preset=\u00a0\u00bbdefault\u00a0\u00bb box_shadow_style_image=\u00a0\u00bbpreset3&Prime; box_shadow_vertical_image=\u00a0\u00bb5px\u00a0\u00bb box_shadow_blur_image=\u00a0\u00bb10px\u00a0\u00bb global_colors_info=\u00a0\u00bb{}\u00a0\u00bb][\/et_pb_portfolio][\/et_pb_column][\/et_pb_row][\/et_pb_section]<\/p>\n","protected":false},"excerpt":{"rendered":"<p>PTH Group offre une large gamme d&rsquo;accessoires pour profil\u00e9s en aluminium, con\u00e7us pour compl\u00e9ter et optimiser vos projets d&rsquo;\u00e9clairage. Notre s\u00e9lection comprend des supports et des bouchons de fermeture, des \u00e9l\u00e9ments essentiels pour garantir une fonctionnalit\u00e9 maximale et une finition impeccable de vos profil\u00e9s extrud\u00e9s. Pour vous aider \u00e0 choisir la solution la plus adapt\u00e9e \u00e0 vos besoins, nous vous proposons des \u00e9chantillons de nos profil\u00e9s sur demande. Vous pourrez ainsi \u00e9valuer directement les caract\u00e9ristiques et les finitions disponibles, ce qui vous permettra de s\u00e9lectionner le profil\u00e9 id\u00e9al pour votre projet. Nos supports de fixation sont con\u00e7us pour offrir stabilit\u00e9 et s\u00e9curit\u00e9 lors de l&rsquo;installation des profil\u00e9s en aluminium. Fabriqu\u00e9s avec des mat\u00e9riaux de haute qualit\u00e9, ils garantissent un montage solide et durable, s&rsquo;adaptant parfaitement \u00e0 diff\u00e9rents types de profil\u00e9s. Les bouchons de fermeture propos\u00e9s par PTH Group sont id\u00e9aux pour une finition \u00e9l\u00e9gante et professionnelle des profil\u00e9s. Ces accessoires contribuent non seulement \u00e0 am\u00e9liorer l&rsquo;esth\u00e9tique du produit final, mais aussi \u00e0 prot\u00e9ger les profil\u00e9s des \u00e9l\u00e9ments ext\u00e9rieurs, garantissant ainsi une plus grande durabilit\u00e9. Tous nos accessoires sont fabriqu\u00e9s avec des mat\u00e9riaux r\u00e9sistants et con\u00e7us pour durer dans le temps, assurant qualit\u00e9 et fiabilit\u00e9. Des \u00e9chantillons sont disponibles sur demande [&hellip;]<\/p>\n","protected":false},"author":1,"featured_media":0,"parent":305931,"menu_order":0,"comment_status":"closed","ping_status":"closed","template":"","meta":{"_acf_changed":false,"_et_pb_use_builder":"on","_et_pb_old_content":"","_et_gb_content_width":"","footnotes":""},"class_list":["post-306367","page","type-page","status-publish","hentry"],"acf":[],"_links":{"self":[{"href":"https:\/\/www.pth-group.com\/fr\/wp-json\/wp\/v2\/pages\/306367","targetHints":{"allow":["GET"]}}],"collection":[{"href":"https:\/\/www.pth-group.com\/fr\/wp-json\/wp\/v2\/pages"}],"about":[{"href":"https:\/\/www.pth-group.com\/fr\/wp-json\/wp\/v2\/types\/page"}],"author":[{"embeddable":true,"href":"https:\/\/www.pth-group.com\/fr\/wp-json\/wp\/v2\/users\/1"}],"replies":[{"embeddable":true,"href":"https:\/\/www.pth-group.com\/fr\/wp-json\/wp\/v2\/comments?post=306367"}],"version-history":[{"count":0,"href":"https:\/\/www.pth-group.com\/fr\/wp-json\/wp\/v2\/pages\/306367\/revisions"}],"up":[{"embeddable":true,"href":"https:\/\/www.pth-group.com\/fr\/wp-json\/wp\/v2\/pages\/305931"}],"wp:attachment":[{"href":"https:\/\/www.pth-group.com\/fr\/wp-json\/wp\/v2\/media?parent=306367"}],"curies":[{"name":"wp","href":"https:\/\/api.w.org\/{rel}","templated":true}]}}