{"id":308803,"date":"2024-05-21T08:33:03","date_gmt":"2024-05-21T07:33:03","guid":{"rendered":"https:\/\/pth.2fcom.me\/produits\/profiles-en-plastique\/profili-fermavetri-e-pareti-divisorie\/"},"modified":"2025-10-14T14:43:47","modified_gmt":"2025-10-14T13:43:47","slug":"profils-pour-cloison-et-murs-de-separation","status":"publish","type":"page","link":"https:\/\/www.pth-group.com\/fr\/produits\/profiles-en-plastique\/profils-pour-cloison-et-murs-de-separation\/","title":{"rendered":"Profil\u00e9s Parcloses et Cloisons de S\u00e9paration"},"content":{"rendered":"<p>[et_pb_section fb_built=\u00a0\u00bb1&Prime; _builder_version=\u00a0\u00bb4.25.1&Prime; _module_preset=\u00a0\u00bbdefault\u00a0\u00bb custom_padding=\u00a0\u00bb0px||0px||false|false\u00a0\u00bb global_colors_info=\u00a0\u00bb{}\u00a0\u00bb][et_pb_row _builder_version=\u00a0\u00bb4.25.1&Prime; _module_preset=\u00a0\u00bbdefault\u00a0\u00bb width=\u00a0\u00bb100%\u00a0\u00bb custom_padding=\u00a0\u00bb0px||||false|false\u00a0\u00bb global_colors_info=\u00a0\u00bb{}\u00a0\u00bb][et_pb_column type=\u00a0\u00bb4_4&Prime; _builder_version=\u00a0\u00bb4.25.1&Prime; _module_preset=\u00a0\u00bbdefault\u00a0\u00bb global_colors_info=\u00a0\u00bb{}\u00a0\u00bb][et_pb_text _builder_version=\u00a0\u00bb4.27.0&Prime; _module_preset=\u00a0\u00bbdefault\u00a0\u00bb global_colors_info=\u00a0\u00bb{}\u00a0\u00bb]<\/p>\n<p>Profil\u00e9s de Parcloses et Cloisons en <strong>Polycarbonate (PC) Transparent <\/strong> sont des \u00e9l\u00e9ments extrud\u00e9s con\u00e7us pour fixer et supporter des panneaux de verre ou d&rsquo;autres surfaces de cloisons. Le polycarbonate est un mat\u00e9riau thermoplastique connu pour sa transparence, sa r\u00e9sistance aux chocs et sa durabilit\u00e9. Ces profil\u00e9s sont extrud\u00e9s pour garantir une forme pr\u00e9cise et uniforme, et sont dot\u00e9s d&rsquo;un adh\u00e9sif double face appliqu\u00e9 lors de l&rsquo;extrusion, facilitant ainsi l&rsquo;installation.  <\/p>\n<p>[\/et_pb_text][et_pb_heading title=\u00a0\u00bb\u00c9chantillons Disponibles\u00a0\u00bb _builder_version=\u00a0\u00bb4.25.2&Prime; _module_preset=\u00a0\u00bbdefault\u00a0\u00bb title_level=\u00a0\u00bbh3&Prime; title_font=\u00a0\u00bb|700|||||||\u00a0\u00bb global_colors_info=\u00a0\u00bb{}\u00a0\u00bb][\/et_pb_heading][et_pb_text _builder_version=\u00a0\u00bb4.25.2&Prime; _module_preset=\u00a0\u00bbdefault\u00a0\u00bb global_colors_info=\u00a0\u00bb{}\u00a0\u00bb]<\/p>\n<p><span>Pour vous aider \u00e0 choisir la solution la plus adapt\u00e9e \u00e0 vos besoins, nous vous proposons des \u00e9chantillons de nos profil\u00e9s sur demande. Vous pourrez ainsi \u00e9valuer directement les caract\u00e9ristiques et les finitions disponibles, ce qui vous permettra de s\u00e9lectionner le profil\u00e9 id\u00e9al pour votre projet. <\/span><\/p>\n<p>[\/et_pb_text][et_pb_heading title=\u00a0\u00bbApplications Typiques\u00a0\u00bb _builder_version=\u00a0\u00bb4.25.2&Prime; _module_preset=\u00a0\u00bbdefault\u00a0\u00bb title_level=\u00a0\u00bbh3&Prime; title_font=\u00a0\u00bb|700|||||||\u00a0\u00bb global_colors_info=\u00a0\u00bb{}\u00a0\u00bb][\/et_pb_heading][et_pb_text _builder_version=\u00a0\u00bb4.25.2&Prime; _module_preset=\u00a0\u00bbdefault\u00a0\u00bb global_colors_info=\u00a0\u00bb{}\u00a0\u00bb]<\/p>\n<p>Les profil\u00e9s de parcloses et cloisons de PTH Group sont utilis\u00e9s dans une large gamme de secteurs, notamment :<\/p>\n<p><strong>Secteur R\u00e9sidentiel<\/strong><\/p>\n<ul>\n<li>Fen\u00eatres et portes int\u00e9rieures: Les profil\u00e9s de parcloses en polycarbonate aident \u00e0 maintenir les panneaux de verre fermement en place, garantissant s\u00e9curit\u00e9 et stabilit\u00e9.<\/li>\n<li>Cloisons int\u00e9rieures: Utilis\u00e9s pour cr\u00e9er des divisions transparentes ou semi-transparentes \u00e0 l&rsquo;int\u00e9rieur des habitations, tout en maintenant la luminosit\u00e9 des espaces.<\/li>\n<\/ul>\n<p><strong>Secteur Commercial<\/strong><\/p>\n<ul>\n<li>Bureaux: Cr\u00e9ation d&rsquo;espaces s\u00e9par\u00e9s dans des bureaux en open space sans compromettre la lumi\u00e8re naturelle.<\/li>\n<li>Vitrines et pr\u00e9sentoirs: Utilis\u00e9s dans les magasins et les showrooms pour fixer le verre dans les vitrines ou cr\u00e9er des structures d&rsquo;exposition transparentes.<\/li>\n<\/ul>\n<p><strong>Secteur Industriel<\/strong><\/p>\n<ul>\n<li>\u00c9crans de s\u00e9curit\u00e9: Protection dans des environnements industriels o\u00f9 une s\u00e9paration entre diff\u00e9rentes zones op\u00e9rationnelles est n\u00e9cessaire.<\/li>\n<li>Barri\u00e8res acoustiques: Utilis\u00e9s dans des environnements bruyants pour cr\u00e9er des barri\u00e8res qui r\u00e9duisent le niveau de bruit sans bloquer la visibilit\u00e9.<\/li>\n<\/ul>\n<p>[\/et_pb_text][et_pb_heading title=\u00a0\u00bbCaract\u00e9ristiques Suppl\u00e9mentaires\u00a0\u00bb _builder_version=\u00a0\u00bb4.25.2&Prime; _module_preset=\u00a0\u00bbdefault\u00a0\u00bb title_level=\u00a0\u00bbh3&Prime; title_font=\u00a0\u00bb|700|||||||\u00a0\u00bb global_colors_info=\u00a0\u00bb{}\u00a0\u00bb][\/et_pb_heading][et_pb_text _builder_version=\u00a0\u00bb4.25.2&Prime; _module_preset=\u00a0\u00bbdefault\u00a0\u00bb global_colors_info=\u00a0\u00bb{}\u00a0\u00bb]<\/p>\n<ul>\n<li><strong>R\u00e9sistance aux Chocs<\/strong> Le polycarbonate est connu pour sa haute r\u00e9sistance aux chocs, ce qui rend ces profil\u00e9s id\u00e9aux pour les applications o\u00f9 la s\u00e9curit\u00e9 est une priorit\u00e9.<\/li>\n<li><strong>Facilit\u00e9 d&rsquo;Installation<\/strong> Gr\u00e2ce \u00e0 l&rsquo;adh\u00e9sif double face appliqu\u00e9 lors de l&rsquo;extrusion, l&rsquo;installation est rapide et facile, sans besoin d&rsquo;adh\u00e9sifs suppl\u00e9mentaires ou de fixations m\u00e9caniques.<\/li>\n<li><strong>Polyvalence<\/strong> Adapt\u00e9s \u00e0 une large gamme d&rsquo;applications int\u00e9rieures et ext\u00e9rieures, gr\u00e2ce \u00e0 la r\u00e9sistance aux intemp\u00e9ries et aux variations de temp\u00e9rature.<\/li>\n<\/ul>\n<p>[\/et_pb_text][et_pb_button button_url=\u00a0\u00bb#catalogo\u00a0\u00bb button_text=\u00a0\u00bbVoir le catalogue\u00a0\u00bb button_alignment=\u00a0\u00bbleft\u00a0\u00bb _builder_version=\u00a0\u00bb4.25.1&Prime; _module_preset=\u00a0\u00bbdefault\u00a0\u00bb custom_button=\u00a0\u00bbon\u00a0\u00bb button_text_size=\u00a0\u00bb14px\u00a0\u00bb button_text_color=\u00a0\u00bb#000000&Prime; button_bg_color=\u00a0\u00bb#EBECED\u00a0\u00bb button_border_width=\u00a0\u00bb2px\u00a0\u00bb button_border_color=\u00a0\u00bbrgba(0,0,0,0.52)\u00a0\u00bb button_border_radius=\u00a0\u00bb20px\u00a0\u00bb button_font=\u00a0\u00bb|300||on|||||\u00a0\u00bb button_icon=\u00a0\u00bb&#x22;||divi||400&Prime; button_icon_color=\u00a0\u00bb#000000&Prime; button_icon_placement=\u00a0\u00bbleft\u00a0\u00bb button_on_hover=\u00a0\u00bboff\u00a0\u00bb position_origin_a=\u00a0\u00bbbottom_center\u00a0\u00bb vertical_offset=\u00a0\u00bb20px\u00a0\u00bb global_colors_info=\u00a0\u00bb{}\u00a0\u00bb][\/et_pb_button][\/et_pb_column][\/et_pb_row][\/et_pb_section][et_pb_section fb_built=\u00a0\u00bb1&Prime; module_id=\u00a0\u00bbcatalogo\u00a0\u00bb _builder_version=\u00a0\u00bb4.25.1&Prime; _module_preset=\u00a0\u00bbdefault\u00a0\u00bb custom_padding=\u00a0\u00bb0px||0px||false|false\u00a0\u00bb saved_tabs=\u00a0\u00bball\u00a0\u00bb global_colors_info=\u00a0\u00bb{}\u00a0\u00bb][et_pb_row _builder_version=\u00a0\u00bb4.25.1&Prime; _module_preset=\u00a0\u00bbdefault\u00a0\u00bb width=\u00a0\u00bb100%\u00a0\u00bb global_colors_info=\u00a0\u00bb{}\u00a0\u00bb][et_pb_column type=\u00a0\u00bb4_4&Prime; _builder_version=\u00a0\u00bb4.25.1&Prime; _module_preset=\u00a0\u00bbdefault\u00a0\u00bb global_colors_info=\u00a0\u00bb{}\u00a0\u00bb][et_pb_heading title=\u00a0\u00bb@ET-DC@eyJkeW5hbWljIjp0cnVlLCJjb250ZW50IjoiY3VzdG9tX21ldGFfdGl0b2xvX2NhdGFsb2dvX3BhZ2luYV9zaW5nb2xpX3Byb2ZpbGkiLCJzZXR0aW5ncyI6eyJiZWZvcmUiOiIiLCJhZnRlciI6IiIsImVuYWJsZV9odG1sIjoib2ZmIn19@\u00a0\u00bb _builder_version=\u00a0\u00bb4.25.1&Prime; _dynamic_attributes=\u00a0\u00bbtitle\u00a0\u00bb _module_preset=\u00a0\u00bbdefault\u00a0\u00bb title_level=\u00a0\u00bbh2&Prime; title_font=\u00a0\u00bb|700|||||||\u00a0\u00bb title_text_align=\u00a0\u00bbcenter\u00a0\u00bb global_colors_info=\u00a0\u00bb{}\u00a0\u00bb][\/et_pb_heading][\/et_pb_column][\/et_pb_row][et_pb_row _builder_version=\u00a0\u00bb4.25.1&Prime; _module_preset=\u00a0\u00bbdefault\u00a0\u00bb width=\u00a0\u00bb100%\u00a0\u00bb global_colors_info=\u00a0\u00bb{}\u00a0\u00bb][et_pb_column type=\u00a0\u00bb4_4&Prime; _builder_version=\u00a0\u00bb4.25.1&Prime; _module_preset=\u00a0\u00bbdefault\u00a0\u00bb global_colors_info=\u00a0\u00bb{}\u00a0\u00bb][et_pb_portfolio fullwidth=\u00a0\u00bboff\u00a0\u00bb posts_number=\u00a0\u00bb100&Prime; include_categories=\u00a0\u00bb38&Prime; _builder_version=\u00a0\u00bb4.25.2&Prime; _module_preset=\u00a0\u00bbdefault\u00a0\u00bb box_shadow_style_image=\u00a0\u00bbpreset3&Prime; box_shadow_vertical_image=\u00a0\u00bb5px\u00a0\u00bb box_shadow_blur_image=\u00a0\u00bb10px\u00a0\u00bb global_colors_info=\u00a0\u00bb{}\u00a0\u00bb][\/et_pb_portfolio][\/et_pb_column][\/et_pb_row][\/et_pb_section]<\/p>\n","protected":false},"excerpt":{"rendered":"<p>Profil\u00e9s de Parcloses et Cloisons en Polycarbonate (PC) Transparent sont des \u00e9l\u00e9ments extrud\u00e9s con\u00e7us pour fixer et supporter des panneaux de verre ou d&rsquo;autres surfaces de cloisons. Le polycarbonate est un mat\u00e9riau thermoplastique connu pour sa transparence, sa r\u00e9sistance aux chocs et sa durabilit\u00e9. Ces profil\u00e9s sont extrud\u00e9s pour garantir une forme pr\u00e9cise et uniforme, et sont dot\u00e9s d&rsquo;un adh\u00e9sif double face appliqu\u00e9 lors de l&rsquo;extrusion, facilitant ainsi l&rsquo;installation. Pour vous aider \u00e0 choisir la solution la plus adapt\u00e9e \u00e0 vos besoins, nous vous proposons des \u00e9chantillons de nos profil\u00e9s sur demande. Vous pourrez ainsi \u00e9valuer directement les caract\u00e9ristiques et les finitions disponibles, ce qui vous permettra de s\u00e9lectionner le profil\u00e9 id\u00e9al pour votre projet. Les profil\u00e9s de parcloses et cloisons de PTH Group sont utilis\u00e9s dans une large gamme de secteurs, notamment : Secteur R\u00e9sidentiel Fen\u00eatres et portes int\u00e9rieures: Les profil\u00e9s de parcloses en polycarbonate aident \u00e0 maintenir les panneaux de verre fermement en place, garantissant s\u00e9curit\u00e9 et stabilit\u00e9. Cloisons int\u00e9rieures: Utilis\u00e9s pour cr\u00e9er des divisions transparentes ou semi-transparentes \u00e0 l&rsquo;int\u00e9rieur des habitations, tout en maintenant la luminosit\u00e9 des espaces. Secteur Commercial Bureaux: Cr\u00e9ation d&rsquo;espaces s\u00e9par\u00e9s dans des bureaux en open space sans compromettre la lumi\u00e8re naturelle. Vitrines et [&hellip;]<\/p>\n","protected":false},"author":1,"featured_media":0,"parent":305931,"menu_order":0,"comment_status":"closed","ping_status":"closed","template":"","meta":{"_acf_changed":false,"_et_pb_use_builder":"on","_et_pb_old_content":"","_et_gb_content_width":"","footnotes":""},"class_list":["post-308803","page","type-page","status-publish","hentry"],"acf":[],"_links":{"self":[{"href":"https:\/\/www.pth-group.com\/fr\/wp-json\/wp\/v2\/pages\/308803","targetHints":{"allow":["GET"]}}],"collection":[{"href":"https:\/\/www.pth-group.com\/fr\/wp-json\/wp\/v2\/pages"}],"about":[{"href":"https:\/\/www.pth-group.com\/fr\/wp-json\/wp\/v2\/types\/page"}],"author":[{"embeddable":true,"href":"https:\/\/www.pth-group.com\/fr\/wp-json\/wp\/v2\/users\/1"}],"replies":[{"embeddable":true,"href":"https:\/\/www.pth-group.com\/fr\/wp-json\/wp\/v2\/comments?post=308803"}],"version-history":[{"count":0,"href":"https:\/\/www.pth-group.com\/fr\/wp-json\/wp\/v2\/pages\/308803\/revisions"}],"up":[{"embeddable":true,"href":"https:\/\/www.pth-group.com\/fr\/wp-json\/wp\/v2\/pages\/305931"}],"wp:attachment":[{"href":"https:\/\/www.pth-group.com\/fr\/wp-json\/wp\/v2\/media?parent=308803"}],"curies":[{"name":"wp","href":"https:\/\/api.w.org\/{rel}","templated":true}]}}