{"id":309005,"date":"2024-05-21T08:33:58","date_gmt":"2024-05-21T07:33:58","guid":{"rendered":"https:\/\/pth.2fcom.me\/produits\/profiles-en-plastique\/profiles-microprismatiques\/"},"modified":"2025-10-14T14:57:31","modified_gmt":"2025-10-14T13:57:31","slug":"profiles-microprismatiques","status":"publish","type":"page","link":"https:\/\/www.pth-group.com\/fr\/produits\/profiles-en-plastique\/profiles-microprismatiques\/","title":{"rendered":"Profil\u00e9s Microprismatiques"},"content":{"rendered":"<p>[et_pb_section fb_built=\u00a0\u00bb1&Prime; _builder_version=\u00a0\u00bb4.25.1&Prime; _module_preset=\u00a0\u00bbdefault\u00a0\u00bb custom_padding=\u00a0\u00bb0px||0px||false|false\u00a0\u00bb global_colors_info=\u00a0\u00bb{}\u00a0\u00bb][et_pb_row _builder_version=\u00a0\u00bb4.25.1&Prime; _module_preset=\u00a0\u00bbdefault\u00a0\u00bb width=\u00a0\u00bb100%\u00a0\u00bb custom_padding=\u00a0\u00bb0px||||false|false\u00a0\u00bb global_colors_info=\u00a0\u00bb{}\u00a0\u00bb][et_pb_column type=\u00a0\u00bb4_4&Prime; _builder_version=\u00a0\u00bb4.25.1&Prime; _module_preset=\u00a0\u00bbdefault\u00a0\u00bb global_colors_info=\u00a0\u00bb{}\u00a0\u00bb][et_pb_text _builder_version=\u00a0\u00bb4.27.0&Prime; _module_preset=\u00a0\u00bbdefault\u00a0\u00bb global_colors_info=\u00a0\u00bb{}\u00a0\u00bb]<\/p>\n<p>Les profil\u00e9s microprismatiques pour l&rsquo;\u00e9clairage sont extrud\u00e9s en <strong>Polycarbonate (PC)<\/strong> et <strong>Polym\u00e9thacrylate de M\u00e9thyle (PMMA)<\/strong>. Ces mat\u00e9riaux sont choisis pour leurs excellentes propri\u00e9t\u00e9s optiques et m\u00e9caniques. Les profil\u00e9s sont con\u00e7us avec une structure microprismatique qui am\u00e9liore la distribution de la lumi\u00e8re, r\u00e9duit l&rsquo;\u00e9blouissement et augmente l&rsquo;efficacit\u00e9 lumineuse. Des \u00e9chantillons sont disponibles sur demande pour des \u00e9valuations sp\u00e9cifiques.   <\/p>\n<p>[\/et_pb_text][et_pb_heading title=\u00a0\u00bb\u00c9chantillons Disponibles\u00a0\u00bb _builder_version=\u00a0\u00bb4.25.2&Prime; _module_preset=\u00a0\u00bbdefault\u00a0\u00bb title_level=\u00a0\u00bbh3&Prime; title_font=\u00a0\u00bb|700|||||||\u00a0\u00bb global_colors_info=\u00a0\u00bb{}\u00a0\u00bb][\/et_pb_heading][et_pb_text _builder_version=\u00a0\u00bb4.25.2&Prime; _module_preset=\u00a0\u00bbdefault\u00a0\u00bb global_colors_info=\u00a0\u00bb{}\u00a0\u00bb]<\/p>\n<p><span>Pour vous aider \u00e0 choisir la solution la plus adapt\u00e9e \u00e0 vos besoins, nous vous proposons des \u00e9chantillons de nos profil\u00e9s sur demande. Vous pourrez ainsi \u00e9valuer directement les caract\u00e9ristiques et les finitions disponibles, ce qui vous permettra de s\u00e9lectionner le profil\u00e9 id\u00e9al pour votre projet. <\/span><\/p>\n<p>[\/et_pb_text][et_pb_heading title=\u00a0\u00bbApplications Typiques\u00a0\u00bb _builder_version=\u00a0\u00bb4.25.2&Prime; _module_preset=\u00a0\u00bbdefault\u00a0\u00bb title_level=\u00a0\u00bbh3&Prime; title_font=\u00a0\u00bb|700|||||||\u00a0\u00bb global_colors_info=\u00a0\u00bb{}\u00a0\u00bb][\/et_pb_heading][et_pb_text _builder_version=\u00a0\u00bb4.27.0&Prime; _module_preset=\u00a0\u00bbdefault\u00a0\u00bb global_colors_info=\u00a0\u00bb{}\u00a0\u00bb]<\/p>\n<p>Les profil\u00e9s microprismatiques sont utilis\u00e9s dans une large gamme de secteurs, notamment :<\/p>\n<p><strong>\u00c9clairage Commercial<\/strong><\/p>\n<ul>\n<li>Lampes de bureau: Am\u00e9liorent l&rsquo;uniformit\u00e9 de la lumi\u00e8re, r\u00e9duisent l&rsquo;\u00e9blouissement et augmentent l&rsquo;efficacit\u00e9 \u00e9nerg\u00e9tique.<\/li>\n<li>Vitrines: Fournissent un \u00e9clairage brillant et uniforme qui met en valeur les produits expos\u00e9s.<\/li>\n<\/ul>\n<p><strong>\u00c9clairage Industriel<\/strong><\/p>\n<ul>\n<li>Entrep\u00f4ts et hangars: Garantissent une distribution uniforme de la lumi\u00e8re dans de grands espaces, am\u00e9liorant la visibilit\u00e9 et la s\u00e9curit\u00e9.<\/li>\n<\/ul>\n<p><strong>\u00c9clairage R\u00e9sidentiel<\/strong><\/p>\n<ul>\n<li>Lampes et syst\u00e8mes d&rsquo;\u00e9clairage int\u00e9rieur: Cr\u00e9ent des environnements lumineux et accueillants avec une lumi\u00e8re douce et uniforme.<\/li>\n<li>\u00c9clairage d\u00e9coratif: Utilis\u00e9s dans les appliques, lustres et autres solutions d\u00e9coratives pour des effets de lumi\u00e8re sophistiqu\u00e9e.<strong><\/strong><\/li>\n<\/ul>\n<p><strong>\u00c9clairage Public<\/strong><\/p>\n<ul>\n<li>Parcs et espaces publics: Fournissent une lumi\u00e8re diffuse et agr\u00e9able, am\u00e9liorant la visibilit\u00e9 sans \u00e9blouissement.<\/li>\n<li>Infrastructures publiques: Comme les gares et les a\u00e9roports, o\u00f9 une bonne distribution de la lumi\u00e8re est essentielle pour la s\u00e9curit\u00e9 et l&rsquo;orientation.<\/li>\n<\/ul>\n<p>[\/et_pb_text][et_pb_heading title=\u00a0\u00bbCaract\u00e9ristiques Suppl\u00e9mentaires\u00a0\u00bb _builder_version=\u00a0\u00bb4.25.2&Prime; _module_preset=\u00a0\u00bbdefault\u00a0\u00bb title_level=\u00a0\u00bbh3&Prime; title_font=\u00a0\u00bb|700|||||||\u00a0\u00bb global_colors_info=\u00a0\u00bb{}\u00a0\u00bb][\/et_pb_heading][et_pb_text _builder_version=\u00a0\u00bb4.27.0&Prime; _module_preset=\u00a0\u00bbdefault\u00a0\u00bb global_colors_info=\u00a0\u00bb{}\u00a0\u00bb]<\/p>\n<ul>\n<li><strong>R\u00e9sistance aux Chocs <\/strong> Le polycarbonate est connu pour sa haute r\u00e9sistance aux chocs, ce qui rend ces profil\u00e9s id\u00e9aux pour les applications o\u00f9 la s\u00e9curit\u00e9 est une priorit\u00e9.<\/li>\n<li><strong>Polyvalence<\/strong> Adapt\u00e9s \u00e0 une large gamme d&rsquo;applications int\u00e9rieures et ext\u00e9rieures, gr\u00e2ce \u00e0 la r\u00e9sistance aux intemp\u00e9ries et aux variations de temp\u00e9rature.<\/li>\n<\/ul>\n<p>[\/et_pb_text][et_pb_button button_url=\u00a0\u00bb#catalogo\u00a0\u00bb button_text=\u00a0\u00bbVoir le catalogue\u00a0\u00bb button_alignment=\u00a0\u00bbleft\u00a0\u00bb _builder_version=\u00a0\u00bb4.25.1&Prime; _module_preset=\u00a0\u00bbdefault\u00a0\u00bb custom_button=\u00a0\u00bbon\u00a0\u00bb button_text_size=\u00a0\u00bb14px\u00a0\u00bb button_text_color=\u00a0\u00bb#000000&Prime; button_bg_color=\u00a0\u00bb#EBECED\u00a0\u00bb button_border_width=\u00a0\u00bb2px\u00a0\u00bb button_border_color=\u00a0\u00bbrgba(0,0,0,0.52)\u00a0\u00bb button_border_radius=\u00a0\u00bb20px\u00a0\u00bb button_font=\u00a0\u00bb|300||on|||||\u00a0\u00bb button_icon=\u00a0\u00bb&#x22;||divi||400&Prime; button_icon_color=\u00a0\u00bb#000000&Prime; button_icon_placement=\u00a0\u00bbleft\u00a0\u00bb button_on_hover=\u00a0\u00bboff\u00a0\u00bb position_origin_a=\u00a0\u00bbbottom_center\u00a0\u00bb vertical_offset=\u00a0\u00bb20px\u00a0\u00bb global_colors_info=\u00a0\u00bb{}\u00a0\u00bb][\/et_pb_button][\/et_pb_column][\/et_pb_row][\/et_pb_section][et_pb_section fb_built=\u00a0\u00bb1&Prime; _builder_version=\u00a0\u00bb4.25.1&Prime; _module_preset=\u00a0\u00bbdefault\u00a0\u00bb global_colors_info=\u00a0\u00bb{}\u00a0\u00bb][et_pb_row _builder_version=\u00a0\u00bb4.25.1&Prime; _module_preset=\u00a0\u00bbdefault\u00a0\u00bb width=\u00a0\u00bb100%\u00a0\u00bb global_colors_info=\u00a0\u00bb{}\u00a0\u00bb][et_pb_column type=\u00a0\u00bb4_4&Prime; _builder_version=\u00a0\u00bb4.25.1&Prime; _module_preset=\u00a0\u00bbdefault\u00a0\u00bb global_colors_info=\u00a0\u00bb{}\u00a0\u00bb][et_pb_heading title=\u00a0\u00bbSurfaces Disponibles pour les Profil\u00e9s de Parcloses et Cloisons\u00a0\u00bb _builder_version=\u00a0\u00bb4.25.1&Prime; _module_preset=\u00a0\u00bbdefault\u00a0\u00bb title_level=\u00a0\u00bbh2&Prime; title_font=\u00a0\u00bb|700|||||||\u00a0\u00bb title_text_align=\u00a0\u00bbcenter\u00a0\u00bb global_colors_info=\u00a0\u00bb{}\u00a0\u00bb][\/et_pb_heading][difl_iconlist list_view_type=\u00a0\u00bbinline\u00a0\u00bb list_item_content_max_width=\u00a0\u00bb100%\u00a0\u00bb list_item_per_column_tablet=\u00a0\u00bb1&Prime; list_item_per_column_phone=\u00a0\u00bb1&Prime; list_item_per_column_last_edited=\u00a0\u00bbon|phone\u00a0\u00bb _builder_version=\u00a0\u00bb4.27.0&Prime; _module_preset=\u00a0\u00bbdefault\u00a0\u00bb global_colors_info=\u00a0\u00bb{}\u00a0\u00bb][difl_iconlistitem list_item_title=\u00a0\u00bbTransparent\u00a0\u00bb _builder_version=\u00a0\u00bb4.25.1&Prime; global_colors_info=\u00a0\u00bb{}\u00a0\u00bb]<\/p>\n<p><span>Parfait pour les applications n\u00e9cessitant une transparence et une visibilit\u00e9 maximales, telles que les couvertures d&rsquo;\u00e9clairage et les affichages.<\/span><\/p>\n<p>[\/difl_iconlistitem][difl_iconlistitem list_item_title=\u00a0\u00bbOpale\u00a0\u00bb _builder_version=\u00a0\u00bb4.25.1&Prime; global_colors_info=\u00a0\u00bb{}\u00a0\u00bb]<\/p>\n<p><span>Id\u00e9al pour diffuser uniform\u00e9ment la lumi\u00e8re, r\u00e9duire l&rsquo;\u00e9blouissement et cr\u00e9er un \u00e9clairage doux et agr\u00e9able.<\/span><\/p>\n<p>[\/difl_iconlistitem][difl_iconlistitem list_item_title=\u00a0\u00bbSatin\u00e9\u00a0\u00bb _builder_version=\u00a0\u00bb4.25.1&Prime; global_colors_info=\u00a0\u00bb{}\u00a0\u00bb]<\/p>\n<p><span>Offre une finition \u00e9l\u00e9gante et moderne, combinant transparence et opacit\u00e9 pour un effet visuel unique.<\/span><\/p>\n<p>[\/difl_iconlistitem][difl_iconlistitem list_item_title=\u00a0\u00bbColor\u00e9\u00a0\u00bb admin_label=\u00a0\u00bbList item\u00a0\u00bb _builder_version=\u00a0\u00bb4.25.1&Prime; _module_preset=\u00a0\u00bbdefault\u00a0\u00bb global_colors_info=\u00a0\u00bb{}\u00a0\u00bb]<\/p>\n<p><span>Disponible dans une large gamme de couleurs pour r\u00e9pondre aux besoins esth\u00e9tiques sp\u00e9cifiques de vos projets.<\/span><\/p>\n<p>[\/difl_iconlistitem][difl_iconlistitem list_item_title=\u00a0\u00bbCoextrud\u00e9\u00a0\u00bb admin_label=\u00a0\u00bbList item\u00a0\u00bb _builder_version=\u00a0\u00bb4.25.1&Prime; _module_preset=\u00a0\u00bbdefault\u00a0\u00bb global_colors_info=\u00a0\u00bb{}\u00a0\u00bb]<\/p>\n<p><span>Fournit une combinaison de mat\u00e9riaux diff\u00e9rents en un seul profil, offrant des propri\u00e9t\u00e9s uniques comme une r\u00e9sistance suppl\u00e9mentaire ou des effets esth\u00e9tiques sp\u00e9ciaux.<\/span><\/p>\n<p>[\/difl_iconlistitem][difl_iconlistitem list_item_title=\u00a0\u00bbBlack &amp; White\u00a0\u00bb admin_label=\u00a0\u00bbList item\u00a0\u00bb _builder_version=\u00a0\u00bb4.25.1&Prime; _module_preset=\u00a0\u00bbdefault\u00a0\u00bb global_colors_info=\u00a0\u00bb{}\u00a0\u00bb]<\/p>\n<p><span> Id\u00e9al pour les applications de design contemporain, o\u00f9 des contrastes nets et marqu\u00e9s sont n\u00e9cessaires.<\/span><\/p>\n<p>[\/difl_iconlistitem][\/difl_iconlist][\/et_pb_column][\/et_pb_row][\/et_pb_section][et_pb_section fb_built=\u00a0\u00bb1&Prime; module_id=\u00a0\u00bbcatalogo\u00a0\u00bb _builder_version=\u00a0\u00bb4.25.1&Prime; _module_preset=\u00a0\u00bbdefault\u00a0\u00bb custom_padding=\u00a0\u00bb0px||0px||false|false\u00a0\u00bb saved_tabs=\u00a0\u00bball\u00a0\u00bb global_colors_info=\u00a0\u00bb{}\u00a0\u00bb][et_pb_row _builder_version=\u00a0\u00bb4.25.1&Prime; _module_preset=\u00a0\u00bbdefault\u00a0\u00bb width=\u00a0\u00bb100%\u00a0\u00bb global_colors_info=\u00a0\u00bb{}\u00a0\u00bb][et_pb_column type=\u00a0\u00bb4_4&Prime; _builder_version=\u00a0\u00bb4.25.1&Prime; _module_preset=\u00a0\u00bbdefault\u00a0\u00bb global_colors_info=\u00a0\u00bb{}\u00a0\u00bb][et_pb_heading title=\u00a0\u00bb@ET-DC@eyJkeW5hbWljIjp0cnVlLCJjb250ZW50IjoiY3VzdG9tX21ldGFfdGl0b2xvX2NhdGFsb2dvX3BhZ2luYV9zaW5nb2xpX3Byb2ZpbGkiLCJzZXR0aW5ncyI6eyJiZWZvcmUiOiIiLCJhZnRlciI6IiIsImVuYWJsZV9odG1sIjoib2ZmIn19@\u00a0\u00bb _builder_version=\u00a0\u00bb4.25.2&Prime; _dynamic_attributes=\u00a0\u00bbtitle\u00a0\u00bb _module_preset=\u00a0\u00bbdefault\u00a0\u00bb title_level=\u00a0\u00bbh2&Prime; title_font=\u00a0\u00bb|700|||||||\u00a0\u00bb title_text_align=\u00a0\u00bbcenter\u00a0\u00bb global_colors_info=\u00a0\u00bb{}\u00a0\u00bb][\/et_pb_heading][\/et_pb_column][\/et_pb_row][et_pb_row _builder_version=\u00a0\u00bb4.25.2&Prime; _module_preset=\u00a0\u00bbdefault\u00a0\u00bb width=\u00a0\u00bb100%\u00a0\u00bb global_colors_info=\u00a0\u00bb{}\u00a0\u00bb][et_pb_column type=\u00a0\u00bb4_4&Prime; _builder_version=\u00a0\u00bb4.25.1&Prime; _module_preset=\u00a0\u00bbdefault\u00a0\u00bb global_colors_info=\u00a0\u00bb{}\u00a0\u00bb][et_pb_portfolio fullwidth=\u00a0\u00bboff\u00a0\u00bb posts_number=\u00a0\u00bb100&Prime; include_categories=\u00a0\u00bb36&Prime; _builder_version=\u00a0\u00bb4.25.2&Prime; _module_preset=\u00a0\u00bbdefault\u00a0\u00bb box_shadow_style_image=\u00a0\u00bbpreset3&Prime; box_shadow_vertical_image=\u00a0\u00bb5px\u00a0\u00bb box_shadow_blur_image=\u00a0\u00bb10px\u00a0\u00bb global_colors_info=\u00a0\u00bb{}\u00a0\u00bb][\/et_pb_portfolio][\/et_pb_column][\/et_pb_row][\/et_pb_section]<\/p>\n","protected":false},"excerpt":{"rendered":"<p>Les profil\u00e9s microprismatiques pour l&rsquo;\u00e9clairage sont extrud\u00e9s en Polycarbonate (PC) et Polym\u00e9thacrylate de M\u00e9thyle (PMMA). Ces mat\u00e9riaux sont choisis pour leurs excellentes propri\u00e9t\u00e9s optiques et m\u00e9caniques. Les profil\u00e9s sont con\u00e7us avec une structure microprismatique qui am\u00e9liore la distribution de la lumi\u00e8re, r\u00e9duit l&rsquo;\u00e9blouissement et augmente l&rsquo;efficacit\u00e9 lumineuse. Des \u00e9chantillons sont disponibles sur demande pour des \u00e9valuations sp\u00e9cifiques. Pour vous aider \u00e0 choisir la solution la plus adapt\u00e9e \u00e0 vos besoins, nous vous proposons des \u00e9chantillons de nos profil\u00e9s sur demande. Vous pourrez ainsi \u00e9valuer directement les caract\u00e9ristiques et les finitions disponibles, ce qui vous permettra de s\u00e9lectionner le profil\u00e9 id\u00e9al pour votre projet. Les profil\u00e9s microprismatiques sont utilis\u00e9s dans une large gamme de secteurs, notamment : \u00c9clairage Commercial Lampes de bureau: Am\u00e9liorent l&rsquo;uniformit\u00e9 de la lumi\u00e8re, r\u00e9duisent l&rsquo;\u00e9blouissement et augmentent l&rsquo;efficacit\u00e9 \u00e9nerg\u00e9tique. Vitrines: Fournissent un \u00e9clairage brillant et uniforme qui met en valeur les produits expos\u00e9s. \u00c9clairage Industriel Entrep\u00f4ts et hangars: Garantissent une distribution uniforme de la lumi\u00e8re dans de grands espaces, am\u00e9liorant la visibilit\u00e9 et la s\u00e9curit\u00e9. \u00c9clairage R\u00e9sidentiel Lampes et syst\u00e8mes d&rsquo;\u00e9clairage int\u00e9rieur: Cr\u00e9ent des environnements lumineux et accueillants avec une lumi\u00e8re douce et uniforme. \u00c9clairage d\u00e9coratif: Utilis\u00e9s dans les appliques, lustres et autres solutions d\u00e9coratives pour des [&hellip;]<\/p>\n","protected":false},"author":1,"featured_media":0,"parent":305931,"menu_order":0,"comment_status":"closed","ping_status":"closed","template":"","meta":{"_acf_changed":false,"_et_pb_use_builder":"on","_et_pb_old_content":"","_et_gb_content_width":"","footnotes":""},"class_list":["post-309005","page","type-page","status-publish","hentry"],"acf":[],"_links":{"self":[{"href":"https:\/\/www.pth-group.com\/fr\/wp-json\/wp\/v2\/pages\/309005","targetHints":{"allow":["GET"]}}],"collection":[{"href":"https:\/\/www.pth-group.com\/fr\/wp-json\/wp\/v2\/pages"}],"about":[{"href":"https:\/\/www.pth-group.com\/fr\/wp-json\/wp\/v2\/types\/page"}],"author":[{"embeddable":true,"href":"https:\/\/www.pth-group.com\/fr\/wp-json\/wp\/v2\/users\/1"}],"replies":[{"embeddable":true,"href":"https:\/\/www.pth-group.com\/fr\/wp-json\/wp\/v2\/comments?post=309005"}],"version-history":[{"count":0,"href":"https:\/\/www.pth-group.com\/fr\/wp-json\/wp\/v2\/pages\/309005\/revisions"}],"up":[{"embeddable":true,"href":"https:\/\/www.pth-group.com\/fr\/wp-json\/wp\/v2\/pages\/305931"}],"wp:attachment":[{"href":"https:\/\/www.pth-group.com\/fr\/wp-json\/wp\/v2\/media?parent=309005"}],"curies":[{"name":"wp","href":"https:\/\/api.w.org\/{rel}","templated":true}]}}