{"id":308356,"date":"2024-05-21T08:32:43","date_gmt":"2024-05-21T07:32:43","guid":{"rendered":"https:\/\/pth.2fcom.me\/produkty\/profile-z-tworzyw-sztucznych\/profile-o-zamknietych-przekrojach\/"},"modified":"2025-10-15T08:32:55","modified_gmt":"2025-10-15T07:32:55","slug":"profile-o-przekroju-zamknietym","status":"publish","type":"page","link":"https:\/\/www.pth-group.com\/pl\/produkty\/profile-z-tworzyw-sztucznych\/profile-o-przekroju-zamknietym\/","title":{"rendered":"Profile o Zamkni\u0119tych Przekrojach"},"content":{"rendered":"<p>[et_pb_section fb_built=&#8221;1&#8243; _builder_version=&#8221;4.25.2&#8243; _module_preset=&#8221;default&#8221; custom_padding=&#8221;0px||0px||false|false&#8221; global_colors_info=&#8221;{}&#8221;][et_pb_row _builder_version=&#8221;4.25.1&#8243; _module_preset=&#8221;default&#8221; width=&#8221;100%&#8221; custom_padding=&#8221;0px||||false|false&#8221; global_colors_info=&#8221;{}&#8221;][et_pb_column type=&#8221;4_4&#8243; _builder_version=&#8221;4.25.1&#8243; _module_preset=&#8221;default&#8221; global_colors_info=&#8221;{}&#8221;][et_pb_text _builder_version=&#8221;4.25.2&#8243; _module_preset=&#8221;default&#8221; global_colors_info=&#8221;{}&#8221;]<\/p>\n<p>Profile o Zamkni\u0119tych Przekrojach z Poliw\u0119glanu (PC) i Polimetakrylanu Metylu (PMMA) to elementy wyt\u0142aczane zaprojektowane do r\u00f3\u017cnych zastosowa\u0144 architektonicznych i przemys\u0142owych. Te profile oferuj\u0105 wysok\u0105 wytrzyma\u0142o\u015b\u0107 mechaniczn\u0105, przezroczysto\u015b\u0107 i trwa\u0142o\u015b\u0107. Dost\u0119pne w r\u00f3\u017cnych wyko\u0144czeniach powierzchni, mog\u0105 by\u0107 dostosowane do wielu potrzeb estetycznych i funkcjonalnych. Pr\u00f3bki s\u0105 dost\u0119pne na \u017cyczenie w celu specyficznych ocen.   <\/p>\n<p>[\/et_pb_text][et_pb_heading title=&#8221;Dost\u0119pne Pr\u00f3bki&#8221; _builder_version=&#8221;4.25.2&#8243; _module_preset=&#8221;default&#8221; title_level=&#8221;h3&#8243; title_font=&#8221;|700|||||||&#8221; global_colors_info=&#8221;{}&#8221;][\/et_pb_heading][et_pb_text _builder_version=&#8221;4.25.2&#8243; _module_preset=&#8221;default&#8221; global_colors_info=&#8221;{}&#8221;]<\/p>\n<p>Aby pom\u00f3c Ci wybra\u0107 rozwi\u0105zanie najlepiej dopasowane do Twoich potrzeb, oferujemy pr\u00f3bki naszych profili na \u017cyczenie. Pozwoli to bezpo\u015brednio oceni\u0107 dost\u0119pne w\u0142a\u015bciwo\u015bci i wyko\u0144czenia, upewniaj\u0105c si\u0119, \u017ce wybierasz idealny profil do swojego projektu. <\/p>\n<p>[\/et_pb_text][et_pb_heading title=&#8221;Typowe Zastosowania&#8221; _builder_version=&#8221;4.25.2&#8243; _module_preset=&#8221;default&#8221; title_level=&#8221;h3&#8243; title_font=&#8221;|700|||||||&#8221; global_colors_info=&#8221;{}&#8221;][\/et_pb_heading][et_pb_text _builder_version=&#8221;4.27.0&#8243; _module_preset=&#8221;default&#8221; global_colors_info=&#8221;{}&#8221;]<\/p>\n<p>Profile o zamkni\u0119tych przekrojach firmy PTH Group znajduj\u0105 zastosowanie w szerokim zakresie bran\u017c, w tym:<\/p>\n<ul>\n<li><strong>Budownictwo i Architektura<\/strong> <span style=\"font-size: 16px;\">Struktury pokry\u0107: stosowane do przezroczystych lub p\u00f3\u0142przezroczystych pokry\u0107 w budynkach komercyjnych i mieszkalnych.<\/span><\/li>\n<li><strong>O\u015bwietlenie<\/strong> <span style=\"font-size: 16px;\">Dyfuzory \u015bwiat\u0142a: stosowane w systemach o\u015bwietleniowych do r\u00f3wnomiernego rozpraszania \u015bwiat\u0142a, poprawiaj\u0105c efektywno\u015b\u0107 i komfort wizualny.<\/span><\/li>\n<li><strong>Sektor Rolniczy<\/strong> <span style=\"font-size: 16px;\">Szklarnie: stosowane do pokry\u0107 szklarni, oferuj\u0105ce przezroczysto\u015b\u0107 i ochron\u0119 przed warunkami atmosferycznymi.<\/span><\/li>\n<\/ul>\n<p>[\/et_pb_text][et_pb_heading title=&#8221;Dodatkowe W\u0142a\u015bciwo\u015bci&#8221; _builder_version=&#8221;4.25.2&#8243; _module_preset=&#8221;default&#8221; title_level=&#8221;h3&#8243; title_font=&#8221;|700|||||||&#8221; global_colors_info=&#8221;{}&#8221;][\/et_pb_heading][et_pb_text _builder_version=&#8221;4.25.2&#8243; _module_preset=&#8221;default&#8221; global_colors_info=&#8221;{}&#8221;]<\/p>\n<ul>\n<li><strong>Odporno\u015b\u0107 na Uderzenia <\/strong> Poliw\u0119glan jest znany ze swojej wysokiej odporno\u015bci na uderzenia, co sprawia, \u017ce te profile s\u0105 idealne do zastosowa\u0144, w kt\u00f3rych priorytetem jest bezpiecze\u0144stwo.<\/li>\n<li><strong>Wszechstronno\u015b\u0107<\/strong> Odpowiednie do szerokiego zakresu zastosowa\u0144 zar\u00f3wno w pomieszczeniach, jak i na zewn\u0105trz, dzi\u0119ki odporno\u015bci na warunki atmosferyczne i zmiany temperatury.<\/li>\n<\/ul>\n<p>[\/et_pb_text][et_pb_button button_url=&#8221;#catalogo&#8221; button_text=&#8221;Zobacz katalog&#8221; button_alignment=&#8221;left&#8221; _builder_version=&#8221;4.25.2&#8243; _module_preset=&#8221;default&#8221; custom_button=&#8221;on&#8221; button_text_size=&#8221;14px&#8221; button_text_color=&#8221;#000000&#8243; button_bg_color=&#8221;#EBECED&#8221; button_border_width=&#8221;2px&#8221; button_border_color=&#8221;rgba(0,0,0,0.52)&#8221; button_border_radius=&#8221;20px&#8221; button_font=&#8221;|300||on|||||&#8221; button_icon=&#8221;&#x22;||divi||400&#8243; button_icon_color=&#8221;#000000&#8243; button_icon_placement=&#8221;left&#8221; button_on_hover=&#8221;off&#8221; position_origin_a=&#8221;bottom_center&#8221; vertical_offset=&#8221;20px&#8221; global_module=&#8221;284728&#8243; saved_tabs=&#8221;all&#8221; global_colors_info=&#8221;{}&#8221;][\/et_pb_button][\/et_pb_column][\/et_pb_row][\/et_pb_section][et_pb_section fb_built=&#8221;1&#8243; _builder_version=&#8221;4.25.1&#8243; _module_preset=&#8221;default&#8221; global_colors_info=&#8221;{}&#8221;][et_pb_row _builder_version=&#8221;4.25.1&#8243; _module_preset=&#8221;default&#8221; width=&#8221;100%&#8221; global_colors_info=&#8221;{}&#8221;][et_pb_column type=&#8221;4_4&#8243; _builder_version=&#8221;4.25.1&#8243; _module_preset=&#8221;default&#8221; global_colors_info=&#8221;{}&#8221;][et_pb_heading title=&#8221;Dost\u0119pne Powierzchnie dla Profili o Zamkni\u0119tych Przekrojach&#8221; _builder_version=&#8221;4.27.0&#8243; _module_preset=&#8221;default&#8221; title_level=&#8221;h2&#8243; title_font=&#8221;|700|||||||&#8221; title_text_align=&#8221;center&#8221; global_colors_info=&#8221;{}&#8221;][\/et_pb_heading][difl_iconlist list_view_type=&#8221;inline&#8221; list_item_content_max_width=&#8221;100%&#8221; list_item_per_column_tablet=&#8221;1&#8243; list_item_per_column_phone=&#8221;1&#8243; list_item_per_column_last_edited=&#8221;on|phone&#8221; _builder_version=&#8221;4.27.0&#8243; _module_preset=&#8221;default&#8221; global_colors_info=&#8221;{}&#8221;][difl_iconlistitem list_item_title=&#8221;Przezroczysty&#8221; _builder_version=&#8221;4.25.1&#8243; global_colors_info=&#8221;{}&#8221;]<\/p>\n<p><span>Idealne do zastosowa\u0144 wymagaj\u0105cych maksymalnej przezroczysto\u015bci i widoczno\u015bci, takich jak pokrycia o\u015bwietlenia i wy\u015bwietlacze.<\/span><\/p>\n<p>[\/difl_iconlistitem][difl_iconlistitem list_item_title=&#8221;Opal&#8221; _builder_version=&#8221;4.25.1&#8243; global_colors_info=&#8221;{}&#8221;]<\/p>\n<p><span>Doskona\u0142y do r\u00f3wnomiernego rozpraszania \u015bwiat\u0142a, zmniejszania ol\u015bnie\u0144 i tworzenia mi\u0119kkiego, przyjemnego o\u015bwietlenia.<\/span><\/p>\n<p>[\/difl_iconlistitem][difl_iconlistitem list_item_title=&#8221;Satynowy&#8221; _builder_version=&#8221;4.25.1&#8243; global_colors_info=&#8221;{}&#8221;]<\/p>\n<p><span>Oferuje eleganckie i nowoczesne wyko\u0144czenie, \u0142\u0105cz\u0105c przezroczysto\u015b\u0107 i matowo\u015b\u0107 dla uzyskania unikalnego efektu wizualnego.<\/span><\/p>\n<p>[\/difl_iconlistitem][difl_iconlistitem list_item_title=&#8221;Kolorowy&#8221; admin_label=&#8221;List item&#8221; _builder_version=&#8221;4.25.1&#8243; _module_preset=&#8221;default&#8221; global_colors_info=&#8221;{}&#8221;]<\/p>\n<p><span>Dost\u0119pny w szerokiej gamie kolor\u00f3w, aby dopasowa\u0107 si\u0119 do specyficznych wymaga\u0144 estetycznych projekt\u00f3w.<\/span><\/p>\n<p>[\/difl_iconlistitem][difl_iconlistitem list_item_title=&#8221;Koekstrudowany&#8221; admin_label=&#8221;List item&#8221; _builder_version=&#8221;4.25.1&#8243; _module_preset=&#8221;default&#8221; global_colors_info=&#8221;{}&#8221;]<\/p>\n<p><span>Zapewnia po\u0142\u0105czenie r\u00f3\u017cnych materia\u0142\u00f3w w jednym profilu, oferuj\u0105c unikalne w\u0142a\u015bciwo\u015bci, takie jak dodatkowa wytrzyma\u0142o\u015b\u0107 lub specjalne efekty estetyczne.<\/span><\/p>\n<p>[\/difl_iconlistitem][difl_iconlistitem list_item_title=&#8221;Black &#038; White&#8221; admin_label=&#8221;List item&#8221; _builder_version=&#8221;4.25.1&#8243; _module_preset=&#8221;default&#8221; global_colors_info=&#8221;{}&#8221;]<\/p>\n<p><span> Idealny do nowoczesnych projekt\u00f3w, gdzie wymagane s\u0105 mocne, wyra\u017ane kontrasty.<\/span><\/p>\n<p>[\/difl_iconlistitem][\/difl_iconlist][\/et_pb_column][\/et_pb_row][\/et_pb_section][et_pb_section fb_built=&#8221;1&#8243; module_id=&#8221;catalogo&#8221; _builder_version=&#8221;4.25.1&#8243; _module_preset=&#8221;default&#8221; custom_padding=&#8221;0px||0px||false|false&#8221; saved_tabs=&#8221;all&#8221; global_colors_info=&#8221;{}&#8221;][et_pb_row _builder_version=&#8221;4.25.1&#8243; _module_preset=&#8221;default&#8221; width=&#8221;100%&#8221; global_colors_info=&#8221;{}&#8221;][et_pb_column type=&#8221;4_4&#8243; _builder_version=&#8221;4.25.1&#8243; _module_preset=&#8221;default&#8221; global_colors_info=&#8221;{}&#8221;][et_pb_heading title=&#8221;@ET-DC@eyJkeW5hbWljIjp0cnVlLCJjb250ZW50IjoiY3VzdG9tX21ldGFfdGl0b2xvX2NhdGFsb2dvX3BhZ2luYV9zaW5nb2xpX3Byb2ZpbGkiLCJzZXR0aW5ncyI6eyJiZWZvcmUiOiIiLCJhZnRlciI6IiIsImVuYWJsZV9odG1sIjoib2ZmIn19@&#8221; _builder_version=&#8221;4.25.1&#8243; _dynamic_attributes=&#8221;title&#8221; _module_preset=&#8221;default&#8221; title_level=&#8221;h2&#8243; title_font=&#8221;|700|||||||&#8221; title_text_align=&#8221;center&#8221; global_colors_info=&#8221;{}&#8221;][\/et_pb_heading][\/et_pb_column][\/et_pb_row][et_pb_row _builder_version=&#8221;4.25.1&#8243; _module_preset=&#8221;default&#8221; width=&#8221;100%&#8221; global_colors_info=&#8221;{}&#8221;][et_pb_column type=&#8221;4_4&#8243; _builder_version=&#8221;4.25.1&#8243; _module_preset=&#8221;default&#8221; global_colors_info=&#8221;{}&#8221;][et_pb_portfolio fullwidth=&#8221;off&#8221; posts_number=&#8221;24&#8243; include_categories=&#8221;37&#8243; _builder_version=&#8221;4.27.4&#8243; _module_preset=&#8221;default&#8221; hover_enabled=&#8221;0&#8243; box_shadow_style_image=&#8221;preset3&#8243; box_shadow_vertical_image=&#8221;5px&#8221; box_shadow_blur_image=&#8221;10px&#8221; global_colors_info=&#8221;{}&#8221; sticky_enabled=&#8221;0&#8243;][\/et_pb_portfolio][\/et_pb_column][\/et_pb_row][\/et_pb_section]<\/p>\n","protected":false},"excerpt":{"rendered":"<p>Profile o Zamkni\u0119tych Przekrojach z Poliw\u0119glanu (PC) i Polimetakrylanu Metylu (PMMA) to elementy wyt\u0142aczane zaprojektowane do r\u00f3\u017cnych zastosowa\u0144 architektonicznych i przemys\u0142owych. Te profile oferuj\u0105 wysok\u0105 wytrzyma\u0142o\u015b\u0107 mechaniczn\u0105, przezroczysto\u015b\u0107 i trwa\u0142o\u015b\u0107. Dost\u0119pne w r\u00f3\u017cnych wyko\u0144czeniach powierzchni, mog\u0105 by\u0107 dostosowane do wielu potrzeb estetycznych i funkcjonalnych. Pr\u00f3bki s\u0105 dost\u0119pne na \u017cyczenie w celu specyficznych ocen. Aby pom\u00f3c Ci wybra\u0107 rozwi\u0105zanie najlepiej dopasowane do Twoich potrzeb, oferujemy pr\u00f3bki naszych profili na \u017cyczenie. Pozwoli to bezpo\u015brednio oceni\u0107 dost\u0119pne w\u0142a\u015bciwo\u015bci i wyko\u0144czenia, upewniaj\u0105c si\u0119, \u017ce wybierasz idealny profil do swojego projektu. Profile o zamkni\u0119tych przekrojach firmy PTH Group znajduj\u0105 zastosowanie w szerokim zakresie bran\u017c, w tym: Budownictwo i Architektura Struktury pokry\u0107: stosowane do przezroczystych lub p\u00f3\u0142przezroczystych pokry\u0107 w budynkach komercyjnych i mieszkalnych. O\u015bwietlenie Dyfuzory \u015bwiat\u0142a: stosowane w systemach o\u015bwietleniowych do r\u00f3wnomiernego rozpraszania \u015bwiat\u0142a, poprawiaj\u0105c efektywno\u015b\u0107 i komfort wizualny. Sektor Rolniczy Szklarnie: stosowane do pokry\u0107 szklarni, oferuj\u0105ce przezroczysto\u015b\u0107 i ochron\u0119 przed warunkami atmosferycznymi. Odporno\u015b\u0107 na Uderzenia Poliw\u0119glan jest znany ze swojej wysokiej odporno\u015bci na uderzenia, co sprawia, \u017ce te profile s\u0105 idealne do zastosowa\u0144, w kt\u00f3rych priorytetem jest bezpiecze\u0144stwo. Wszechstronno\u015b\u0107 Odpowiednie do szerokiego zakresu zastosowa\u0144 zar\u00f3wno w pomieszczeniach, jak i na zewn\u0105trz, dzi\u0119ki odporno\u015bci na warunki atmosferyczne i zmiany temperatury. <div class=\"et_pb_module difl_iconlist difl_iconlist_0\">\n\t\t\t\t\n\t\t\t\t\n\t\t\t\t\n\t\t\t\t\n\t\t\t\t\n\t\t\t\t\n\t\t\t\t<div class=\"et_pb_module_inner\">\n\t\t\t\t\t<div class=\"difl_iconlist_notice\">Add one or more list items.<\/div>\n\t\t\t\t<\/div>\n\t\t\t<\/div><\/p>\n","protected":false},"author":1,"featured_media":0,"parent":306030,"menu_order":0,"comment_status":"closed","ping_status":"closed","template":"","meta":{"_acf_changed":false,"_et_pb_use_builder":"on","_et_pb_old_content":"","_et_gb_content_width":"","footnotes":""},"class_list":["post-308356","page","type-page","status-publish","hentry"],"acf":[],"_links":{"self":[{"href":"https:\/\/www.pth-group.com\/pl\/wp-json\/wp\/v2\/pages\/308356","targetHints":{"allow":["GET"]}}],"collection":[{"href":"https:\/\/www.pth-group.com\/pl\/wp-json\/wp\/v2\/pages"}],"about":[{"href":"https:\/\/www.pth-group.com\/pl\/wp-json\/wp\/v2\/types\/page"}],"author":[{"embeddable":true,"href":"https:\/\/www.pth-group.com\/pl\/wp-json\/wp\/v2\/users\/1"}],"replies":[{"embeddable":true,"href":"https:\/\/www.pth-group.com\/pl\/wp-json\/wp\/v2\/comments?post=308356"}],"version-history":[{"count":0,"href":"https:\/\/www.pth-group.com\/pl\/wp-json\/wp\/v2\/pages\/308356\/revisions"}],"up":[{"embeddable":true,"href":"https:\/\/www.pth-group.com\/pl\/wp-json\/wp\/v2\/pages\/306030"}],"wp:attachment":[{"href":"https:\/\/www.pth-group.com\/pl\/wp-json\/wp\/v2\/media?parent=308356"}],"curies":[{"name":"wp","href":"https:\/\/api.w.org\/{rel}","templated":true}]}}