{"id":308805,"date":"2024-05-21T08:33:03","date_gmt":"2024-05-21T07:33:03","guid":{"rendered":"https:\/\/pth.2fcom.me\/produkty\/profile-z-tworzyw-sztucznych\/profili-fermavetri-e-pareti-divisorie\/"},"modified":"2025-10-14T14:45:25","modified_gmt":"2025-10-14T13:45:25","slug":"profile-okienne-i-sciany-dzialowe","status":"publish","type":"page","link":"https:\/\/www.pth-group.com\/pl\/produkty\/profile-z-tworzyw-sztucznych\/profile-okienne-i-sciany-dzialowe\/","title":{"rendered":"Profile Listwy Przyszybowej i \u015aciany Dzia\u0142owe"},"content":{"rendered":"<p>[et_pb_section fb_built=&#8221;1&#8243; _builder_version=&#8221;4.25.1&#8243; _module_preset=&#8221;default&#8221; custom_padding=&#8221;0px||0px||false|false&#8221; global_colors_info=&#8221;{}&#8221;][et_pb_row _builder_version=&#8221;4.25.1&#8243; _module_preset=&#8221;default&#8221; width=&#8221;100%&#8221; custom_padding=&#8221;0px||||false|false&#8221; global_colors_info=&#8221;{}&#8221;][et_pb_column type=&#8221;4_4&#8243; _builder_version=&#8221;4.25.1&#8243; _module_preset=&#8221;default&#8221; global_colors_info=&#8221;{}&#8221;][et_pb_text _builder_version=&#8221;4.27.0&#8243; _module_preset=&#8221;default&#8221; global_colors_info=&#8221;{}&#8221;]<\/p>\n<p>Profile Listw Przyszybowych i \u015acianek Dzia\u0142owych z <strong>Przezroczystego Poliw\u0119glanu (PC)<\/strong> to elementy wyt\u0142aczane, zaprojektowane do mocowania i podtrzymywania paneli szklanych lub innych powierzchni dzia\u0142owych. Poliw\u0119glan to materia\u0142 termoplastyczny znany ze swojej przezroczysto\u015bci, odporno\u015bci na uderzenia i trwa\u0142o\u015bci. Te profile s\u0105 wyt\u0142aczane, aby zapewni\u0107 precyzyjny i jednolity kszta\u0142t, i s\u0105 wyposa\u017cone w ta\u015bm\u0119 dwustronn\u0105, nak\u0142adan\u0105 podczas wyt\u0142aczania, co u\u0142atwia instalacj\u0119.  <\/p>\n<p>[\/et_pb_text][et_pb_heading title=&#8221;Dost\u0119pne Pr\u00f3bki&#8221; _builder_version=&#8221;4.25.2&#8243; _module_preset=&#8221;default&#8221; title_level=&#8221;h3&#8243; title_font=&#8221;|700|||||||&#8221; global_colors_info=&#8221;{}&#8221;][\/et_pb_heading][et_pb_text _builder_version=&#8221;4.25.2&#8243; _module_preset=&#8221;default&#8221; global_colors_info=&#8221;{}&#8221;]<\/p>\n<p><span>Aby pom\u00f3c Ci wybra\u0107 rozwi\u0105zanie najlepiej dopasowane do Twoich potrzeb, oferujemy pr\u00f3bki naszych profili na \u017cyczenie. Pozwoli to bezpo\u015brednio oceni\u0107 dost\u0119pne w\u0142a\u015bciwo\u015bci i wyko\u0144czenia, upewniaj\u0105c si\u0119, \u017ce wybierasz idealny profil do swojego projektu. <\/span><\/p>\n<p>[\/et_pb_text][et_pb_heading title=&#8221;Typowe Zastosowania&#8221; _builder_version=&#8221;4.25.2&#8243; _module_preset=&#8221;default&#8221; title_level=&#8221;h3&#8243; title_font=&#8221;|700|||||||&#8221; global_colors_info=&#8221;{}&#8221;][\/et_pb_heading][et_pb_text _builder_version=&#8221;4.25.2&#8243; _module_preset=&#8221;default&#8221; global_colors_info=&#8221;{}&#8221;]<\/p>\n<p>Profile listw przyszybowych i \u015bcianek dzia\u0142owych firmy PTH Group znajduj\u0105 zastosowanie w wielu bran\u017cach, w tym:<\/p>\n<p><strong>Sektor Mieszkaniowy<\/strong><\/p>\n<ul>\n<li>Okna i drzwi wewn\u0119trzne: Profile listw przyszybowych z poliw\u0119glanu pomagaj\u0105 utrzyma\u0107 panele szklane na miejscu, zapewniaj\u0105c bezpiecze\u0144stwo i stabilno\u015b\u0107.<\/li>\n<li>\u015acianki dzia\u0142owe wewn\u0119trzne: Wykorzystywane do tworzenia przezroczystych lub p\u00f3\u0142przezroczystych podzia\u0142\u00f3w wewn\u0105trz dom\u00f3w, zachowuj\u0105c jasno\u015b\u0107 pomieszcze\u0144.<\/li>\n<\/ul>\n<p><strong>Sektor Komercyjny<\/strong><\/p>\n<ul>\n<li>Biura: Tworzenie oddzielnych przestrzeni w biurach typu open space bez ograniczania dost\u0119pu do \u015bwiat\u0142a naturalnego.<\/li>\n<li>Witryny i ekspozytory: Wykorzystywane w sklepach i salonach wystawowych do mocowania szyb w witrynach lub tworzenia przezroczystych struktur ekspozycyjnych.<\/li>\n<\/ul>\n<p><strong>Sektor Przemys\u0142owy<\/strong><\/p>\n<ul>\n<li>Os\u0142ony ochronne: Zabezpieczenia w \u015brodowiskach przemys\u0142owych, w kt\u00f3rych wymagana jest separacja mi\u0119dzy r\u00f3\u017cnymi obszarami operacyjnymi.<\/li>\n<li>Bariery akustyczne: Wykorzystywane w g\u0142o\u015bnych \u015brodowiskach do tworzenia barier zmniejszaj\u0105cych poziom ha\u0142asu bez blokowania widoczno\u015bci.<\/li>\n<\/ul>\n<p>[\/et_pb_text][et_pb_heading title=&#8221;Dodatkowe W\u0142a\u015bciwo\u015bci&#8221; _builder_version=&#8221;4.25.2&#8243; _module_preset=&#8221;default&#8221; title_level=&#8221;h3&#8243; title_font=&#8221;|700|||||||&#8221; global_colors_info=&#8221;{}&#8221;][\/et_pb_heading][et_pb_text _builder_version=&#8221;4.25.2&#8243; _module_preset=&#8221;default&#8221; global_colors_info=&#8221;{}&#8221;]<\/p>\n<ul>\n<li><strong>Odporno\u015b\u0107 na Uderzenia <\/strong> Poliw\u0119glan jest znany ze swojej wysokiej odporno\u015bci na uderzenia, co sprawia, \u017ce te profile s\u0105 idealne do zastosowa\u0144, w kt\u00f3rych priorytetem jest bezpiecze\u0144stwo.<\/li>\n<li><strong>\u0141atwo\u015b\u0107 Monta\u017cu<\/strong> Dzi\u0119ki dwustronnej ta\u015bmie nak\u0142adanej podczas wyt\u0142aczania, instalacja jest szybka i \u0142atwa, bez potrzeby stosowania dodatkowych klej\u00f3w czy mechanicznych element\u00f3w mocuj\u0105cych.<\/li>\n<li><strong>Wszechstronno\u015b\u0107<\/strong> Odpowiednie do szerokiego zakresu zastosowa\u0144 zar\u00f3wno w pomieszczeniach, jak i na zewn\u0105trz, dzi\u0119ki odporno\u015bci na warunki atmosferyczne i zmiany temperatury.<\/li>\n<\/ul>\n<p>[\/et_pb_text][et_pb_button button_url=&#8221;#catalogo&#8221; button_text=&#8221;Zobacz katalog&#8221; button_alignment=&#8221;left&#8221; _builder_version=&#8221;4.25.1&#8243; _module_preset=&#8221;default&#8221; custom_button=&#8221;on&#8221; button_text_size=&#8221;14px&#8221; button_text_color=&#8221;#000000&#8243; button_bg_color=&#8221;#EBECED&#8221; button_border_width=&#8221;2px&#8221; button_border_color=&#8221;rgba(0,0,0,0.52)&#8221; button_border_radius=&#8221;20px&#8221; button_font=&#8221;|300||on|||||&#8221; button_icon=&#8221;&#x22;||divi||400&#8243; button_icon_color=&#8221;#000000&#8243; button_icon_placement=&#8221;left&#8221; button_on_hover=&#8221;off&#8221; position_origin_a=&#8221;bottom_center&#8221; vertical_offset=&#8221;20px&#8221; global_colors_info=&#8221;{}&#8221;][\/et_pb_button][\/et_pb_column][\/et_pb_row][\/et_pb_section][et_pb_section fb_built=&#8221;1&#8243; module_id=&#8221;catalogo&#8221; _builder_version=&#8221;4.25.1&#8243; _module_preset=&#8221;default&#8221; custom_padding=&#8221;0px||0px||false|false&#8221; saved_tabs=&#8221;all&#8221; global_colors_info=&#8221;{}&#8221;][et_pb_row _builder_version=&#8221;4.25.1&#8243; _module_preset=&#8221;default&#8221; width=&#8221;100%&#8221; global_colors_info=&#8221;{}&#8221;][et_pb_column type=&#8221;4_4&#8243; _builder_version=&#8221;4.25.1&#8243; _module_preset=&#8221;default&#8221; global_colors_info=&#8221;{}&#8221;][et_pb_heading title=&#8221;@ET-DC@eyJkeW5hbWljIjp0cnVlLCJjb250ZW50IjoiY3VzdG9tX21ldGFfdGl0b2xvX2NhdGFsb2dvX3BhZ2luYV9zaW5nb2xpX3Byb2ZpbGkiLCJzZXR0aW5ncyI6eyJiZWZvcmUiOiIiLCJhZnRlciI6IiIsImVuYWJsZV9odG1sIjoib2ZmIn19@&#8221; _builder_version=&#8221;4.25.1&#8243; _dynamic_attributes=&#8221;title&#8221; _module_preset=&#8221;default&#8221; title_level=&#8221;h2&#8243; title_font=&#8221;|700|||||||&#8221; title_text_align=&#8221;center&#8221; global_colors_info=&#8221;{}&#8221;][\/et_pb_heading][\/et_pb_column][\/et_pb_row][et_pb_row _builder_version=&#8221;4.25.1&#8243; _module_preset=&#8221;default&#8221; width=&#8221;100%&#8221; global_colors_info=&#8221;{}&#8221;][et_pb_column type=&#8221;4_4&#8243; _builder_version=&#8221;4.25.1&#8243; _module_preset=&#8221;default&#8221; global_colors_info=&#8221;{}&#8221;][et_pb_portfolio fullwidth=&#8221;off&#8221; posts_number=&#8221;100&#8243; include_categories=&#8221;38&#8243; _builder_version=&#8221;4.25.2&#8243; _module_preset=&#8221;default&#8221; box_shadow_style_image=&#8221;preset3&#8243; box_shadow_vertical_image=&#8221;5px&#8221; box_shadow_blur_image=&#8221;10px&#8221; global_colors_info=&#8221;{}&#8221;][\/et_pb_portfolio][\/et_pb_column][\/et_pb_row][\/et_pb_section]<\/p>\n","protected":false},"excerpt":{"rendered":"<p>Profile Listw Przyszybowych i \u015acianek Dzia\u0142owych z Przezroczystego Poliw\u0119glanu (PC) to elementy wyt\u0142aczane, zaprojektowane do mocowania i podtrzymywania paneli szklanych lub innych powierzchni dzia\u0142owych. Poliw\u0119glan to materia\u0142 termoplastyczny znany ze swojej przezroczysto\u015bci, odporno\u015bci na uderzenia i trwa\u0142o\u015bci. Te profile s\u0105 wyt\u0142aczane, aby zapewni\u0107 precyzyjny i jednolity kszta\u0142t, i s\u0105 wyposa\u017cone w ta\u015bm\u0119 dwustronn\u0105, nak\u0142adan\u0105 podczas wyt\u0142aczania, co u\u0142atwia instalacj\u0119. Aby pom\u00f3c Ci wybra\u0107 rozwi\u0105zanie najlepiej dopasowane do Twoich potrzeb, oferujemy pr\u00f3bki naszych profili na \u017cyczenie. Pozwoli to bezpo\u015brednio oceni\u0107 dost\u0119pne w\u0142a\u015bciwo\u015bci i wyko\u0144czenia, upewniaj\u0105c si\u0119, \u017ce wybierasz idealny profil do swojego projektu. Profile listw przyszybowych i \u015bcianek dzia\u0142owych firmy PTH Group znajduj\u0105 zastosowanie w wielu bran\u017cach, w tym: Sektor Mieszkaniowy Okna i drzwi wewn\u0119trzne: Profile listw przyszybowych z poliw\u0119glanu pomagaj\u0105 utrzyma\u0107 panele szklane na miejscu, zapewniaj\u0105c bezpiecze\u0144stwo i stabilno\u015b\u0107. \u015acianki dzia\u0142owe wewn\u0119trzne: Wykorzystywane do tworzenia przezroczystych lub p\u00f3\u0142przezroczystych podzia\u0142\u00f3w wewn\u0105trz dom\u00f3w, zachowuj\u0105c jasno\u015b\u0107 pomieszcze\u0144. Sektor Komercyjny Biura: Tworzenie oddzielnych przestrzeni w biurach typu open space bez ograniczania dost\u0119pu do \u015bwiat\u0142a naturalnego. Witryny i ekspozytory: Wykorzystywane w sklepach i salonach wystawowych do mocowania szyb w witrynach lub tworzenia przezroczystych struktur ekspozycyjnych. Sektor Przemys\u0142owy Os\u0142ony ochronne: Zabezpieczenia w \u015brodowiskach przemys\u0142owych, w kt\u00f3rych wymagana jest separacja mi\u0119dzy r\u00f3\u017cnymi obszarami operacyjnymi. Bariery akustyczne: Wykorzystywane [&hellip;]<\/p>\n","protected":false},"author":1,"featured_media":0,"parent":306030,"menu_order":0,"comment_status":"closed","ping_status":"closed","template":"","meta":{"_acf_changed":false,"_et_pb_use_builder":"on","_et_pb_old_content":"","_et_gb_content_width":"","footnotes":""},"class_list":["post-308805","page","type-page","status-publish","hentry"],"acf":[],"_links":{"self":[{"href":"https:\/\/www.pth-group.com\/pl\/wp-json\/wp\/v2\/pages\/308805","targetHints":{"allow":["GET"]}}],"collection":[{"href":"https:\/\/www.pth-group.com\/pl\/wp-json\/wp\/v2\/pages"}],"about":[{"href":"https:\/\/www.pth-group.com\/pl\/wp-json\/wp\/v2\/types\/page"}],"author":[{"embeddable":true,"href":"https:\/\/www.pth-group.com\/pl\/wp-json\/wp\/v2\/users\/1"}],"replies":[{"embeddable":true,"href":"https:\/\/www.pth-group.com\/pl\/wp-json\/wp\/v2\/comments?post=308805"}],"version-history":[{"count":0,"href":"https:\/\/www.pth-group.com\/pl\/wp-json\/wp\/v2\/pages\/308805\/revisions"}],"up":[{"embeddable":true,"href":"https:\/\/www.pth-group.com\/pl\/wp-json\/wp\/v2\/pages\/306030"}],"wp:attachment":[{"href":"https:\/\/www.pth-group.com\/pl\/wp-json\/wp\/v2\/media?parent=308805"}],"curies":[{"name":"wp","href":"https:\/\/api.w.org\/{rel}","templated":true}]}}