{"id":309519,"date":"2024-05-21T08:34:40","date_gmt":"2024-05-21T07:34:40","guid":{"rendered":"https:\/\/pth.2fcom.me\/produkty\/profile-z-tworzyw-sztucznych\/profile-smart-clip-do-oswietlenia-led\/"},"modified":"2025-10-14T15:14:45","modified_gmt":"2025-10-14T14:14:45","slug":"profile-smart-clip-do-oswietlenia-led","status":"publish","type":"page","link":"https:\/\/www.pth-group.com\/pl\/produkty\/profile-z-tworzyw-sztucznych\/profile-smart-clip-do-oswietlenia-led\/","title":{"rendered":"Profile Smart Clip do o\u015bwietlenia LED"},"content":{"rendered":"<p>[et_pb_section fb_built=&#8221;1&#8243; _builder_version=&#8221;4.27.0&#8243; _module_preset=&#8221;default&#8221; background_enable_color=&#8221;off&#8221; width=&#8221;100%&#8221; custom_padding=&#8221;||||false|false&#8221; global_colors_info=&#8221;{}&#8221;][et_pb_row column_structure=&#8221;1_2,1_2&#8243; make_equal=&#8221;on&#8221; _builder_version=&#8221;4.27.0&#8243; _module_preset=&#8221;default&#8221; width=&#8221;100%&#8221; custom_padding=&#8221;0px||||false|false&#8221; custom_css_main_element=&#8221;align-items: center;&#8221; global_colors_info=&#8221;{}&#8221;][et_pb_column type=&#8221;1_2&#8243; _builder_version=&#8221;4.25.1&#8243; _module_preset=&#8221;default&#8221; global_colors_info=&#8221;{}&#8221;][et_pb_text _builder_version=&#8221;4.27.0&#8243; _module_preset=&#8221;default&#8221; global_colors_info=&#8221;{}&#8221;]<\/p>\n<p><iframe title=\"YouTube video player\" src=\"https:\/\/www.youtube.com\/embed\/eAr-TGqtqbE?rel=0\" width=\"560\" height=\"315\" frameborder=\"0\" allowfullscreen=\"allowfullscreen\"><\/iframe><\/p>\n<p>[\/et_pb_text][\/et_pb_column][et_pb_column type=&#8221;1_2&#8243; _builder_version=&#8221;4.27.0&#8243; _module_preset=&#8221;default&#8221; global_colors_info=&#8221;{}&#8221;][et_pb_text _builder_version=&#8221;4.27.0&#8243; _module_preset=&#8221;default&#8221; global_colors_info=&#8221;{}&#8221;]<\/p>\n<p>Profile Smart Clip do O\u015bwietlenia LED to innowacyjne rozwi\u0105zania zaprojektowane w celu uproszczenia monta\u017cu i konserwacji ta\u015bm LED. Wykonane z wysokiej jako\u015bci materia\u0142\u00f3w, takich jak Poliw\u0119glan (PC) i Polimetakrylan Metylu (PMMA), profile te s\u0105 dost\u0119pne w r\u00f3\u017cnych wyko\u0144czeniach powierzchni: przezroczyste, opalowe, satynowe, kolorowe, koekstrudowane oraz w wersji Black &amp; White. Pr\u00f3bki s\u0105 dost\u0119pne na \u017cyczenie, aby umo\u017cliwi\u0107 bezpo\u015bredni\u0105 ocen\u0119 r\u00f3\u017cnych opcji.  <\/p>\n<p>[\/et_pb_text][\/et_pb_column][\/et_pb_row][\/et_pb_section][et_pb_section fb_built=&#8221;1&#8243; _builder_version=&#8221;4.25.2&#8243; _module_preset=&#8221;default&#8221; custom_padding=&#8221;0px||0px||false|false&#8221; global_colors_info=&#8221;{}&#8221;][et_pb_row _builder_version=&#8221;4.25.1&#8243; _module_preset=&#8221;default&#8221; width=&#8221;100%&#8221; custom_padding=&#8221;0px||||false|false&#8221; global_colors_info=&#8221;{}&#8221;][et_pb_column type=&#8221;4_4&#8243; _builder_version=&#8221;4.25.1&#8243; _module_preset=&#8221;default&#8221; global_colors_info=&#8221;{}&#8221;][et_pb_heading title=&#8221;Cechy Systemu Smart Clip&#8221; _builder_version=&#8221;4.25.2&#8243; _module_preset=&#8221;default&#8221; title_level=&#8221;h3&#8243; title_font=&#8221;|700|||||||&#8221; global_colors_info=&#8221;{}&#8221;][\/et_pb_heading][et_pb_text _builder_version=&#8221;4.25.2&#8243; _module_preset=&#8221;default&#8221; global_colors_info=&#8221;{}&#8221;]<\/p>\n<ul>\n<li><strong>Monta\u017c Bez \u015arub<\/strong> System Smart Clip eliminuje potrzeb\u0119 wiercenia w aluminium i stosowania \u015brub do monta\u017cu, skracaj\u0105c czas i z\u0142o\u017cono\u015b\u0107 instalacji.<\/li>\n<li><strong>Precyzyjne Mocowanie <\/strong> Dzi\u0119ki prowadnicom w geometrii profilu, zaczep z poliw\u0119glanu zapewnia precyzyjne dopasowanie za ka\u017cdym razem, u\u0142atwiaj\u0105c perfekcyjny monta\u017c.<\/li>\n<li><strong>\u0141atwa Konserwacja <\/strong> Wymiana ta\u015bm LED jest prosta i szybka, pozwalaj\u0105c na \u0142atwe odpi\u0119cie i ponowne zamontowanie LED.<\/li>\n<\/ul>\n<p>[\/et_pb_text][et_pb_heading title=&#8221;Dost\u0119pne Pr\u00f3bki&#8221; _builder_version=&#8221;4.25.2&#8243; _module_preset=&#8221;default&#8221; title_level=&#8221;h3&#8243; title_font=&#8221;|700|||||||&#8221; global_colors_info=&#8221;{}&#8221;][\/et_pb_heading][et_pb_text _builder_version=&#8221;4.25.2&#8243; _module_preset=&#8221;default&#8221; global_colors_info=&#8221;{}&#8221;]<\/p>\n<p>Aby pom\u00f3c Ci wybra\u0107 rozwi\u0105zanie najlepiej dopasowane do Twoich potrzeb, oferujemy pr\u00f3bki naszych profili na \u017cyczenie. Pozwoli to bezpo\u015brednio oceni\u0107 dost\u0119pne w\u0142a\u015bciwo\u015bci i wyko\u0144czenia, upewniaj\u0105c si\u0119, \u017ce wybierasz idealny profil do swojego projektu. <\/p>\n<p>[\/et_pb_text][et_pb_heading title=&#8221;Typowe Zastosowania&#8221; _builder_version=&#8221;4.25.2&#8243; _module_preset=&#8221;default&#8221; title_level=&#8221;h3&#8243; title_font=&#8221;|700|||||||&#8221; global_colors_info=&#8221;{}&#8221;][\/et_pb_heading][et_pb_text _builder_version=&#8221;4.25.2&#8243; _module_preset=&#8221;default&#8221; global_colors_info=&#8221;{}&#8221;]<\/p>\n<p>Profile Smart Clip do o\u015bwietlenia LED firmy PTH Group znajduj\u0105 zastosowanie w szerokiej gamie sektor\u00f3w, w tym:<\/p>\n<p><strong>O\u015bwietlenie Komercyjne<br \/><\/strong><\/p>\n<ul>\n<li>O\u015bwietlenie Sklep\u00f3w: Poprawiaj\u0105 estetyk\u0119 i wydajno\u015b\u0107 \u015bwietln\u0105 w \u015brodowiskach detalicznych.\n<\/li>\n<li>Biura: Tworz\u0105 r\u00f3wnomierne i przyjemne o\u015bwietlenie w przestrzeniach roboczych.<\/li>\n<\/ul>\n<p><strong>O\u015bwietlenie Mieszkaniowe<\/strong><\/p>\n<ul>\n<li>O\u015bwietlenie Wewn\u0119trzne: Idealne do instalacji w kuchniach, salonach i sypialniach, oferuj\u0105c rozproszone i r\u00f3wnomierne \u015bwiat\u0142o.\n<\/li>\n<li>O\u015bwietlenie Dekoracyjne: Dla eleganckich efekt\u00f3w \u015bwietlnych na sufitach, \u015bcianach i meblach.<\/li>\n<\/ul>\n<p><strong>O\u015bwietlenie Architektoniczne<\/strong><\/p>\n<ul>\n<li>Fasady Budynk\u00f3w: Wykorzystywane do o\u015bwietlania element\u00f3w architektonicznych, poprawiaj\u0105c nocny wygl\u0105d budynk\u00f3w.\n<\/li>\n<li>Ogrod\u00f3w i Przestrzeni Zewn\u0119trznych: Profile odporne na warunki atmosferyczne do zastosowa\u0144 w ogrodach, na tarasach i innych przestrzeniach zewn\u0119trznych.<\/li>\n<\/ul>\n<ul><\/ul>\n<p>[\/et_pb_text][et_pb_heading title=&#8221;Dodatkowe W\u0142a\u015bciwo\u015bci&#8221; _builder_version=&#8221;4.25.2&#8243; _module_preset=&#8221;default&#8221; title_level=&#8221;h3&#8243; title_font=&#8221;|700|||||||&#8221; global_colors_info=&#8221;{}&#8221;][\/et_pb_heading][et_pb_text _builder_version=&#8221;4.25.2&#8243; _module_preset=&#8221;default&#8221; global_colors_info=&#8221;{}&#8221;]<\/p>\n<ul>\n<li><strong>Monta\u017c Bez \u015arub <\/strong> System Smart Clip eliminuje potrzeb\u0119 wiercenia w aluminium i stosowania \u015brub do monta\u017cu, skracaj\u0105c czas i z\u0142o\u017cono\u015b\u0107 instalacji.<\/li>\n<li><strong>Precyzyjne Mocowanie<\/strong> Dzi\u0119ki prowadnicom w geometrii profilu, zaczep z poliw\u0119glanu zapewnia precyzyjne dopasowanie za ka\u017cdym razem, u\u0142atwiaj\u0105c perfekcyjny monta\u017c.<\/li>\n<li><strong>\u0141atwa Konserwacja <\/strong> Wymiana ta\u015bm LED jest prosta i szybka, pozwalaj\u0105c na \u0142atwe odpi\u0119cie i ponowne zamontowanie LED.<\/li>\n<li><strong>Wszechstronno\u015b\u0107 <\/strong> Nadaj\u0105 si\u0119 do szerokiego zakresu zastosowa\u0144, zar\u00f3wno wewn\u0119trznych, jak i zewn\u0119trznych, dzi\u0119ki r\u00f3\u017cnorodno\u015bci dost\u0119pnych wyko\u0144cze\u0144.<\/li>\n<\/ul>\n<p>[\/et_pb_text][et_pb_button button_url=&#8221;#catalogo&#8221; button_text=&#8221;Zobacz katalog&#8221; button_alignment=&#8221;left&#8221; _builder_version=&#8221;4.25.2&#8243; _module_preset=&#8221;default&#8221; custom_button=&#8221;on&#8221; button_text_size=&#8221;14px&#8221; button_text_color=&#8221;#000000&#8243; button_bg_color=&#8221;#EBECED&#8221; button_border_width=&#8221;2px&#8221; button_border_color=&#8221;rgba(0,0,0,0.52)&#8221; button_border_radius=&#8221;20px&#8221; button_font=&#8221;|300||on|||||&#8221; button_icon=&#8221;&#x22;||divi||400&#8243; button_icon_color=&#8221;#000000&#8243; button_icon_placement=&#8221;left&#8221; button_on_hover=&#8221;off&#8221; position_origin_a=&#8221;bottom_center&#8221; vertical_offset=&#8221;20px&#8221; global_module=&#8221;284728&#8243; saved_tabs=&#8221;all&#8221; global_colors_info=&#8221;{}&#8221;][\/et_pb_button][\/et_pb_column][\/et_pb_row][\/et_pb_section][et_pb_section fb_built=&#8221;1&#8243; _builder_version=&#8221;4.25.1&#8243; _module_preset=&#8221;default&#8221; global_colors_info=&#8221;{}&#8221;][et_pb_row _builder_version=&#8221;4.25.1&#8243; _module_preset=&#8221;default&#8221; width=&#8221;100%&#8221; global_colors_info=&#8221;{}&#8221;][et_pb_column type=&#8221;4_4&#8243; _builder_version=&#8221;4.25.1&#8243; _module_preset=&#8221;default&#8221; global_colors_info=&#8221;{}&#8221;][et_pb_heading title=&#8221;Dost\u0119pne Powierzchnie dla Profili Listw Przyszybowych i \u015acianek Dzia\u0142owych&#8221; _builder_version=&#8221;4.25.1&#8243; _module_preset=&#8221;default&#8221; title_level=&#8221;h2&#8243; title_font=&#8221;|700|||||||&#8221; title_text_align=&#8221;center&#8221; global_colors_info=&#8221;{}&#8221;][\/et_pb_heading][difl_iconlist list_view_type=&#8221;inline&#8221; list_item_content_max_width=&#8221;100%&#8221; list_item_per_column_tablet=&#8221;1&#8243; list_item_per_column_phone=&#8221;1&#8243; list_item_per_column_last_edited=&#8221;on|phone&#8221; _builder_version=&#8221;4.27.0&#8243; _module_preset=&#8221;default&#8221; global_colors_info=&#8221;{}&#8221;][difl_iconlistitem list_item_title=&#8221;Przezroczysty&#8221; _builder_version=&#8221;4.25.1&#8243; global_colors_info=&#8221;{}&#8221;]<\/p>\n<p><span>Idealne do zastosowa\u0144 wymagaj\u0105cych maksymalnej przezroczysto\u015bci i widoczno\u015bci, takich jak pokrycia o\u015bwietlenia i wy\u015bwietlacze.<\/span><\/p>\n<p>[\/difl_iconlistitem][difl_iconlistitem list_item_title=&#8221;Opal&#8221; _builder_version=&#8221;4.25.1&#8243; global_colors_info=&#8221;{}&#8221;]<\/p>\n<p><span>Doskona\u0142y do r\u00f3wnomiernego rozpraszania \u015bwiat\u0142a, zmniejszania ol\u015bnie\u0144 i tworzenia mi\u0119kkiego, przyjemnego o\u015bwietlenia.<\/span><\/p>\n<p>[\/difl_iconlistitem][difl_iconlistitem list_item_title=&#8221;Satynowy&#8221; _builder_version=&#8221;4.25.1&#8243; global_colors_info=&#8221;{}&#8221;]<\/p>\n<p><span>Oferuje eleganckie i nowoczesne wyko\u0144czenie, \u0142\u0105cz\u0105c przezroczysto\u015b\u0107 i matowo\u015b\u0107 dla uzyskania unikalnego efektu wizualnego.<\/span><\/p>\n<p>[\/difl_iconlistitem][difl_iconlistitem list_item_title=&#8221;Kolorowy&#8221; admin_label=&#8221;List item&#8221; _builder_version=&#8221;4.25.1&#8243; _module_preset=&#8221;default&#8221; global_colors_info=&#8221;{}&#8221;]<\/p>\n<p><span>Dost\u0119pny w szerokiej gamie kolor\u00f3w, aby dopasowa\u0107 si\u0119 do specyficznych wymaga\u0144 estetycznych projekt\u00f3w.<\/span><\/p>\n<p>[\/difl_iconlistitem][difl_iconlistitem list_item_title=&#8221;Koekstrudowany&#8221; admin_label=&#8221;List item&#8221; _builder_version=&#8221;4.25.1&#8243; _module_preset=&#8221;default&#8221; global_colors_info=&#8221;{}&#8221;]<\/p>\n<p><span>Zapewnia po\u0142\u0105czenie r\u00f3\u017cnych materia\u0142\u00f3w w jednym profilu, oferuj\u0105c unikalne w\u0142a\u015bciwo\u015bci, takie jak dodatkowa wytrzyma\u0142o\u015b\u0107 lub specjalne efekty estetyczne.<\/span><\/p>\n<p>[\/difl_iconlistitem][difl_iconlistitem list_item_title=&#8221;Black &amp; White&#8221; admin_label=&#8221;List item&#8221; _builder_version=&#8221;4.25.1&#8243; _module_preset=&#8221;default&#8221; global_colors_info=&#8221;{}&#8221;]<\/p>\n<p><span> Idealny do nowoczesnych projekt\u00f3w, gdzie wymagane s\u0105 mocne, wyra\u017ane kontrasty.<\/span><\/p>\n<p>[\/difl_iconlistitem][\/difl_iconlist][\/et_pb_column][\/et_pb_row][\/et_pb_section][et_pb_section fb_built=&#8221;1&#8243; module_id=&#8221;catalogo&#8221; _builder_version=&#8221;4.25.1&#8243; _module_preset=&#8221;default&#8221; custom_padding=&#8221;0px||0px||false|false&#8221; saved_tabs=&#8221;all&#8221; global_colors_info=&#8221;{}&#8221;][et_pb_row _builder_version=&#8221;4.25.1&#8243; _module_preset=&#8221;default&#8221; width=&#8221;100%&#8221; global_colors_info=&#8221;{}&#8221;][et_pb_column type=&#8221;4_4&#8243; _builder_version=&#8221;4.25.1&#8243; _module_preset=&#8221;default&#8221; global_colors_info=&#8221;{}&#8221;][et_pb_heading title=&#8221;@ET-DC@eyJkeW5hbWljIjp0cnVlLCJjb250ZW50IjoiY3VzdG9tX21ldGFfdGl0b2xvX2NhdGFsb2dvX3BhZ2luYV9zaW5nb2xpX3Byb2ZpbGkiLCJzZXR0aW5ncyI6eyJiZWZvcmUiOiIiLCJhZnRlciI6IiIsImVuYWJsZV9odG1sIjoib2ZmIn19@&#8221; _builder_version=&#8221;4.25.1&#8243; _dynamic_attributes=&#8221;title&#8221; _module_preset=&#8221;default&#8221; title_level=&#8221;h2&#8243; title_font=&#8221;|700|||||||&#8221; title_text_align=&#8221;center&#8221; global_colors_info=&#8221;{}&#8221;][\/et_pb_heading][\/et_pb_column][\/et_pb_row][et_pb_row _builder_version=&#8221;4.25.1&#8243; _module_preset=&#8221;default&#8221; width=&#8221;100%&#8221; global_colors_info=&#8221;{}&#8221;][et_pb_column type=&#8221;4_4&#8243; _builder_version=&#8221;4.25.1&#8243; _module_preset=&#8221;default&#8221; global_colors_info=&#8221;{}&#8221;][et_pb_filterable_portfolio fullwidth=&#8221;off&#8221; posts_number=&#8221;100&#8243; include_categories=&#8221;40,41,42,43&#8243; _builder_version=&#8221;4.25.2&#8243; _module_preset=&#8221;default&#8221; box_shadow_style_image=&#8221;preset3&#8243; box_shadow_vertical_image=&#8221;5px&#8221; box_shadow_blur_image=&#8221;10px&#8221; global_colors_info=&#8221;{}&#8221;][\/et_pb_filterable_portfolio][\/et_pb_column][\/et_pb_row][\/et_pb_section]<\/p>\n","protected":false},"excerpt":{"rendered":"<p>Profile Smart Clip do O\u015bwietlenia LED to innowacyjne rozwi\u0105zania zaprojektowane w celu uproszczenia monta\u017cu i konserwacji ta\u015bm LED. Wykonane z wysokiej jako\u015bci materia\u0142\u00f3w, takich jak Poliw\u0119glan (PC) i Polimetakrylan Metylu (PMMA), profile te s\u0105 dost\u0119pne w r\u00f3\u017cnych wyko\u0144czeniach powierzchni: przezroczyste, opalowe, satynowe, kolorowe, koekstrudowane oraz w wersji Black &amp; White. Pr\u00f3bki s\u0105 dost\u0119pne na \u017cyczenie, aby umo\u017cliwi\u0107 bezpo\u015bredni\u0105 ocen\u0119 r\u00f3\u017cnych opcji. Monta\u017c Bez \u015arub System Smart Clip eliminuje potrzeb\u0119 wiercenia w aluminium i stosowania \u015brub do monta\u017cu, skracaj\u0105c czas i z\u0142o\u017cono\u015b\u0107 instalacji. Precyzyjne Mocowanie Dzi\u0119ki prowadnicom w geometrii profilu, zaczep z poliw\u0119glanu zapewnia precyzyjne dopasowanie za ka\u017cdym razem, u\u0142atwiaj\u0105c perfekcyjny monta\u017c. \u0141atwa Konserwacja Wymiana ta\u015bm LED jest prosta i szybka, pozwalaj\u0105c na \u0142atwe odpi\u0119cie i ponowne zamontowanie LED. Aby pom\u00f3c Ci wybra\u0107 rozwi\u0105zanie najlepiej dopasowane do Twoich potrzeb, oferujemy pr\u00f3bki naszych profili na \u017cyczenie. Pozwoli to bezpo\u015brednio oceni\u0107 dost\u0119pne w\u0142a\u015bciwo\u015bci i wyko\u0144czenia, upewniaj\u0105c si\u0119, \u017ce wybierasz idealny profil do swojego projektu. Profile Smart Clip do o\u015bwietlenia LED firmy PTH Group znajduj\u0105 zastosowanie w szerokiej gamie sektor\u00f3w, w tym: O\u015bwietlenie Komercyjne O\u015bwietlenie Sklep\u00f3w: Poprawiaj\u0105 estetyk\u0119 i wydajno\u015b\u0107 \u015bwietln\u0105 w \u015brodowiskach detalicznych. Biura: Tworz\u0105 r\u00f3wnomierne i przyjemne o\u015bwietlenie w przestrzeniach roboczych. O\u015bwietlenie Mieszkaniowe O\u015bwietlenie Wewn\u0119trzne: Idealne do instalacji w kuchniach, salonach i [&hellip;]<\/p>\n","protected":false},"author":1,"featured_media":0,"parent":306030,"menu_order":0,"comment_status":"closed","ping_status":"closed","template":"","meta":{"_acf_changed":false,"_et_pb_use_builder":"on","_et_pb_old_content":"","_et_gb_content_width":"","footnotes":""},"class_list":["post-309519","page","type-page","status-publish","hentry"],"acf":[],"_links":{"self":[{"href":"https:\/\/www.pth-group.com\/pl\/wp-json\/wp\/v2\/pages\/309519","targetHints":{"allow":["GET"]}}],"collection":[{"href":"https:\/\/www.pth-group.com\/pl\/wp-json\/wp\/v2\/pages"}],"about":[{"href":"https:\/\/www.pth-group.com\/pl\/wp-json\/wp\/v2\/types\/page"}],"author":[{"embeddable":true,"href":"https:\/\/www.pth-group.com\/pl\/wp-json\/wp\/v2\/users\/1"}],"replies":[{"embeddable":true,"href":"https:\/\/www.pth-group.com\/pl\/wp-json\/wp\/v2\/comments?post=309519"}],"version-history":[{"count":0,"href":"https:\/\/www.pth-group.com\/pl\/wp-json\/wp\/v2\/pages\/309519\/revisions"}],"up":[{"embeddable":true,"href":"https:\/\/www.pth-group.com\/pl\/wp-json\/wp\/v2\/pages\/306030"}],"wp:attachment":[{"href":"https:\/\/www.pth-group.com\/pl\/wp-json\/wp\/v2\/media?parent=309519"}],"curies":[{"name":"wp","href":"https:\/\/api.w.org\/{rel}","templated":true}]}}