{"id":314374,"date":"2025-10-13T16:11:25","date_gmt":"2025-10-13T15:11:25","guid":{"rendered":"https:\/\/www.pth-group.com\/?page_id=314374"},"modified":"2026-01-07T11:53:24","modified_gmt":"2026-01-07T10:53:24","slug":"profile-z-pmma-i-z-poliweglanu","status":"publish","type":"page","link":"https:\/\/www.pth-group.com\/pl\/produkty\/profile-z-tworzyw-sztucznych\/profile-z-pmma-i-z-poliweglanu\/","title":{"rendered":"Profile z PMMA i z Poliw\u0119glanu"},"content":{"rendered":"<p>[et_pb_section fb_built=&#8221;1&#8243; _builder_version=&#8221;4.25.1&#8243; _module_preset=&#8221;default&#8221; custom_padding=&#8221;0px||0px||false|false&#8221; global_module=&#8221;314260&#8243; collapsed=&#8221;off&#8221; global_colors_info=&#8221;{}&#8221;][et_pb_row _builder_version=&#8221;4.25.1&#8243; _module_preset=&#8221;default&#8221; width=&#8221;100%&#8221; custom_padding=&#8221;0px||||false|false&#8221; global_colors_info=&#8221;{}&#8221;][et_pb_column type=&#8221;4_4&#8243; _builder_version=&#8221;4.25.1&#8243; _module_preset=&#8221;default&#8221; global_colors_info=&#8221;{}&#8221;][et_pb_text _builder_version=&#8221;4.27.0&#8243; _module_preset=&#8221;default&#8221; global_colors_info=&#8221;{}&#8221;]PTH GROUP wyt\u0142acza profile z POLIW\u0118GLANU i PMMA (polimetakrylan metylu), oferuj\u0105c r\u00f3\u017cnorodne wyko\u0144czenia, kt\u00f3re spe\u0142niaj\u0105 zr\u00f3\u017cnicowane wymagania estetyczne i funkcjonalne stawiane przez \u015bwiatowy rynek. Dzi\u0119ki naszej zaawansowanej technologii i mo\u017cliwo\u015bciom personalizacji, jeste\u015bmy w stanie dostarcza\u0107 profile o specyficznych powierzchniach, gwarantuj\u0105c wysok\u0105 jako\u015b\u0107 i doskona\u0142e osi\u0105gi dla ka\u017cdej aplikacji.[\/et_pb_text][et_pb_heading title=&#8221;Dost\u0119pne Pr\u00f3bki&#8221; _builder_version=&#8221;4.25.2&#8243; _module_preset=&#8221;default&#8221; title_level=&#8221;h3&#8243; title_font=&#8221;|700|||||||&#8221; global_colors_info=&#8221;{}&#8221;][\/et_pb_heading][et_pb_text _builder_version=&#8221;4.25.2&#8243; _module_preset=&#8221;default&#8221; global_colors_info=&#8221;{}&#8221;]Aby pom\u00f3c Ci wybra\u0107 rozwi\u0105zanie najlepiej dopasowane do Twoich potrzeb, oferujemy pr\u00f3bki naszych profili na \u017cyczenie. Pozwoli to bezpo\u015brednio oceni\u0107 dost\u0119pne w\u0142a\u015bciwo\u015bci i wyko\u0144czenia, upewniaj\u0105c si\u0119, \u017ce wybierasz idealny profil do swojego projektu.[\/et_pb_text][et_pb_heading title=&#8221;Typowe Zastosowania&#8221; _builder_version=&#8221;4.25.2&#8243; _module_preset=&#8221;default&#8221; title_level=&#8221;h3&#8243; title_font=&#8221;|700|||||||&#8221; global_colors_info=&#8221;{}&#8221;][\/et_pb_heading][et_pb_text _builder_version=&#8221;4.27.0&#8243; _module_preset=&#8221;default&#8221; global_colors_info=&#8221;{}&#8221;]Profile PMMA i poliw\u0119glanowe firmy PTH Group znajduj\u0105 zastosowanie w wielu sektorach, w tym:<\/p>\n<ul>\n<li><strong>O\u015bwietlenie <\/strong> Os\u0142ony do lamp, dyfuzory \u015bwiat\u0142a i elementy do opraw o\u015bwietleniowych.<\/li>\n<li><strong>Wzornictwo Przemys\u0142owe<\/strong> Elementy konstrukcyjne i dekoracyjne do mebli, wystaw i stoisk targowych.<\/li>\n<li><strong>Architektura<\/strong> Elewacje, przegrody i rozwi\u0105zania projektowe do wn\u0119trz i na zewn\u0105trz.<\/li>\n<\/ul>\n<p>[\/et_pb_text][et_pb_button button_url=&#8221;#catalogo&#8221; button_text=&#8221;Zobacz katalog&#8221; button_alignment=&#8221;left&#8221; _builder_version=&#8221;4.25.1&#8243; _module_preset=&#8221;default&#8221; custom_button=&#8221;on&#8221; button_text_size=&#8221;14px&#8221; button_text_color=&#8221;#000000&#8243; button_bg_color=&#8221;#EBECED&#8221; button_border_width=&#8221;2px&#8221; button_border_color=&#8221;rgba(0,0,0,0.52)&#8221; button_border_radius=&#8221;20px&#8221; button_font=&#8221;|300||on|||||&#8221; button_icon_color=&#8221;#000000&#8243; button_icon_placement=&#8221;left&#8221; button_on_hover=&#8221;off&#8221; position_origin_a=&#8221;bottom_center&#8221; vertical_offset=&#8221;20px&#8221; global_colors_info=&#8221;{}&#8221;][\/et_pb_button][\/et_pb_column][\/et_pb_row][\/et_pb_section][et_pb_section fb_built=&#8221;1&#8243; _builder_version=&#8221;4.25.1&#8243; _module_preset=&#8221;default&#8221; global_module=&#8221;314261&#8243; collapsed=&#8221;off&#8221; global_colors_info=&#8221;{}&#8221;][et_pb_row _builder_version=&#8221;4.25.1&#8243; _module_preset=&#8221;default&#8221; width=&#8221;100%&#8221; global_colors_info=&#8221;{}&#8221;][et_pb_column type=&#8221;4_4&#8243; _builder_version=&#8221;4.25.1&#8243; _module_preset=&#8221;default&#8221; global_colors_info=&#8221;{}&#8221;][et_pb_heading title=&#8221;Dost\u0119pne Powierzchnie dla Profili z PMMA i Poliw\u0119glanu&#8221; _builder_version=&#8221;4.25.1&#8243; _module_preset=&#8221;default&#8221; title_level=&#8221;h2&#8243; title_font=&#8221;|700|||||||&#8221; title_text_align=&#8221;center&#8221; global_colors_info=&#8221;{}&#8221;][\/et_pb_heading][difl_iconlist list_view_type=&#8221;inline&#8221; list_item_content_max_width=&#8221;100%&#8221; list_item_per_column_tablet=&#8221;1&#8243; list_item_per_column_phone=&#8221;1&#8243; list_item_per_column_last_edited=&#8221;on|phone&#8221; _builder_version=&#8221;4.27.0&#8243; _module_preset=&#8221;default&#8221; global_colors_info=&#8221;{}&#8221;][difl_iconlistitem list_item_title=&#8221;Przezroczysty&#8221; _builder_version=&#8221;4.27.0&#8243; global_colors_info=&#8221;{}&#8221;]Idealny do zastosowa\u0144 wymagaj\u0105cych maksymalnej przezroczysto\u015bci i widoczno\u015bci.[\/difl_iconlistitem][difl_iconlistitem list_item_title=&#8221;Opal&#8221; _builder_version=&#8221;4.25.1&#8243; global_colors_info=&#8221;{}&#8221;]Doskona\u0142y do r\u00f3wnomiernego rozpraszania \u015bwiat\u0142a, zmniejszania ol\u015bnie\u0144 i tworzenia mi\u0119kkiego, przyjemnego o\u015bwietlenia.[\/difl_iconlistitem][difl_iconlistitem list_item_title=&#8221;Satynowy&#8221; _builder_version=&#8221;4.25.1&#8243; global_colors_info=&#8221;{}&#8221;]Oferuje eleganckie i nowoczesne wyko\u0144czenie, \u0142\u0105cz\u0105c przezroczysto\u015b\u0107 i matowo\u015b\u0107 dla uzyskania unikalnego efektu wizualnego.[\/difl_iconlistitem][difl_iconlistitem list_item_title=&#8221;Kolorowy&#8221; admin_label=&#8221;List item&#8221; _builder_version=&#8221;4.25.1&#8243; _module_preset=&#8221;default&#8221; global_colors_info=&#8221;{}&#8221;]Dost\u0119pny w szerokiej gamie kolor\u00f3w, aby dopasowa\u0107 si\u0119 do specyficznych wymaga\u0144 estetycznych projekt\u00f3w.[\/difl_iconlistitem][difl_iconlistitem list_item_title=&#8221;Koekstrudowany&#8221; admin_label=&#8221;List item&#8221; _builder_version=&#8221;4.25.1&#8243; _module_preset=&#8221;default&#8221; global_colors_info=&#8221;{}&#8221;]Zapewnia po\u0142\u0105czenie r\u00f3\u017cnych materia\u0142\u00f3w w jednym profilu, oferuj\u0105c unikalne w\u0142a\u015bciwo\u015bci, takie jak dodatkowa wytrzyma\u0142o\u015b\u0107 lub specjalne efekty estetyczne.[\/difl_iconlistitem][difl_iconlistitem list_item_title=&#8221;Black &amp; White&#8221; admin_label=&#8221;List item&#8221; _builder_version=&#8221;4.25.1&#8243; _module_preset=&#8221;default&#8221; global_colors_info=&#8221;{}&#8221;]Idealny do nowoczesnych projekt\u00f3w, gdzie wymagane s\u0105 mocne, wyra\u017ane kontrasty.[\/difl_iconlistitem][\/difl_iconlist][\/et_pb_column][\/et_pb_row][\/et_pb_section][et_pb_section fb_built=&#8221;1&#8243; disabled_on=&#8221;off|off|off&#8221; module_id=&#8221;catalogo&#8221; _builder_version=&#8221;4.27.4&#8243; _module_preset=&#8221;default&#8221; custom_padding=&#8221;0px||0px||false|false&#8221; saved_tabs=&#8221;all&#8221; collapsed=&#8221;off&#8221; global_colors_info=&#8221;{}&#8221;][et_pb_row _builder_version=&#8221;4.25.1&#8243; _module_preset=&#8221;default&#8221; width=&#8221;100%&#8221; global_colors_info=&#8221;{}&#8221;][et_pb_column type=&#8221;4_4&#8243; _builder_version=&#8221;4.25.1&#8243; _module_preset=&#8221;default&#8221; global_colors_info=&#8221;{}&#8221;][et_pb_heading title=&#8221;@ET-DC@eyJkeW5hbWljIjp0cnVlLCJjb250ZW50IjoiY3VzdG9tX21ldGFfdGl0b2xvX2NhdGFsb2dvX3BhZ2luYV9zaW5nb2xpX3Byb2ZpbGkiLCJzZXR0aW5ncyI6eyJiZWZvcmUiOiIiLCJhZnRlciI6IiIsImVuYWJsZV9odG1sIjoib2ZmIn19@&#8221; _builder_version=&#8221;4.25.1&#8243; _dynamic_attributes=&#8221;title&#8221; _module_preset=&#8221;default&#8221; title_level=&#8221;h2&#8243; title_font=&#8221;|700|||||||&#8221; title_text_align=&#8221;center&#8221; global_colors_info=&#8221;{}&#8221;][\/et_pb_heading][\/et_pb_column][\/et_pb_row][et_pb_row _builder_version=&#8221;4.25.1&#8243; _module_preset=&#8221;default&#8221; width=&#8221;100%&#8221; global_colors_info=&#8221;{}&#8221;][et_pb_column type=&#8221;4_4&#8243; _builder_version=&#8221;4.25.1&#8243; _module_preset=&#8221;default&#8221; global_colors_info=&#8221;{}&#8221;][difl_cptfilter post_type=&#8221;project&#8221; posts_number=&#8221;8&#8243; tax_for_project=&#8221;project_category&#8221; project_terms_project_category=&#8221;22,24,25,26,27,28,29,35,30,31,32,33&#8243; use_load_more=&#8221;on&#8221; use_load_more_text=&#8221;Za\u0142aduj wi\u0119cej&#8221; entire_item_clickable=&#8221;on&#8221; column=&#8221;4&#8243; equal_height=&#8221;on&#8221; load_more_align=&#8221;center&#8221; load_more_background_bgcolor=&#8221;#37BF3C&#8221; load_more_padding=&#8221;10px|20px|10px|20px|true|true&#8221; column_tablet=&#8221;2&#8243; column_phone=&#8221;1&#8243; column_last_edited=&#8221;on|phone&#8221; _builder_version=&#8221;4.27.5&#8243; _module_preset=&#8221;default&#8221; load_more_font=&#8221;|800||on|||||&#8221; load_more_text_color=&#8221;#FFFFFF&#8221; load_more_font_size=&#8221;20px&#8221; hover_enabled=&#8221;0&#8243; border_width_all_filter_buttons=&#8221;1px&#8221; border_color_all_filter_buttons=&#8221;#e2e2e2&#8243; global_colors_info=&#8221;{}&#8221; equal_height__hover=&#8221;1px||||false|false&#8221; equal_height__hover_enabled=&#8221;on|hover&#8221; filter_button_active_text_color=&#8221;#37BF3C&#8221; sticky_enabled=&#8221;0&#8243;][difl_cptitem type=&#8221;image&#8221; _builder_version=&#8221;4.27.4&#8243; _module_preset=&#8221;default&#8221; box_shadow_style=&#8221;preset3&#8243; box_shadow_vertical=&#8221;5px&#8221; box_shadow_blur=&#8221;10px&#8221; global_colors_info=&#8221;{}&#8221;][\/difl_cptitem][difl_cptitem type=&#8221;title&#8221; _builder_version=&#8221;4.27.4&#8243; _module_preset=&#8221;default&#8221; body_font=&#8221;|800|||||||&#8221; body_font_size=&#8221;26px&#8221; text_orientation=&#8221;center&#8221; global_colors_info=&#8221;{}&#8221;][\/difl_cptitem][difl_cptitem type=&#8221;taxonomy&#8221; post_type=&#8221;project&#8221; tax_for_project=&#8221;project_category&#8221; _builder_version=&#8221;4.27.4&#8243; _module_preset=&#8221;default&#8221; body_text_color=&#8221;#666666&#8243; text_orientation=&#8221;left&#8221; global_colors_info=&#8221;{}&#8221;][\/difl_cptitem][\/difl_cptfilter][\/et_pb_column][\/et_pb_row][\/et_pb_section]<\/p>\n","protected":false},"excerpt":{"rendered":"<p>PTH GROUP wyt\u0142acza profile z POLIW\u0118GLANU i PMMA (polimetakrylan metylu), oferuj\u0105c r\u00f3\u017cnorodne wyko\u0144czenia, kt\u00f3re spe\u0142niaj\u0105 zr\u00f3\u017cnicowane wymagania estetyczne i funkcjonalne stawiane przez \u015bwiatowy rynek. Dzi\u0119ki naszej zaawansowanej technologii i mo\u017cliwo\u015bciom personalizacji, jeste\u015bmy w stanie dostarcza\u0107 profile o specyficznych powierzchniach, gwarantuj\u0105c wysok\u0105 jako\u015b\u0107 i doskona\u0142e osi\u0105gi dla ka\u017cdej aplikacji.Aby pom\u00f3c Ci wybra\u0107 rozwi\u0105zanie najlepiej dopasowane do Twoich potrzeb, oferujemy pr\u00f3bki naszych profili na \u017cyczenie. Pozwoli to bezpo\u015brednio oceni\u0107 dost\u0119pne w\u0142a\u015bciwo\u015bci i wyko\u0144czenia, upewniaj\u0105c si\u0119, \u017ce wybierasz idealny profil do swojego projektu.Profile PMMA i poliw\u0119glanowe firmy PTH Group znajduj\u0105 zastosowanie w wielu sektorach, w tym: O\u015bwietlenie Os\u0142ony do lamp, dyfuzory \u015bwiat\u0142a i elementy do opraw o\u015bwietleniowych. Wzornictwo Przemys\u0142owe Elementy konstrukcyjne i dekoracyjne do mebli, wystaw i stoisk targowych. Architektura Elewacje, przegrody i rozwi\u0105zania projektowe do wn\u0119trz i na zewn\u0105trz. <div class=\"et_pb_module difl_iconlist difl_iconlist_0\">\n\t\t\t\t\n\t\t\t\t\n\t\t\t\t\n\t\t\t\t\n\t\t\t\t\n\t\t\t\t\n\t\t\t\t<div class=\"et_pb_module_inner\">\n\t\t\t\t\t<div class=\"difl_iconlist_notice\">Add one or more list items.<\/div>\n\t\t\t\t<\/div>\n\t\t\t<\/div><li class=\"et_pb_module difl_iconlistitem difl_iconlistitem_0\">\n\t\t\t\t\n\t\t\t\t\n\t\t\t\t\n\t\t\t\t\n\t\t\t\t\n\t\t\t\t\n\t\t\t\t<div class=\"et_pb_module_inner\">\n\t\t\t\t\t<span class=\"item-elements et_pb_with_background\">\n                    <span class=\"item-elements-group\"><span class=\"difl_icon_item_container\"><span class=\"difl_icon_item_icon_wrapper\"><span class=\"icon-element\"><span class=\"et-pb-icon difl_list_icon\">N<\/span><\/span><\/span> <span class=\"difl_icon_item_content_wrapper\"><h4 class=\"difl_icon_item_header et_pb_with_background\"><span>Przezroczysty<\/span><\/h4><span class=\"difl_icon_item_body et_pb_with_background\">Idealny do zastosowa\u0144 wymagaj\u0105cych maksymalnej przezroczysto\u015bci i widoczno\u015bci.<\/span><\/span><\/span><\/span>\n                    <span class=\"item-tooltip-data\" style=\"display:none\"><\/span>\n                <\/span>\n\t\t\t\t<\/div>\n\t\t\t<\/li><li class=\"et_pb_module difl_iconlistitem difl_iconlistitem_1\">\n\t\t\t\t\n\t\t\t\t\n\t\t\t\t\n\t\t\t\t\n\t\t\t\t\n\t\t\t\t\n\t\t\t\t<div class=\"et_pb_module_inner\">\n\t\t\t\t\t<span class=\"item-elements et_pb_with_background\">\n                    <span class=\"item-elements-group\"><span class=\"difl_icon_item_container\"><span class=\"difl_icon_item_icon_wrapper\"><span class=\"icon-element\"><span class=\"et-pb-icon difl_list_icon\">N<\/span><\/span><\/span> <span class=\"difl_icon_item_content_wrapper\"><h4 class=\"difl_icon_item_header et_pb_with_background\"><span>Opal<\/span><\/h4><span class=\"difl_icon_item_body et_pb_with_background\">Doskona\u0142y do r\u00f3wnomiernego rozpraszania \u015bwiat\u0142a, zmniejszania ol\u015bnie\u0144 i tworzenia mi\u0119kkiego, przyjemnego o\u015bwietlenia.<\/span><\/span><\/span><\/span>\n                    <span class=\"item-tooltip-data\" style=\"display:none\"><\/span>\n                <\/span>\n\t\t\t\t<\/div>\n\t\t\t<\/li><li class=\"et_pb_module difl_iconlistitem difl_iconlistitem_2\">\n\t\t\t\t\n\t\t\t\t\n\t\t\t\t\n\t\t\t\t\n\t\t\t\t\n\t\t\t\t\n\t\t\t\t<div class=\"et_pb_module_inner\">\n\t\t\t\t\t<span class=\"item-elements et_pb_with_background\">\n                    <span class=\"item-elements-group\"><span class=\"difl_icon_item_container\"><span class=\"difl_icon_item_icon_wrapper\"><span class=\"icon-element\"><span class=\"et-pb-icon difl_list_icon\">N<\/span><\/span><\/span> <span class=\"difl_icon_item_content_wrapper\"><h4 class=\"difl_icon_item_header et_pb_with_background\"><span>Satynowy<\/span><\/h4><span class=\"difl_icon_item_body et_pb_with_background\">Oferuje eleganckie i nowoczesne wyko\u0144czenie, \u0142\u0105cz\u0105c przezroczysto\u015b\u0107 i matowo\u015b\u0107 dla uzyskania unikalnego efektu wizualnego.<\/span><\/span><\/span><\/span>\n                    <span class=\"item-tooltip-data\" style=\"display:none\"><\/span>\n                <\/span>\n\t\t\t\t<\/div>\n\t\t\t<\/li><li class=\"et_pb_module difl_iconlistitem difl_iconlistitem_3\">\n\t\t\t\t\n\t\t\t\t\n\t\t\t\t\n\t\t\t\t\n\t\t\t\t\n\t\t\t\t\n\t\t\t\t<div class=\"et_pb_module_inner\">\n\t\t\t\t\t<span class=\"item-elements et_pb_with_background\">\n                    <span class=\"item-elements-group\"><span class=\"difl_icon_item_container\"><span class=\"difl_icon_item_icon_wrapper\"><span class=\"icon-element\"><span class=\"et-pb-icon difl_list_icon\">N<\/span><\/span><\/span> <span class=\"difl_icon_item_content_wrapper\"><h4 class=\"difl_icon_item_header et_pb_with_background\"><span>Kolorowy<\/span><\/h4><span class=\"difl_icon_item_body et_pb_with_background\">Dost\u0119pny w szerokiej gamie kolor\u00f3w, aby dopasowa\u0107 si\u0119 do specyficznych wymaga\u0144 estetycznych projekt\u00f3w.<\/span><\/span><\/span><\/span>\n                    <span class=\"item-tooltip-data\" style=\"display:none\"><\/span>\n                <\/span>\n\t\t\t\t<\/div>\n\t\t\t<\/li><li class=\"et_pb_module difl_iconlistitem difl_iconlistitem_4\">\n\t\t\t\t\n\t\t\t\t\n\t\t\t\t\n\t\t\t\t\n\t\t\t\t\n\t\t\t\t\n\t\t\t\t<div class=\"et_pb_module_inner\">\n\t\t\t\t\t<span class=\"item-elements et_pb_with_background\">\n                    <span class=\"item-elements-group\"><span class=\"difl_icon_item_container\"><span class=\"difl_icon_item_icon_wrapper\"><span class=\"icon-element\"><span class=\"et-pb-icon difl_list_icon\">N<\/span><\/span><\/span> <span class=\"difl_icon_item_content_wrapper\"><h4 class=\"difl_icon_item_header et_pb_with_background\"><span>Koekstrudowany<\/span><\/h4><\/span><\/span><\/span>\n                    <span class=\"item-tooltip-data\" style=\"display:none\"><\/span>\n                <\/span>\n\t\t\t\t<\/div>\n\t\t\t<\/li>Zapewnia [&hellip;]<\/p>\n","protected":false},"author":1,"featured_media":0,"parent":306030,"menu_order":0,"comment_status":"closed","ping_status":"closed","template":"","meta":{"_acf_changed":false,"_et_pb_use_builder":"on","_et_pb_old_content":"","_et_gb_content_width":"","footnotes":""},"class_list":["post-314374","page","type-page","status-publish","hentry"],"acf":[],"_links":{"self":[{"href":"https:\/\/www.pth-group.com\/pl\/wp-json\/wp\/v2\/pages\/314374","targetHints":{"allow":["GET"]}}],"collection":[{"href":"https:\/\/www.pth-group.com\/pl\/wp-json\/wp\/v2\/pages"}],"about":[{"href":"https:\/\/www.pth-group.com\/pl\/wp-json\/wp\/v2\/types\/page"}],"author":[{"embeddable":true,"href":"https:\/\/www.pth-group.com\/pl\/wp-json\/wp\/v2\/users\/1"}],"replies":[{"embeddable":true,"href":"https:\/\/www.pth-group.com\/pl\/wp-json\/wp\/v2\/comments?post=314374"}],"version-history":[{"count":0,"href":"https:\/\/www.pth-group.com\/pl\/wp-json\/wp\/v2\/pages\/314374\/revisions"}],"up":[{"embeddable":true,"href":"https:\/\/www.pth-group.com\/pl\/wp-json\/wp\/v2\/pages\/306030"}],"wp:attachment":[{"href":"https:\/\/www.pth-group.com\/pl\/wp-json\/wp\/v2\/media?parent=314374"}],"curies":[{"name":"wp","href":"https:\/\/api.w.org\/{rel}","templated":true}]}}